{"id":750,"date":"2023-11-17T11:59:12","date_gmt":"2023-11-17T10:59:12","guid":{"rendered":"https:\/\/cabauhotels.com\/calador-staging\/reservas\/"},"modified":"2026-04-02T11:26:59","modified_gmt":"2026-04-02T09:26:59","slug":"reservas","status":"publish","type":"page","link":"https:\/\/cabauhotels.com\/altair-suites\/es\/reservas\/","title":{"rendered":"Reservas"},"content":{"rendered":"\t\t<div data-elementor-type=\"wp-page\" data-elementor-id=\"750\" class=\"elementor elementor-750 elementor-290 elementor-bc-flex-widget\" data-elementor-post-type=\"page\">\n\t\t\t\t\t\t<section class=\"elementor-section elementor-top-section elementor-element elementor-element-a6fc5cf elementor-section-boxed elementor-section-height-default elementor-section-height-default\" data-id=\"a6fc5cf\" data-element_type=\"section\" data-e-type=\"section\" data-settings=\"{&quot;background_background&quot;:&quot;classic&quot;}\">\n\t\t\t\t\t\t\t<div class=\"elementor-background-overlay\"><\/div>\n\t\t\t\t\t\t\t<div class=\"elementor-container elementor-column-gap-default\">\n\t\t\t\t\t<div class=\"elementor-column elementor-col-100 elementor-top-column elementor-element elementor-element-f91d14a\" data-id=\"f91d14a\" data-element_type=\"column\" data-e-type=\"column\">\n\t\t\t<div class=\"elementor-widget-wrap elementor-element-populated\">\n\t\t\t\t\t\t<div class=\"elementor-element elementor-element-28555b4 elementor-widget elementor-widget-heading\" data-id=\"28555b4\" data-element_type=\"widget\" data-e-type=\"widget\" data-widget_type=\"heading.default\">\n\t\t\t\t<div class=\"elementor-widget-container\">\n\t\t\t\t\t<h1 class=\"elementor-heading-title elementor-size-default\">Reserva tu Suite<\/h1>\t\t\t\t<\/div>\n\t\t\t\t<\/div>\n\t\t\t\t\t<\/div>\n\t\t<\/div>\n\t\t\t\t\t<\/div>\n\t\t<\/section>\n\t\t<div class=\"elementor-element elementor-element-6dd10e2 e-flex e-con-boxed e-con e-parent\" data-id=\"6dd10e2\" data-element_type=\"container\" data-e-type=\"container\">\n\t\t\t\t\t<div class=\"e-con-inner\">\n\t\t\t\t<div class=\"elementor-element elementor-element-6b3e935 elementor-widget elementor-widget-html\" data-id=\"6b3e935\" data-element_type=\"widget\" data-e-type=\"widget\" data-widget_type=\"html.default\">\n\t\t\t\t<div class=\"elementor-widget-container\">\n\t\t\t\t\t<div id=\"neo-mask-widget\"><\/div>\n\t\t\t\t<\/div>\n\t\t\t\t<\/div>\n\t\t\t\t\t<\/div>\n\t\t\t\t<\/div>\n\t\t\t\t<section class=\"elementor-section elementor-top-section elementor-element elementor-element-d360467 elementor-section-boxed elementor-section-height-default elementor-section-height-default\" data-id=\"d360467\" data-element_type=\"section\" data-e-type=\"section\">\n\t\t\t\t\t\t<div class=\"elementor-container elementor-column-gap-default\">\n\t\t\t\t\t<div class=\"elementor-column elementor-col-100 elementor-top-column elementor-element elementor-element-0d3ce0c\" data-id=\"0d3ce0c\" data-element_type=\"column\" data-e-type=\"column\">\n\t\t\t<div class=\"elementor-widget-wrap elementor-element-populated\">\n\t\t\t\t\t\t<div class=\"elementor-element elementor-element-4acae52 elementor-widget elementor-widget-heading\" data-id=\"4acae52\" data-element_type=\"widget\" data-e-type=\"widget\" data-widget_type=\"heading.default\">\n\t\t\t\t<div class=\"elementor-widget-container\">\n\t\t\t\t\t<h2 class=\"elementor-heading-title elementor-size-default\">\u00bfPorqu\u00e9 reservar directamente con nosotros?<\/h2>\t\t\t\t<\/div>\n\t\t\t\t<\/div>\n\t\t\t\t<div class=\"elementor-element elementor-element-907c0fa elementor-widget elementor-widget-image\" data-id=\"907c0fa\" data-element_type=\"widget\" data-e-type=\"widget\" data-widget_type=\"image.default\">\n\t\t\t\t<div class=\"elementor-widget-container\">\n\t\t\t\t\t\t\t\t\t\t\t\t\t\t\t<img fetchpriority=\"high\" decoding=\"async\" width=\"779\" height=\"301\" src=\"https:\/\/cabauhotels.com\/altair-suites\/wp-content\/uploads\/sites\/4\/2026\/04\/cabau-circle-dorado.webp\" class=\"attachment-large size-large wp-image-1374\" alt=\"\" srcset=\"https:\/\/cabauhotels.com\/altair-suites\/wp-content\/uploads\/sites\/4\/2026\/04\/cabau-circle-dorado.webp 779w, https:\/\/cabauhotels.com\/altair-suites\/wp-content\/uploads\/sites\/4\/2026\/04\/cabau-circle-dorado-300x116.webp 300w, https:\/\/cabauhotels.com\/altair-suites\/wp-content\/uploads\/sites\/4\/2026\/04\/cabau-circle-dorado-768x297.webp 768w\" sizes=\"(max-width: 779px) 100vw, 779px\" \/>\t\t\t\t\t\t\t\t\t\t\t\t\t\t\t<\/div>\n\t\t\t\t<\/div>\n\t\t\t\t<section class=\"elementor-section elementor-inner-section elementor-element elementor-element-7da7fd4 elementor-section-boxed elementor-section-height-default elementor-section-height-default\" data-id=\"7da7fd4\" data-element_type=\"section\" data-e-type=\"section\">\n\t\t\t\t\t\t<div class=\"elementor-container elementor-column-gap-no\">\n\t\t\t\t\t<div class=\"elementor-column elementor-col-50 elementor-inner-column elementor-element elementor-element-cfb1ac4\" data-id=\"cfb1ac4\" data-element_type=\"column\" data-e-type=\"column\">\n\t\t\t<div class=\"elementor-widget-wrap elementor-element-populated\">\n\t\t\t\t\t\t<div class=\"elementor-element elementor-element-5c8963d elementor-widget elementor-widget-text-editor\" data-id=\"5c8963d\" data-element_type=\"widget\" data-e-type=\"widget\" data-widget_type=\"text-editor.default\">\n\t\t\t\t<div class=\"elementor-widget-container\">\n\t\t\t\t\t\t\t\t\t<h4><strong>Mejor Precio Garantizado<\/strong><\/h4>\n<p>Si encuentras un precio m\u00e1s bajo en otro lugar, te garantizamos igualarlo o incluso ofrecerte un precio a\u00fan mejor. Puedes estar seguro de que siempre obtendr\u00e1s el mejor trato cuando reserves directamente con nosotros. <\/p>\n\t\t\t\t\t\t\t\t<\/div>\n\t\t\t\t<\/div>\n\t\t\t\t<div class=\"elementor-element elementor-element-33b70c8 elementor-widget elementor-widget-text-editor\" data-id=\"33b70c8\" data-element_type=\"widget\" data-e-type=\"widget\" data-widget_type=\"text-editor.default\">\n\t\t\t\t<div class=\"elementor-widget-container\">\n\t\t\t\t\t\t\t\t\t<h4><strong>Early Check-in sujeto a disponibilidad<\/strong><\/h4>\n<p>Haremos todo lo posible, para ofrecerte un early check-in a tu llegada seg\u00fan disponibilidad. Sujeto a disponibilidad.<\/p>\t\t\t\t\t\t\t\t<\/div>\n\t\t\t\t<\/div>\n\t\t\t\t<div class=\"elementor-element elementor-element-a18b097 elementor-widget elementor-widget-text-editor\" data-id=\"a18b097\" data-element_type=\"widget\" data-e-type=\"widget\" data-widget_type=\"text-editor.default\">\n\t\t\t\t<div class=\"elementor-widget-container\">\n\t\t\t\t\t\t\t\t\t<h4><strong>Late Check-out sujeto a disponibilidad<\/strong><\/h4>\n<p>Este servicio te brinda la flexibilidad de quedarte en tu habitaci\u00f3n y disfrutar de las comodidades por un per\u00edodo extendido m\u00e1s all\u00e1 del horario de check-out convencional.<\/p>\n\t\t\t\t\t\t\t\t<\/div>\n\t\t\t\t<\/div>\n\t\t\t\t\t<\/div>\n\t\t<\/div>\n\t\t\t\t<div class=\"elementor-column elementor-col-50 elementor-inner-column elementor-element elementor-element-71fb43c\" data-id=\"71fb43c\" data-element_type=\"column\" data-e-type=\"column\">\n\t\t\t<div class=\"elementor-widget-wrap elementor-element-populated\">\n\t\t\t\t\t\t<div class=\"elementor-element elementor-element-2ae0ed7 elementor-widget elementor-widget-text-editor\" data-id=\"2ae0ed7\" data-element_type=\"widget\" data-e-type=\"widget\" data-widget_type=\"text-editor.default\">\n\t\t\t\t<div class=\"elementor-widget-container\">\n\t\t\t\t\t\t\t\t\t<h4><strong>Descuentos Exclusivos<\/strong><\/h4>\n<p>Los miembros de Cabau Rewards* disfrutan de descuentos especiales en sus reservas, lo que significa que puedes ahorrar a\u00fan m\u00e1s mientras disfrutas de la calidad excepcional de nuestros servicios.<\/p>\n\t\t\t\t\t\t\t\t<\/div>\n\t\t\t\t<\/div>\n\t\t\t\t<div class=\"elementor-element elementor-element-6391d4d elementor-widget elementor-widget-text-editor\" data-id=\"6391d4d\" data-element_type=\"widget\" data-e-type=\"widget\" data-widget_type=\"text-editor.default\">\n\t\t\t\t<div class=\"elementor-widget-container\">\n\t\t\t\t\t\t\t\t\t<h4><strong>Ofertas y Promociones Privadas<\/strong><\/h4>\n<p>Te mantendremos actualizado con ofertas exclusivas, paquetes especiales y promociones que solo nuestros miembros pueden disfrutar.<\/p>\n\t\t\t\t\t\t\t\t<\/div>\n\t\t\t\t<\/div>\n\t\t\t\t<div class=\"elementor-element elementor-element-9251d11 elementor-widget elementor-widget-text-editor\" data-id=\"9251d11\" data-element_type=\"widget\" data-e-type=\"widget\" data-widget_type=\"text-editor.default\">\n\t\t\t\t<div class=\"elementor-widget-container\">\n\t\t\t\t\t\t\t\t\t<h4><strong>Trato Personalizado<\/strong><\/h4>\n<p>Creemos que cada cliente es \u00fanico. Los miembros de Cabau Rewards* reciben un trato VIP, con detalles personalizados y prioridad en las solicitudes especiales.<\/p>\n\t\t\t\t\t\t\t\t<\/div>\n\t\t\t\t<\/div>\n\t\t\t\t\t<\/div>\n\t\t<\/div>\n\t\t\t\t\t<\/div>\n\t\t<\/section>\n\t\t\t\t<div class=\"elementor-element elementor-element-e9b0dc3 elementor-widget elementor-widget-text-editor\" data-id=\"e9b0dc3\" data-element_type=\"widget\" data-e-type=\"widget\" data-widget_type=\"text-editor.default\">\n\t\t\t\t<div class=\"elementor-widget-container\">\n\t\t\t\t\t\t\t\t\t<p>* Unirte a nuestro programa de fidelizaci\u00f3n Cabau Rewards es muy sencillo. Solo tienes que hacer una reserva en nuestro establecimiento y, autom\u00e1ticamente, comenzar\u00e1s a disfrutar de los beneficios que ofrecemos a nuestros miembros. \u00a1As\u00ed de f\u00e1cil! \u00a1As\u00ed de f\u00e1cil!<\/p>\n\t\t\t\t\t\t\t\t<\/div>\n\t\t\t\t<\/div>\n\t\t\t\t\t<\/div>\n\t\t<\/div>\n\t\t\t\t\t<\/div>\n\t\t<\/section>\n\t\t\t\t<section class=\"elementor-section elementor-top-section elementor-element elementor-element-c4d6bd7 elementor-section-boxed elementor-section-height-default elementor-section-height-default\" data-id=\"c4d6bd7\" data-element_type=\"section\" data-e-type=\"section\">\n\t\t\t\t\t\t<div class=\"elementor-container elementor-column-gap-default\">\n\t\t\t\t\t<div class=\"elementor-column elementor-col-100 elementor-top-column elementor-element elementor-element-da2d7fe\" data-id=\"da2d7fe\" data-element_type=\"column\" data-e-type=\"column\">\n\t\t\t<div class=\"elementor-widget-wrap elementor-element-populated\">\n\t\t\t\t\t\t<section class=\"elementor-section elementor-inner-section elementor-element elementor-element-64c05d9 elementor-section-boxed elementor-section-height-default elementor-section-height-default\" data-id=\"64c05d9\" data-element_type=\"section\" data-e-type=\"section\" data-settings=\"{&quot;background_background&quot;:&quot;slideshow&quot;,&quot;background_slideshow_gallery&quot;:[{&quot;id&quot;:620,&quot;url&quot;:&quot;https:\\\/\\\/cabauhotels.com\\\/altair-suites\\\/wp-content\\\/uploads\\\/sites\\\/4\\\/2023\\\/09\\\/relaxing-in-the-pool-2023-02-11-00-51-55-utc-scaled.jpg&quot;}],&quot;background_slideshow_slide_transition&quot;:&quot;slide_left&quot;,&quot;background_slideshow_loop&quot;:&quot;yes&quot;,&quot;background_slideshow_slide_duration&quot;:5000,&quot;background_slideshow_transition_duration&quot;:500}\">\n\t\t\t\t\t\t<div class=\"elementor-container elementor-column-gap-default\">\n\t\t\t\t\t<div class=\"elementor-column elementor-col-50 elementor-inner-column elementor-element elementor-element-c03cad5\" data-id=\"c03cad5\" data-element_type=\"column\" data-e-type=\"column\" data-settings=\"{&quot;background_background&quot;:&quot;classic&quot;}\">\n\t\t\t<div class=\"elementor-widget-wrap elementor-element-populated\">\n\t\t\t\t\t<div class=\"elementor-background-overlay\"><\/div>\n\t\t\t\t\t\t<div class=\"elementor-element elementor-element-d932caf elementor-widget elementor-widget-heading\" data-id=\"d932caf\" data-element_type=\"widget\" data-e-type=\"widget\" data-widget_type=\"heading.default\">\n\t\t\t\t<div class=\"elementor-widget-container\">\n\t\t\t\t\t<h3 class=\"elementor-heading-title elementor-size-default\">Cabau Circle<\/h3>\t\t\t\t<\/div>\n\t\t\t\t<\/div>\n\t\t\t\t<div class=\"elementor-element elementor-element-49df5aa elementor-widget elementor-widget-text-editor\" data-id=\"49df5aa\" data-element_type=\"widget\" data-e-type=\"widget\" data-widget_type=\"text-editor.default\">\n\t\t\t\t<div class=\"elementor-widget-container\">\n\t\t\t\t\t\t\t\t\t<p>\u00a1Haz de cada visita una experiencia inolvidable! Como miembro, disfrutar\u00e1s de descuentos especiales en todas las reservas realizadas a trav\u00e9s de nuestro sitio web, tendr\u00e1s acceso anticipado a ofertas especiales y te beneficiar\u00e1s de horarios flexibles de entrada y salida, seg\u00fan disponibilidad. Reg\u00edstrate ahora y eleva tu experiencia con ventajas exclusivas<\/p>\n\t\t\t\t\t\t\t\t<\/div>\n\t\t\t\t<\/div>\n\t\t\t\t<div class=\"elementor-element elementor-element-1780650 elementor-align-left elementor-widget__width-auto elementor-widget elementor-widget-button\" data-id=\"1780650\" data-element_type=\"widget\" data-e-type=\"widget\" data-widget_type=\"button.default\">\n\t\t\t\t<div class=\"elementor-widget-container\">\n\t\t\t\t\t\t\t\t\t<div class=\"elementor-button-wrapper\">\n\t\t\t\t\t<a class=\"elementor-button elementor-button-link elementor-size-sm elementor-animation-float\" href=\"https:\/\/bookings.altairsuites.com\/es\/?nights=7\" target=\"_blank\" rel=\"noopener\">\n\t\t\t\t\t\t<span class=\"elementor-button-content-wrapper\">\n\t\t\t\t\t\t\t\t\t<span class=\"elementor-button-text\">RESERVA Y \u00daNETE AHORA<\/span>\n\t\t\t\t\t<\/span>\n\t\t\t\t\t<\/a>\n\t\t\t\t<\/div>\n\t\t\t\t\t\t\t\t<\/div>\n\t\t\t\t<\/div>\n\t\t\t\t\t<\/div>\n\t\t<\/div>\n\t\t\t\t<div class=\"elementor-column elementor-col-50 elementor-inner-column elementor-element elementor-element-ab5ef1e\" data-id=\"ab5ef1e\" data-element_type=\"column\" data-e-type=\"column\">\n\t\t\t<div class=\"elementor-widget-wrap elementor-element-populated\">\n\t\t\t\t\t\t<div class=\"elementor-element elementor-element-f037209 elementor-widget elementor-widget-spacer\" data-id=\"f037209\" data-element_type=\"widget\" data-e-type=\"widget\" data-widget_type=\"spacer.default\">\n\t\t\t\t<div class=\"elementor-widget-container\">\n\t\t\t\t\t\t\t<div class=\"elementor-spacer\">\n\t\t\t<div class=\"elementor-spacer-inner\"><\/div>\n\t\t<\/div>\n\t\t\t\t\t\t<\/div>\n\t\t\t\t<\/div>\n\t\t\t\t\t<\/div>\n\t\t<\/div>\n\t\t\t\t\t<\/div>\n\t\t<\/section>\n\t\t\t\t\t<\/div>\n\t\t<\/div>\n\t\t\t\t\t<\/div>\n\t\t<\/section>\n\t\t\t\t<\/div>\n\t\t","protected":false},"excerpt":{"rendered":"<p>Reserva tu Suite \u00bfPorqu\u00e9 reservar directamente con nosotros? Mejor Precio Garantizado Si encuentras un precio m\u00e1s bajo en otro lugar, te garantizamos igualarlo o incluso ofrecerte un precio a\u00fan mejor. Puedes estar seguro de que siempre obtendr\u00e1s el mejor trato cuando reserves directamente con nosotros. Early Check-in sujeto a disponibilidad Haremos todo lo posible, para [&hellip;]<\/p>\n","protected":false},"author":1,"featured_media":0,"parent":0,"menu_order":0,"comment_status":"closed","ping_status":"closed","template":"","meta":{"footnotes":""},"class_list":["post-750","page","type-page","status-publish","hentry"],"_links":{"self":[{"href":"https:\/\/cabauhotels.com\/altair-suites\/es\/wp-json\/wp\/v2\/pages\/750","targetHints":{"allow":["GET"]}}],"collection":[{"href":"https:\/\/cabauhotels.com\/altair-suites\/es\/wp-json\/wp\/v2\/pages"}],"about":[{"href":"https:\/\/cabauhotels.com\/altair-suites\/es\/wp-json\/wp\/v2\/types\/page"}],"author":[{"embeddable":true,"href":"https:\/\/cabauhotels.com\/altair-suites\/es\/wp-json\/wp\/v2\/users\/1"}],"replies":[{"embeddable":true,"href":"https:\/\/cabauhotels.com\/altair-suites\/es\/wp-json\/wp\/v2\/comments?post=750"}],"version-history":[{"count":6,"href":"https:\/\/cabauhotels.com\/altair-suites\/es\/wp-json\/wp\/v2\/pages\/750\/revisions"}],"predecessor-version":[{"id":1407,"href":"https:\/\/cabauhotels.com\/altair-suites\/es\/wp-json\/wp\/v2\/pages\/750\/revisions\/1407"}],"wp:attachment":[{"href":"https:\/\/cabauhotels.com\/altair-suites\/es\/wp-json\/wp\/v2\/media?parent=750"}],"curies":[{"name":"wp","href":"https:\/\/api.w.org\/{rel}","templated":true}]}}