{"id":1118,"date":"2023-11-08T10:08:58","date_gmt":"2023-11-08T09:08:58","guid":{"rendered":"https:\/\/cabauhotels.com\/bahia-staging\/buchungsbedingungen\/"},"modified":"2023-12-20T10:18:53","modified_gmt":"2023-12-20T09:18:53","slug":"buchungsbedingungen","status":"publish","type":"page","link":"https:\/\/cabauhotels.com\/bahia-suites-camp-de-mar\/de\/buchungsbedingungen\/","title":{"rendered":"Buchungsbedingungen"},"content":{"rendered":"\n<h3 class=\"wp-block-heading\"><strong>ALLGEMEINE VERTRAGSBEDINGUNGEN<\/strong><\/h3>\n\n\n\n<p>Der Eigent\u00fcmer dieser Website ist <strong>Sunsik S.A.<\/strong> eingetragen im Handelsregister der Balearen Blatt: 40, Band: 2622, Eintragung 1 mit Blatt PM-76806: PRIMERA Calle Quatre de Novembre, 5 &#8211; 07011 Palma &#8211; Baleares Tel. 971 47 99 77. Die Kontakt-E-Mail-Adresse lautet cabau@cabauhotels.com.<\/p>\n\n\n\n<p>Lieber Kunde,<\/p>\n\n\n\n<p>\u00dcber unseren Online-Reservierungsservice schlie\u00dfen Sie einen Vertrag zur Reservierung einer Touristenunterkunft ab, eine Dienstleistung, die den folgenden Bedingungen unterliegt:<\/p>\n\n\n\n<h3 class=\"wp-block-heading\"><strong>SPEZIFISCHE BEDINGUNGEN<\/strong><\/h3>\n\n\n\n<p>Die spezifischen Daten, die Sie zum Zeitpunkt der Reservierung eingeben (Hotel, Anzahl der Zimmer, Check-in-Datum, Anzahl der N\u00e4chte usw.), stehen Ihnen im generierten Gutschein zur Verf\u00fcgung. Bitte \u00fcberpr\u00fcfen Sie die Details Ihrer Reservierung sorgf\u00e4ltig, bevor Sie mit der Best\u00e4tigung fortfahren.<\/p>\n\n\n\n<p>Der Reservierungspreis beinhaltet grunds\u00e4tzlich ausschlie\u00dflich: Unterkunft oder \u00dcbernachtung mit Fr\u00fchst\u00fcck. Die Verf\u00fcgbarkeit und der Preis von Anfragen f\u00fcr besondere Dienstleistungen wie: Bedarf an einem Kinderbett, Zustellbett usw. die nicht in die Berechnung der Online-Reservierung einbezogen werden konnten, unterliegen der Best\u00e4tigung durch das Hotel, die telefonisch oder per E-Mail an den Kunden erfolgt.<\/p>\n\n\n\n<h3 class=\"wp-block-heading\"><strong>ALLGEMEINE GESCH\u00c4FTSBEDINGUNGEN, DIE DER KUNDE ERKL\u00c4RT UND AKZEPTIERT<\/strong><\/h3>\n\n\n\n<p>Dieser Dienst richtet sich ausschlie\u00dflich an vollj\u00e4hrige Personen, die \u00fcber die erforderliche Gesch\u00e4ftsf\u00e4higkeit verf\u00fcgen, um die auf dieser Website angebotenen Dienste in Anspruch zu nehmen. Der Nutzer erkl\u00e4rt, dass er diese Bedingungen kennt und ausdr\u00fccklich akzeptiert.<\/p>\n\n\n\n<p>Bei der Ankunft im Hotel m\u00fcssen Sie den Ihrer Online-Reservierung entsprechenden Voucher an der Rezeption abgeben.<\/p>\n\n\n\n<p>Die Gesamt- und Endberechnung der Reservierung beinhaltet die Mehrwertsteuer. sofern es nicht ausdr\u00fccklich darin enthalten ist. Alle anderen Geb\u00fchren oder Steuern, die sich auf Ihren Endpreis auswirken, werden zus\u00e4tzlich im Hotelbetrieb abgerechnet.<\/p>\n\n\n\n<p>Grunds\u00e4tzlich gilt, sofern nicht ausdr\u00fccklich etwas anderes vereinbart wurde, dass die Zimmer am Anreisetag ab 15:00 Uhr genutzt werden k\u00f6nnen und am Abreisetag bis sp\u00e4testens 12:00 Uhr ger\u00e4umt sein m\u00fcssen. Die Reservierung ist bis 18:00 Uhr am Anreisetag garantiert. F\u00fcr den Fall, dass der Nutzer seine Ankunft im Hotel zu anderen als den angegebenen Zeiten erwartet, empfiehlt es sich daher, diesen Umstand rechtzeitig mitzuteilen so weit wie m\u00f6glich vorab.<\/p>\n\n\n\n<h3 class=\"wp-block-heading\"><strong>STORNIERUNG DER RESERVIERUNG<\/strong><\/h3>\n\n\n\n<p>Die vorgenommene Reservierung kann per E-Mail an <strong>recepcion@bahiasuites.es<\/strong> unter Angabe der Referenznummer storniert werden.<\/p>\n\n\n\n<h4 class=\"wp-block-heading\"><strong>Stornierungsbedingungen<\/strong><\/h4>\n\n\n\n<ul class=\"wp-block-list\">\n<li>Flex-Tarif:<br>\u00c4nderungen und Stornierungen sind bis zu 24 Stunden vor Ankunft im Hotel m\u00f6glich. Bei einer Stornierung innerhalb von 24 Stunden wird Ihnen der Betrag der ersten Nacht in Rechnung gestellt. <\/li>\n<\/ul>\n\n\n\n<ul class=\"wp-block-list\">\n<li>Optimaler Tarif:<br>Vorauszahlung. Nicht erstattungsf\u00e4hig. Es sind keine \u00c4nderungen oder Stornierungen zul\u00e4ssig.<\/li>\n<\/ul>\n\n\n\n<ul class=\"wp-block-list\">\n<li>Bei Nichterscheinen wird der Betrag der ersten Nacht des Aufenthalts von der bereitgestellten Karte abgebucht.<\/li>\n<\/ul>\n\n\n\n<ul class=\"wp-block-list\">\n<li>Im Falle einer unerwarteten Abreise werden 100 % des Betrags des ausstehenden Aufenthalts von der angegebenen Karte abgebucht.<\/li>\n<\/ul>\n\n\n\n<p>Bankgeb\u00fchren, die durch Stornierungen von Reservierungen entstehen, gehen zu Lasten des Kunden. In jedem Fall wird die entsprechende Rechnung an die vom Kunden bei der Registrierung angegebene Adresse gesendet.<\/p>\n\n\n\n<p>Las <strong>Reservierungen mit dem besten verf\u00fcgbaren Preis entsprechen dem Optimalpreis (nicht erstattungsf\u00e4hig)<\/strong>. Im Falle einer Stornierung oder Nichterscheinen wird der Betrag des gesamten Aufenthalts nicht zur\u00fcckerstattet.<\/p>\n\n\n\n<p>\u00c4nderung der Reservierung. Die vorgenommene Reservierung kann zu einem sp\u00e4teren Zeitpunkt per E-Mail an <strong><strong>recepcion@bahiasuites.es<\/strong><\/strong> unter Angabe der Referenznummer ge\u00e4ndert werden. Der Erfolg der \u00c4nderung h\u00e4ngt von der Verf\u00fcgbarkeit der <strong>Bah\u00eda Suites<\/strong> zum Zeitpunkt der Anfrage ab.<\/p>\n\n\n\n<p>Die Angebote sind nur w\u00e4hrend des von <strong>Bah\u00eda Suites<\/strong> in der Werbung angegebenen Zeitraums g\u00fcltig, andernfalls w\u00e4hrend des Zeitraums, in dem sie den Kunden f\u00fcr einen wirksamen Vertragsabschluss zug\u00e4nglich sind.<\/p>\n\n\n\n<h3 class=\"wp-block-heading\"><strong>KUNDENRECHTE<\/strong><\/h3>\n\n\n\n<p>Alle dem Kunden zur Verf\u00fcgung gestellten Informationen sind f\u00fcr den Anbieter im Sinne der Verbraucherschutzgesetze verbindlich.<\/p>\n\n\n\n<p>Jeder Nutzer touristischer Dienstleistungen hat das Recht sicherzustellen, dass die von ihm erworbenen Waren und Dienstleistungen der vertraglich vereinbarten Kategorie und den gesetzlichen Anforderungen entsprechen oder von einer Qualit\u00e4t sind, die in direktem Verh\u00e4ltnis zur Kategorie der touristischen Einrichtung steht.<\/p>\n\n\n\n<p>Alle Betriebe sind verpflichtet, dem Kunden das Reklamationsbuch zur Verf\u00fcgung zu stellen, in das er seine Reklamationen eintragen kann. Um eine Beschwerde einzureichen, fordern Sie diese Bl\u00e4tter an, geben Sie Ihre pers\u00f6nlichen Daten ein und geben Sie den Grund der Beschwerde deutlich an.<\/p>\n\n\n\n<h3 class=\"wp-block-heading\"><strong>PFLICHTEN DES KUNDEN<\/strong><\/h3>\n\n\n\n<p>Bei der Inanspruchnahme der vertraglich vereinbarten touristischen Leistungen hat jeder Nutzer folgende Pflichten:<\/p>\n\n\n\n<ul class=\"wp-block-list\">\n<li>Bezahlen Sie den Preis der vertraglich vereinbarten Dienstleistungen, ohne dass eine Beschwerde oder ein Anspruch vorliegt, der Sie von dieser Verpflichtung befreit.<\/li>\n<\/ul>\n\n\n\n<ul class=\"wp-block-list\">\n<li>Beachten Sie die besonderen Regeln des Hotelbetriebes, dessen Leistungen Sie in Anspruch nehmen.<\/li>\n<\/ul>\n\n\n\n<ul class=\"wp-block-list\">\n<li>Beachten Sie die Regeln der Hygiene, der Aufkl\u00e4rung und der guten Sitten gegen\u00fcber den \u00fcbrigen G\u00e4sten und dem Personal des Hotelbetriebs, der seine Dienste anbietet.<\/li>\n<\/ul>\n\n\n\n<ul class=\"wp-block-list\">\n<li>Respektieren Sie die Umwelt.<\/li>\n<\/ul>\n\n\n\n<p><strong><strong>Bah\u00eda Suites<\/strong><\/strong> beh\u00e4lt sich das Recht vor, \u00c4nderungen an den dargelegten Bedingungen vorzunehmen, die es f\u00fcr angemessen h\u00e4lt. Der Kunde akzeptiert, dass f\u00fcr den Betrieb dieses Dienstes die spanische Gesetzgebung gilt und unterwirft sich zur L\u00f6sung von Konflikten, die sich aus der Auslegung und Anwendung dieses Vertrags ergeben, der Gerichtsbarkeit und den Gerichten der Balearen.<\/p>\n","protected":false},"excerpt":{"rendered":"<p>ALLGEMEINE VERTRAGSBEDINGUNGEN Der Eigent\u00fcmer dieser Website ist Sunsik S.A. eingetragen im Handelsregister der Balearen Blatt: 40, Band: 2622, Eintragung 1 mit Blatt PM-76806: PRIMERA Calle Quatre de Novembre, 5 &#8211; 07011 Palma &#8211; Baleares Tel. 971 47 99 77. Die Kontakt-E-Mail-Adresse lautet cabau@cabauhotels.com. Lieber Kunde, \u00dcber unseren Online-Reservierungsservice schlie\u00dfen Sie einen Vertrag zur Reservierung einer [&hellip;]<\/p>\n","protected":false},"author":1,"featured_media":0,"parent":0,"menu_order":0,"comment_status":"closed","ping_status":"closed","template":"","meta":{"footnotes":""},"class_list":["post-1118","page","type-page","status-publish","hentry"],"_links":{"self":[{"href":"https:\/\/cabauhotels.com\/bahia-suites-camp-de-mar\/de\/wp-json\/wp\/v2\/pages\/1118","targetHints":{"allow":["GET"]}}],"collection":[{"href":"https:\/\/cabauhotels.com\/bahia-suites-camp-de-mar\/de\/wp-json\/wp\/v2\/pages"}],"about":[{"href":"https:\/\/cabauhotels.com\/bahia-suites-camp-de-mar\/de\/wp-json\/wp\/v2\/types\/page"}],"author":[{"embeddable":true,"href":"https:\/\/cabauhotels.com\/bahia-suites-camp-de-mar\/de\/wp-json\/wp\/v2\/users\/1"}],"replies":[{"embeddable":true,"href":"https:\/\/cabauhotels.com\/bahia-suites-camp-de-mar\/de\/wp-json\/wp\/v2\/comments?post=1118"}],"version-history":[{"count":0,"href":"https:\/\/cabauhotels.com\/bahia-suites-camp-de-mar\/de\/wp-json\/wp\/v2\/pages\/1118\/revisions"}],"wp:attachment":[{"href":"https:\/\/cabauhotels.com\/bahia-suites-camp-de-mar\/de\/wp-json\/wp\/v2\/media?parent=1118"}],"curies":[{"name":"wp","href":"https:\/\/api.w.org\/{rel}","templated":true}]}}