{"id":2325,"date":"2024-11-08T10:23:52","date_gmt":"2024-11-08T09:23:52","guid":{"rendered":"https:\/\/cabauhotels.com\/bahia-staging\/politica-de-cookies\/"},"modified":"2025-10-08T11:42:46","modified_gmt":"2025-10-08T09:42:46","slug":"politica-de-cookies","status":"publish","type":"page","link":"https:\/\/cabauhotels.com\/bahia-suites-camp-de-mar\/de\/politica-de-cookies\/","title":{"rendered":"Cookie-Richtlinie"},"content":{"rendered":"\n<h3 class=\"wp-block-heading\"><\/h3>\n\n\n\n<p>Gem\u00e4\u00df Artikel 22 des Gesetzes \u00fcber Dienste der Informationsgesellschaft und den elektronischen Gesch\u00e4ftsverkehr sowie Erw\u00e4gungsgrund (30) der DSGVO sammelt diese Website eigene und fremde&nbsp;<strong>Cookies<\/strong>&nbsp;\u2013 kleine Dateien mit einer Zeichenfolge, die vom Server einer Website an Ihren Browser gesendet werden \u2013 mit dem Zweck, Informationen wie Benutzeranmeldung, Formularwiedergabe und Plug-ins, Werbung, statistische Analysen u.a. zu erfassen.<\/p>\n\n\n\n<p>Zu diesem Zweck hat&nbsp;<strong>CABAUHOTELS.com<\/strong>&nbsp;ein Pr\u00e4ferenz-Panel eingerichtet, das auf einem Zwei-Ebenen-Informationssystem basiert, wodurch Sie allgemeine Informationen einsehen und in der zweiten Ebene Ihre Cookie-Pr\u00e4ferenzen anpassen oder akzeptieren k\u00f6nnen.<\/p>\n\n\n\n<p>Ziel dieser Richtlinie ist es, Sie \u00fcber die verschiedenen Arten von Cookies zu informieren, die&nbsp;<strong>CABAUHOTELS.com<\/strong>&nbsp;\u00fcber verschiedene Kommunikationskan\u00e4le sammelt \u2013 eigene oder von Dritten, informierungspflichtig oder davon ausgenommen \u2013 sowie \u00fcber die M\u00f6glichkeiten, diese abzulehnen, zuzulassen oder zu blockieren.<\/p>\n\n\n\n<p><strong>CABAUHOTELS.com<\/strong>&nbsp;weist darauf hin, dass das Ablehnen, Blockieren oder Deaktivieren von Cookies die korrekte Navigation und Anzeige von Inhalten auf der Website beeintr\u00e4chtigen kann.<br>Bitte beachten Sie, dass das Deaktivieren oder Blockieren von Cookies Ihre Benutzererfahrung einschr\u00e4nken kann, z. B. bei der Messung von Faktoren, die die Inhalte von&nbsp;<strong>CABAUHOTELS.com<\/strong>&nbsp;verbessern, bei der Anpassung von Inhalten an Ihre Pr\u00e4ferenzen (z. B. geografische Lage) oder bei der Personalisierung angezeigter Werbung.<\/p>\n\n\n\n<p><strong>CABAUHOTELS.com<\/strong>&nbsp;bietet Ihnen die M\u00f6glichkeit, nicht wesentliche Cookies abzulehnen, und stellt Informationen zu den Einstellungen von Browsern und Ger\u00e4ten zur Verf\u00fcgung, um diese zu deaktivieren.<\/p>\n\n\n\n<p><strong>CABAUHOTELS.com<\/strong>&nbsp;erhebt oder verarbeitet keine personenbezogenen Daten, die Informationen \u00fcber sexuelle Orientierung, religi\u00f6se \u00dcberzeugungen, Gesundheitsdaten oder andere sensible Informationen enthalten.<\/p>\n\n\n\n<p>Die durch Cookies gewonnenen Informationen lassen sich in f\u00fcnf Typen einteilen:<\/p>\n\n\n\n<ol class=\"wp-block-list\">\n<li><strong>Notwendige Cookies:<\/strong>\u00a0Unbedingt erforderlich, um einen angeforderten Dienst oder Inhalt bereitzustellen.<\/li>\n\n\n\n<li><strong>Funktionale Cookies:<\/strong>\u00a0Verbessern die Nutzererfahrung, z. B. durch Anzeige des Wetters basierend auf Standort.<\/li>\n\n\n\n<li><strong>Statistische Cookies:<\/strong>\u00a0Sammeln Nutzungsdaten zur Analyse und Verbesserung der Website-Leistung.<\/li>\n\n\n\n<li><strong>Inhaltsbezogene Personalisierung:<\/strong>\u00a0Erstellen Navigationsprofile zur Optimierung des Angebots.<\/li>\n\n\n\n<li><strong>Werbepersonalisierung:<\/strong>\u00a0Erfassen Browsing-Daten, um relevante Anzeigen anzuzeigen.<\/li>\n<\/ol>\n\n\n\n<p>Weitergeleitete Inhalte \u00fcber Links auf&nbsp;<strong>CABAUHOTELS.com<\/strong>&nbsp;k\u00f6nnen Cookies Dritter enthalten, f\u00fcr die&nbsp;<strong>CABAUHOTELS.com<\/strong>&nbsp;keine Verantwortung \u00fcbernimmt.<\/p>\n\n\n\n<p>Wenn Sie der Verarbeitung dieser Daten nicht zustimmen, k\u00f6nnen Sie Ihre Browsereinstellungen \u00e4ndern.<br>Informationen zur Cookie-Verwaltung:&nbsp;<strong>Chrome, Safari, Opera, Explorer, Firefox<\/strong><\/p>\n\n\n\n<p>F\u00fcr Mobilger\u00e4te:<\/p>\n\n\n\n<ul class=\"wp-block-list\">\n<li><strong>Android:<\/strong>\u00a0Men\u00fc > Mehr > Einstellungen > Datenschutz<\/li>\n\n\n\n<li><strong>BlackBerry:<\/strong>\u00a0Startseite > Browser > Optionen > Datenschutz &amp; Sicherheit > Cookies akzeptieren deaktivieren > Speichern<\/li>\n\n\n\n<li><strong>Safari (iOS)<\/strong>\u00a0und\u00a0<strong>Windows:<\/strong>\u00a0Siehe Ger\u00e4teeinstellungen<\/li>\n<\/ul>\n\n\n\n<p>\u00dcber&nbsp;<strong>CABAUHOTELS.com<\/strong>&nbsp;werden Cookies oder Identifikatoren, auch von Drittanbietern, zur Durchf\u00fchrung von&nbsp;<strong>Verhaltensanalysen<\/strong>&nbsp;(Analyse von Surfgewohnheiten zur Erstellung von Nutzerprofilen) verwendet. Ebenso k\u00f6nnen \u00fcber soziale API-Integrationen bestimmte Profildaten (z. B. Name, E-Mail, Adresse, Alter, Geschlecht) verarbeitet werden.<\/p>\n\n\n\n<p>Drittanbieter handeln dabei auf Grundlage von Datenschutzvereinbarungen, die den geltenden Vorschriften entsprechen.<\/p>\n\n\n\n<p>Unser Dienst richtet sich&nbsp;<strong>nicht an Minderj\u00e4hrige unter 16 Jahren<\/strong>. Sollten uns entsprechende Daten bekannt werden, werden sie unverz\u00fcglich gel\u00f6scht.<\/p>\n\n\n\n<p><strong>CABAUHOTELS.com<\/strong>&nbsp;kann \u00fcber Drittanbieter anonyme Cookies verwenden, um demografische und verhaltensbezogene Segmente zu erstellen und Online-Analysen durchzuf\u00fchren.<br>Nutzer k\u00f6nnen die Erstellung dieser Cookies \u00fcber folgende Links ablehnen (Opt-out):<\/p>\n\n\n\n<ul class=\"wp-block-list\">\n<li><a href=\"http:\/\/www.youronlinechoices.com\/es\/preferencias\/\" target=\"_blank\" rel=\"noreferrer noopener\">http:\/\/www.youronlinechoices.com\/es\/preferencias\/<\/a><\/li>\n\n\n\n<li><a href=\"http:\/\/www.networkadvertising.org\/choices\/#completed\" target=\"_blank\" rel=\"noreferrer noopener\">http:\/\/www.networkadvertising.org\/choices\/#completed<\/a><\/li>\n\n\n\n<li><a href=\"http:\/\/www.aboutads.info\/choices\/\" target=\"_blank\" rel=\"noreferrer noopener\">http:\/\/www.aboutads.info\/choices\/<\/a><\/li>\n<\/ul>\n\n\n\n<h3 class=\"wp-block-heading\">Cookie-Einstellungen<\/h3>\n\n\n\n<p>Nachfolgend finden Sie die Links zu verschiedenen Browsern, \u00fcber die Sie die Cookie-Einstellungen Ihres Browsers \u00e4ndern k\u00f6nnen:<\/p>\n\n\n\n<ul class=\"wp-block-list\">\n<li>Firefox:\u00a0<strong>http:\/\/support.mozilla.org\/es\/kb\/habilitar-y-deshabilitar-cookies-que-los-sitios-we<\/strong><\/li>\n\n\n\n<li>Microsoft Edge:\u00a0<strong>https:\/\/support.microsoft.com\/es-es\/microsoft-edge\/eliminar-las-cookies-en-microsoftedge-63947406-40ac-c3b8-57b9-2a946a29ae09<\/strong><\/li>\n\n\n\n<li>Safari:\u00a0<strong>https:\/\/support.apple.com\/kb\/ph17191?locale=es_ES<\/strong><\/li>\n\n\n\n<li>Opera:\u00a0<strong>https:\/\/help.opera.com\/en\/latest\/web-preferences\/#cookies<\/strong><\/li>\n\n\n\n<li>Internet Explorer:\u00a0<strong>http:\/\/windows.microsoft.com\/es-es\/internet-explorer\/delete-manage-cookies#ie=ie10<\/strong><\/li>\n\n\n\n<li>Chrome:\u00a0<strong>http:\/\/support.google.com\/chrome\/bin\/answer.py?hl=es&amp;answer=95647<\/strong><\/li>\n<\/ul>\n\n\n\n<p><strong>CABAUHOTELS.com<\/strong>&nbsp;kann Informationen \u00fcber Ihre Besuche auf dieser und anderen Websites verwenden, um Anzeigen zu schalten, die f\u00fcr Sie von Interesse sind.<\/p>\n\n\n\n<p>Bei App-Downloads informiert&nbsp;<strong>CABAUHOTELS.com<\/strong>&nbsp;\u00fcber Datenschutz und Cookie-Nutzung; mobile Browser und Apps bieten Optionen zum Deaktivieren.<\/p>\n\n\n\n<p>F\u00fcr Analysezwecke kann&nbsp;<strong>CABAUHOTELS.com<\/strong>&nbsp;Geolokalisierungsdaten \u00fcber soziale APIs oder App-Integrationen verwenden, um Leistung und Nutzerprofile zu verbessern.<\/p>\n\n\n\n<p><strong>CABAUHOTELS.com<\/strong>&nbsp;\u00fcbernimmt keine Verantwortung f\u00fcr die Cookie-Nutzung Dritter au\u00dferhalb der eigenen Dienste. Bitte konsultieren Sie die hier angegebenen Informationslinks und Datenschutzrichtlinien der jeweiligen Drittanbieter.<\/p>\n\n\n\n<p>F\u00fcr Fragen oder Anmerkungen zu Cookies kontaktieren Sie uns bitte unter:&nbsp;<strong><a>contacto@cabauhotels.com<\/a><\/strong><\/p>\n\n\n\n<p>Diese Informationen k\u00f6nnen aufgrund von Aktualisierungen oder neuen Anweisungen der&nbsp;<strong>Spanischen Datenschutzbeh\u00f6rde (AEPD)<\/strong>&nbsp;ge\u00e4ndert werden.<\/p>\n\n\n\n<h3 class=\"wp-block-heading\">Cookie-Liste<\/h3>\n\n\n\n<h2 class=\"wp-block-heading\">1. Technische Cookies (Obligatorisch)<\/h2>\n\n\n\n<figure class=\"wp-block-table\"><table class=\"has-fixed-layout\"><thead><tr><th>Name<\/th><th>Anbieter<\/th><th>Zweck<\/th><th>Dauer<\/th><th>Typ<\/th><\/tr><\/thead><tbody><tr><td>PHPSESSID<\/td><td>Eigen<\/td><td>Eindeutige Sitzungskennung zur Aufrechterhaltung der Benutzerinformationen w\u00e4hrend der Navigation<\/td><td>Sitzung<\/td><td>HTTP<\/td><\/tr><tr><td>wordpress_*<\/td><td>Eigen<\/td><td>WordPress-Benutzersitzungsverwaltung<\/td><td>Variabel<\/td><td>HTTP<\/td><\/tr><tr><td>wp-settings-*<\/td><td>Eigen<\/td><td>Speichert personalisierte WordPress-Einstellungen des Benutzers<\/td><td>1 Jahr<\/td><td>HTTP<\/td><\/tr><tr><td>cookie_consent<\/td><td>Eigen<\/td><td>Speichert Cookie-Einverst\u00e4ndnispr\u00e4ferenzen des Benutzers<\/td><td>1 Jahr<\/td><td>HTTP<\/td><\/tr><\/tbody><\/table><\/figure>\n\n\n\n<h2 class=\"wp-block-heading\">2. Analyse-Cookies (Google Analytics)<\/h2>\n\n\n\n<figure class=\"wp-block-table\"><table class=\"has-fixed-layout\"><thead><tr><th>Name<\/th><th>Anbieter<\/th><th>Zweck<\/th><th>Dauer<\/th><th>Typ<\/th><\/tr><\/thead><tbody><tr><td>_ga<\/td><td>Google Analytics<\/td><td>Eindeutige Benutzer f\u00fcr Nutzungsstatistiken identifizieren<\/td><td>2 Jahre<\/td><td>HTTP<\/td><\/tr><tr><td>_gid<\/td><td>Google Analytics<\/td><td>Eindeutige Benutzer in 24-Stunden-Sitzungen identifizieren<\/td><td>24 Stunden<\/td><td>HTTP<\/td><\/tr><tr><td><em>gat_gtag<\/em>*<\/td><td>Google Analytics<\/td><td>Anfragerate begrenzen<\/td><td>1 Minute<\/td><td>HTTP<\/td><\/tr><tr><td><em>ga<\/em>*<\/td><td>Google Analytics (GA4)<\/td><td>GA4-Property-Status aufrechterhalten<\/td><td>2 Jahre<\/td><td>HTTP<\/td><\/tr><\/tbody><\/table><\/figure>\n\n\n\n<h2 class=\"wp-block-heading\">3. Funktionalit\u00e4ts-Cookies<\/h2>\n\n\n\n<figure class=\"wp-block-table\"><table class=\"has-fixed-layout\"><thead><tr><th>Name<\/th><th>Anbieter<\/th><th>Zweck<\/th><th>Dauer<\/th><th>Typ<\/th><\/tr><\/thead><tbody><tr><td>wpml_current_language<\/td><td>WPML<\/td><td>Gew\u00e4hlte Sprache des Benutzers merken<\/td><td>Sitzung<\/td><td>HTTP<\/td><\/tr><tr><td>pll_language<\/td><td>Polylang<\/td><td>Sprachpr\u00e4ferenz-Verwaltung<\/td><td>1 Jahr<\/td><td>HTTP<\/td><\/tr><tr><td>currency<\/td><td>Eigen<\/td><td>Gew\u00e4hlte W\u00e4hrung f\u00fcr Preise merken<\/td><td>30 Tage<\/td><td>HTTP<\/td><\/tr><tr><td>timezone_offset<\/td><td>Eigen<\/td><td>Zeiten entsprechend Benutzerstandort anpassen<\/td><td>30 Tage<\/td><td>HTTP<\/td><\/tr><\/tbody><\/table><\/figure>\n\n\n\n<h2 class=\"wp-block-heading\">4. Marketing- und Werbe-Cookies<\/h2>\n\n\n\n<figure class=\"wp-block-table\"><table class=\"has-fixed-layout\"><thead><tr><th>Name<\/th><th>Anbieter<\/th><th>Zweck<\/th><th>Dauer<\/th><th>Typ<\/th><\/tr><\/thead><tbody><tr><td>_fbp<\/td><td>Facebook Pixel<\/td><td>Verfolgung f\u00fcr Facebook-Werbung<\/td><td>90 Tage<\/td><td>HTTP<\/td><\/tr><tr><td>fr<\/td><td>Facebook<\/td><td>Facebook-Werbe-Cookie<\/td><td>90 Tage<\/td><td>HTTP<\/td><\/tr><tr><td>IDE<\/td><td>Google DoubleClick<\/td><td>Personalisierte Werbung und Remarketing<\/td><td>390 Tage<\/td><td>HTTP<\/td><\/tr><tr><td>DSID<\/td><td>Google DoubleClick<\/td><td>Identifikator f\u00fcr personalisierte Werbung<\/td><td>14 Tage<\/td><td>HTTP<\/td><\/tr><tr><td>test_cookie<\/td><td>Google DoubleClick<\/td><td>Pr\u00fcfen, ob Browser Cookies akzeptiert<\/td><td>15 Minuten<\/td><td>HTTP<\/td><\/tr><\/tbody><\/table><\/figure>\n\n\n\n<h2 class=\"wp-block-heading\">5. Social Media Cookies<\/h2>\n\n\n\n<figure class=\"wp-block-table\"><table class=\"has-fixed-layout\"><thead><tr><th>Name<\/th><th>Anbieter<\/th><th>Zweck<\/th><th>Dauer<\/th><th>Typ<\/th><\/tr><\/thead><tbody><tr><td>_twitter_sess<\/td><td>Twitter<\/td><td>Integration mit Twitter-Funktionalit\u00e4ten<\/td><td>Sitzung<\/td><td>HTTP<\/td><\/tr><tr><td>personalization_id<\/td><td>Twitter<\/td><td>Twitter-Inhalts-Personalisierung<\/td><td>2 Jahre<\/td><td>HTTP<\/td><\/tr><tr><td>VISITOR_INFO1_LIVE<\/td><td>YouTube<\/td><td>YouTube-Bandbreite messen<\/td><td>179 Tage<\/td><td>HTTP<\/td><\/tr><tr><td>YSC<\/td><td>YouTube<\/td><td>Eindeutige Kennung f\u00fcr YouTube-Statistiken registrieren<\/td><td>Sitzung<\/td><td>HTTP<\/td><\/tr><\/tbody><\/table><\/figure>\n\n\n\n<h2 class=\"wp-block-heading\">6. Buchungs- und E-Commerce-Cookies<\/h2>\n\n\n\n<figure class=\"wp-block-table\"><table class=\"has-fixed-layout\"><thead><tr><th>Name<\/th><th>Anbieter<\/th><th>Zweck<\/th><th>Dauer<\/th><th>Typ<\/th><\/tr><\/thead><tbody><tr><td>woocommerce_cart_hash<\/td><td>WooCommerce<\/td><td>Enth\u00e4lt Einkaufswagen-Informationen<\/td><td>Sitzung<\/td><td>HTTP<\/td><\/tr><tr><td>wp_woocommerce_session_*<\/td><td>WooCommerce<\/td><td>Online-Shop-Sitzungsidentifikator<\/td><td>48 Stunden<\/td><td>HTTP<\/td><\/tr><tr><td>booking_selection<\/td><td>Eigen<\/td><td>Speichert Datums- und Zimmerauswahl<\/td><td>24 Stunden<\/td><td>HTTP<\/td><\/tr><tr><td>recent_searches<\/td><td>Eigen<\/td><td>Speichert k\u00fcrzliche Suchanfragen des Benutzers<\/td><td>7 Tage<\/td><td>HTTP<\/td><\/tr><\/tbody><\/table><\/figure>\n\n\n\n<h2 class=\"wp-block-heading\">7. Personalisierungs-Cookies<\/h2>\n\n\n\n<figure class=\"wp-block-table\"><table class=\"has-fixed-layout\"><thead><tr><th>Name<\/th><th>Anbieter<\/th><th>Zweck<\/th><th>Dauer<\/th><th>Typ<\/th><\/tr><\/thead><tbody><tr><td>user_preferences<\/td><td>Eigen<\/td><td>Benutzer-Anzeigepr\u00e4ferenzen<\/td><td>1 Jahr<\/td><td>HTTP<\/td><\/tr><tr><td>weather_location<\/td><td>Eigen<\/td><td>Standort f\u00fcr Wetterinformations-Anzeige<\/td><td>30 Tage<\/td><td>HTTP<\/td><\/tr><tr><td>viewed_properties<\/td><td>Eigen<\/td><td>K\u00fcrzlich besuchte Hotels\/Immobilien<\/td><td>30 Tage<\/td><td>HTTP<\/td><\/tr><\/tbody><\/table><\/figure>\n","protected":false},"excerpt":{"rendered":"<p>Gem\u00e4\u00df Artikel 22 des Gesetzes \u00fcber Dienste der Informationsgesellschaft und den elektronischen Gesch\u00e4ftsverkehr sowie Erw\u00e4gungsgrund (30) der DSGVO sammelt diese Website eigene und fremde&nbsp;Cookies&nbsp;\u2013 kleine Dateien mit einer Zeichenfolge, die vom Server einer Website an Ihren Browser gesendet werden \u2013 mit dem Zweck, Informationen wie Benutzeranmeldung, Formularwiedergabe und Plug-ins, Werbung, statistische Analysen u.a. zu erfassen. [&hellip;]<\/p>\n","protected":false},"author":1,"featured_media":0,"parent":0,"menu_order":0,"comment_status":"closed","ping_status":"closed","template":"","meta":{"footnotes":""},"class_list":["post-2325","page","type-page","status-publish","hentry"],"_links":{"self":[{"href":"https:\/\/cabauhotels.com\/bahia-suites-camp-de-mar\/de\/wp-json\/wp\/v2\/pages\/2325","targetHints":{"allow":["GET"]}}],"collection":[{"href":"https:\/\/cabauhotels.com\/bahia-suites-camp-de-mar\/de\/wp-json\/wp\/v2\/pages"}],"about":[{"href":"https:\/\/cabauhotels.com\/bahia-suites-camp-de-mar\/de\/wp-json\/wp\/v2\/types\/page"}],"author":[{"embeddable":true,"href":"https:\/\/cabauhotels.com\/bahia-suites-camp-de-mar\/de\/wp-json\/wp\/v2\/users\/1"}],"replies":[{"embeddable":true,"href":"https:\/\/cabauhotels.com\/bahia-suites-camp-de-mar\/de\/wp-json\/wp\/v2\/comments?post=2325"}],"version-history":[{"count":2,"href":"https:\/\/cabauhotels.com\/bahia-suites-camp-de-mar\/de\/wp-json\/wp\/v2\/pages\/2325\/revisions"}],"predecessor-version":[{"id":3940,"href":"https:\/\/cabauhotels.com\/bahia-suites-camp-de-mar\/de\/wp-json\/wp\/v2\/pages\/2325\/revisions\/3940"}],"wp:attachment":[{"href":"https:\/\/cabauhotels.com\/bahia-suites-camp-de-mar\/de\/wp-json\/wp\/v2\/media?parent=2325"}],"curies":[{"name":"wp","href":"https:\/\/api.w.org\/{rel}","templated":true}]}}