{"id":2319,"date":"2024-11-08T10:23:52","date_gmt":"2024-11-08T09:23:52","guid":{"rendered":"https:\/\/cabauhotels.com\/bahia-staging\/?page_id=2319"},"modified":"2025-10-08T11:41:44","modified_gmt":"2025-10-08T09:41:44","slug":"cookie-richtlinie","status":"publish","type":"page","link":"https:\/\/cabauhotels.com\/bahia-suites-camp-de-mar\/cookie-richtlinie\/","title":{"rendered":"Pol\u00edtica de Cookies"},"content":{"rendered":"\n<p>De conformidad con el art\u00edculo 22 de la Ley de Servicios de la Sociedad de la Informaci\u00f3n y Comercio Electr\u00f3nico as\u00ed como en el Considerando (30) RGPD la presente P\u00e1gina Web recaba cookies de navegaci\u00f3n -peque\u00f1os archivos que contienen una serie de caracteres que se env\u00edan a su explorador desde el servidor de un sitio web- propias y de terceros, con la finalidad de recabar informaci\u00f3n de entrada o identificaci\u00f3n de usuarios; reproducci\u00f3n y carga de formularios y\/o plug-in de contenido; publicitarias; estad\u00edsticas; entre otras. A tal efecto, CABAUHOTELS.com ha procedido a configurar panel de preferencias mediante la informaci\u00f3n insertada en dos capas en las cuales le permite conocer de forma general informaci\u00f3n asociada a aquella y la aceptaci\u00f3n as\u00ed como las preferencias a las mismas en segunda capa.<\/p>\n\n\n\n<p>La presente pol\u00edtica tiene como finalidad informarle de las diferentes cookies que CABAUHOTELS.com recaba a trav\u00e9s de los distintos medios o canales de comunicaci\u00f3n, propias o de terceros, exentas o no del deber de informar y los diferentes medios a trav\u00e9s de los cuales puede rechazar, permitir o bloquear aquellas. En cualquier caso, CABAUHOTELS.com le informa que el rechazo, bloqueo o no permisibilidad de cookies puede afectar a una correcta navegaci\u00f3n por los contenidos reproducidos en la P\u00e1gina Web. Tenga en cuenta que la desactivaci\u00f3n, no aceptaci\u00f3n o bloqueo de cookies repercute en el alcance de la experiencia como usuario, como por ejemplo la medici\u00f3n de determinados factores que permiten mejorar los contenidos de CABAUHOTELS.com inclusive de forma personalizada, no podr\u00e1 adecuar los contenidos a sus preferencias, incluidas las geogr\u00e1ficas, no podr\u00e1 personalizar los anuncios que se muestran. En cualquier caso, CABAUHOTELS.com le ofrece la posibilidad de desestimar las cookies no consideradas esenciales as\u00ed como informaci\u00f3n acerca de los ajustes de navegadores, dispositivos y enlaces asociados a la desactivaci\u00f3n de aquellas.<\/p>\n\n\n\n<p>CABAUHOTELS.com no recopila ni tratada informaci\u00f3n personal derivada o proveniente de la data respecto a informaci\u00f3n que pudiere revelar orientaci\u00f3n sexual; creencias religiosas; informaci\u00f3n sanitaria; o informaci\u00f3n considerada sensible.<\/p>\n\n\n\n<p>La informaci\u00f3n que CABAUHOTELS.com pudiere disponer de las cookies proviene de cinco tipos:<\/p>\n\n\n\n<p><strong>Obligatorias:<\/strong>&nbsp;Cookies estrictamente necesarias para prestar un servicio o contenido solicitado por el usuario. \u00c9stas se encargan de aspectos t\u00e9cnicos como identificar registros y gestionar preferencias de herramientas en el uso, interacci\u00f3n y localizaci\u00f3n del acceso a los contenidos.<\/p>\n\n\n\n<p><strong>Funcionales:&nbsp;<\/strong>Las cookies funcionales dan al usuario informaci\u00f3n que enriquece la experiencia de navegaci\u00f3n como, por ejemplo, mostrar el pron\u00f3stico del tiempo basado en su ubicaci\u00f3n.<\/p>\n\n\n\n<p><strong>Estad\u00edsticas:<\/strong>&nbsp;Estas cookies recogen informaci\u00f3n relativa al uso de la p\u00e1gina como la permanencia en p\u00e1gina y los contenidos visitados por los lectores para medir su rendimiento y mejorar la navegaci\u00f3n.<\/p>\n\n\n\n<p><strong>Personalizaci\u00f3n de Contenido:<\/strong>&nbsp;Estas cookies recogen informaci\u00f3n para la elaboraci\u00f3n de perfiles de navegaci\u00f3n de los usuarios y estad\u00edsticas dentro de la web para introducir mejoras gracias al an\u00e1lisis de los datos.<\/p>\n\n\n\n<p><strong>Personalizaci\u00f3n de Publicidad:<\/strong>&nbsp;Estas cookies obtienen informaci\u00f3n de la navegaci\u00f3n del usuario para gestionar espacios publicitarios y ofrecer un contenido m\u00e1s relevante y de calidad para \u00e9l a partir de sus gustos.<\/p>\n\n\n\n<p>As\u00ed mismo, la reproducci\u00f3n de contenidos que pudiere re-dirigirle a trav\u00e9s de los enlaces insertados en distintos formatos en la P\u00e1gina Web o medios de comunicaci\u00f3n titularidad de CABAUHOTELS.com pudieren contener cookies de los titulares de dichos contenidos re-direccionados no haci\u00e9ndose responsable de la pol\u00edtica e informaci\u00f3n suministrada ni del tratamiento que respecto a la utilizaci\u00f3n de dichas cookies efect\u00faan terceros ajenos a CABAUHOTELS.com.<\/p>\n\n\n\n<p>En caso que no consintiera el tratamiento de dicha informaci\u00f3n puede modificar la configuraci\u00f3n de su explorador. A tal efecto, se inserta enlace para que disponga de m\u00e1s informaci\u00f3n sobre la configuraci\u00f3n de navegadores o exploradores de Internet en relaci\u00f3n a los ajustes de cookies.<\/p>\n\n\n\n<p><a href=\"https:\/\/support.google.com\/chrome\/answer\/95647?hl=es\" target=\"_blank\" rel=\"noreferrer noopener\">Chrome<\/a>&nbsp;\u2013&nbsp;<a href=\"https:\/\/support.apple.com\/kb\/ph21411?locale=es_ES\" target=\"_blank\" rel=\"noreferrer noopener\">Safari<\/a>&nbsp;\u2013&nbsp;<a href=\"http:\/\/help.opera.com\/Windows\/12.10\/es-ES\/cookies.html\" target=\"_blank\" rel=\"noreferrer noopener\">Opera<\/a>&nbsp;\u2013&nbsp;<a href=\"https:\/\/support.microsoft.com\/es-es\/help\/17442\/windows-internet-explorer-delete-manage-cookies#ie=ie-11\" target=\"_blank\" rel=\"noreferrer noopener\">Explorer<\/a>&nbsp;\u2013&nbsp;<a href=\"https:\/\/support.mozilla.org\/es\/kb\/configuracion-privacidad-historial-navegacion-funcion-no-quiero-ser-rastreado?redirectlocale=es&amp;as=u&amp;redirectslug=configuracion-de-la-privacidad-el-historial-de-nav\" target=\"_blank\" rel=\"noreferrer noopener\">Firefox<\/a><\/p>\n\n\n\n<p>En relaci\u00f3n a los dispositivos m\u00f3viles, se incluye la siguiente informaci\u00f3n respecto a los ajustes o la documental acerca de la misma.<\/p>\n\n\n\n<p>Para Android: Men\u00fa &gt; M\u00e1s &gt; Ajustes &gt; Ajustes de privacidad.<\/p>\n\n\n\n<p>Para&nbsp;<a href=\"http:\/\/help.blackberry.com\/en\/smartphone_users\/deliverables\/32004\/Turn_off_cookies_in_the_browser_60_1072866_11.jsp\" target=\"_blank\" rel=\"noreferrer noopener\">Blackberry<\/a>: Home &gt; Browser &gt; Options &gt; Privacy &amp; Security: clear the Accept Cookies &gt; Save<\/p>\n\n\n\n<p>Para&nbsp;<a href=\"https:\/\/support.apple.com\/es-es\/HT201265\" target=\"_blank\" rel=\"noreferrer noopener\">Safari (IOS).<\/a><\/p>\n\n\n\n<p>Para&nbsp;<a href=\"https:\/\/support.microsoft.com\/es-es\/help\/17442\/windows-internet-explorer-delete-manage-cookies\" target=\"_blank\" rel=\"noreferrer noopener\">Windows<\/a><\/p>\n\n\n\n<p>A trav\u00e9s de CABAUHOTELS.com se recopilan cookies o identificadores, propiedad de aquella y gestionados a trav\u00e9s de las aplicaciones dispuestas por terceros con la finalidad de efectuar lo que se denomina an\u00e1lisis comportamental -estudio de h\u00e1bitos de navegaci\u00f3n del usuario para mostrar un perfil espec\u00edfico mediante la observaci\u00f3n del mismo.- Igualmente, el tratamiento separado o conjunto mediante API insertas y basadas en medios sociales con la finalidad descrita, en la cual se recaba del usuario final determinada informaci\u00f3n de su perfil, siendo \u00e9sta de forma orientativa pero no limitativa: nombre, direcci\u00f3n de correo electr\u00f3nico, direcci\u00f3n postal, e informaci\u00f3n demogr\u00e1fica, como la edad y el g\u00e9nero. Cualquier prestaci\u00f3n de terceros para las finalidades expuestas CABAUHOTELS.com ha salvaguardado la confidencialidad y privacidad de los usuarios mediante acuerdos que cumplen con los protocolos y normativa al respecto.<\/p>\n\n\n\n<p>Nuestro servicio no va dirigido a menores de diecis\u00e9is a\u00f1os, por lo que no procesamos la data obtenida de dicho colectivo. En cualquier caso, si dispone de informaci\u00f3n en contrario, rogamos nos lo haga saber para proceder a la eliminaci\u00f3n de aquella y adoptar las medidas t\u00e9cnicas necesarias.<\/p>\n\n\n\n<p>CABAUHOTELS.com a trav\u00e9s de proveedores terceros recopila cookies anonimizadas para crear segmentos demogr\u00e1ficos y de comportamiento con el fin de efectuar an\u00e1lisis en l\u00ednea. Estas terceras empresas pueden crear cookies. La entidad editorial a trav\u00e9s de dichos proveedores permite deshabilitar (opt-out) las cookies relacionadas o bajo finalidades de an\u00e1lisis comportamental o retargeting en su caso mediante la inserci\u00f3n de los siguientes enlaces que se insertan a continuaci\u00f3n junto con los enlaces establecidos a tal efecto en la tabla de cookies de terceros, advirtiendo que dicha negaci\u00f3n no impedir\u00e1 recibir anuncios, los cuales se servir\u00e1n sin ning\u00fan tipo de objetividad en base a los par\u00e1metros objetivos o estudio de h\u00e1bitos realizados, o efectuar una navegaci\u00f3n m\u00e1s beneficios a sus intereses:<\/p>\n\n\n\n<p><a href=\"http:\/\/www.youronlinechoices.com\/es\/preferencias\/\" target=\"_blank\" rel=\"noreferrer noopener\">http:\/\/www.youronlinechoices.com\/es\/preferencias\/<\/a><br><a href=\"http:\/\/www.networkadvertising.org\/choices\/#completed\" target=\"_blank\" rel=\"noreferrer noopener\">http:\/\/www.networkadvertising.org\/choices\/#completed<\/a><br><a href=\"http:\/\/www.aboutads.info\/choices\/\" target=\"_blank\" rel=\"noreferrer noopener\">http:\/\/www.aboutads.info\/choices\/<\/a><\/p>\n\n\n\n<h3 class=\"wp-block-heading\"><\/h3>\n\n\n\n<h3 class=\"wp-block-heading\"><strong>Configuracion de las Cookies:<\/strong><\/h3>\n\n\n\n<p>A continuaci\u00f3n, le proporcionamos los enlaces de diversos navegadores, a trav\u00e9s de los cuales podr\u00e1 modificar la<br>configuraci\u00f3n de su navegador sobre el uso de cookies:<\/p>\n\n\n\n<ul class=\"wp-block-list\">\n<li>Firefox:&nbsp;<strong>http:\/\/support.mozilla.org\/es\/kb\/habilitar-y-deshabilitar-cookies-que-los-sitios-we<\/strong><\/li>\n\n\n\n<li>Microsoft Edge:&nbsp;<strong>https:\/\/support.microsoft.com\/es-es\/microsoft-edge\/eliminar-las-cookies-en-microsoftedge-63947406-40ac-c3b8-57b9-2a946a29ae09<\/strong><\/li>\n\n\n\n<li>Safari:&nbsp;<strong>https:\/\/support.apple.com\/kb\/ph17191?locale=es_ES<\/strong><\/li>\n\n\n\n<li>Opera:&nbsp;<strong>https:\/\/help.opera.com\/en\/latest\/web-preferences\/#cookies<\/strong><\/li>\n\n\n\n<li>Internet Explorer:&nbsp;<strong>http:\/\/windows.microsoft.com\/es-es\/internet-explorer\/delete-manage-cookies#ie=ie10<\/strong><\/li>\n\n\n\n<li>Chrome:&nbsp;<strong>http:\/\/support.google.com\/chrome\/bin\/answer.py?hl=es&amp;answer=95647<\/strong><\/li>\n<\/ul>\n\n\n\n<p>CABAUHOTELS.com en sus campa\u00f1as de publicidad -servir anuncios de terceros- puede usar informaci\u00f3n sobre sus visitas a este y otros sitios web con el fin de proporcionar anuncios sobre bienes y servicios de inter\u00e9s para los usuarios.<\/p>\n\n\n\n<p>CABAUHOTELS.com le informar\u00e1 sobre la privacidad y recogida de cookies en las descargas e instalaci\u00f3n de apps, informando que los navegadores de m\u00f3viles y aplicaciones as\u00ed como distinto software de prestadores de servicios proporcionan deshabilitaci\u00f3n de aquellas.<\/p>\n\n\n\n<p>CABAUHOTELS.com con la finalidad descrita de an\u00e1lisis de la data para rendimiento t\u00e9cnico, an\u00e1lisis de rendimiento, h\u00e1bitos de navegaci\u00f3n, mejora de perfiles y contenidos puede utilizar datos de geolocalizaci\u00f3n a trav\u00e9s de las APIS sociales as\u00ed como a trav\u00e9s de las aplicaciones desarrolladas para APPS.<\/p>\n\n\n\n<p>CABAUHOTELS.com no se har\u00e1 responsable del uso y utilizaci\u00f3n de cookies que terceros efect\u00faen fuera de los servicios ofrecidos por los canales y medios de comunicaci\u00f3n titularidad de CABAUHOTELS.com, por lo que sugerimos que accedan a los enlaces informativos que insertamos a trav\u00e9s del presente contenido y a la informaci\u00f3n proporcionada por terceros a las que accedan a trav\u00e9s de la P\u00e1gina Web.<\/p>\n\n\n\n<p>Para cualquier duda, aclaraci\u00f3n y\/o sugerencia al respecto de las cookies, rogamos se pongan en contacto a trav\u00e9s de correo electr\u00f3nico&nbsp;<strong>contacto@CABAUHOTELS.com.<\/strong><\/p>\n\n\n\n<p>La informaci\u00f3n proporcionada puede sufrir modificaciones debidas a actualizaciones o cambios en la pol\u00edtica de tratamiento de cookies. As\u00ed mismo, la Agencia Espa\u00f1ola de Protecci\u00f3n de Datos pudiere dictar instrucciones y\/o recomendaciones que hicieran variar la misma.<\/p>\n\n\n\n<h3 class=\"wp-block-heading\">LISTADO DE COOKIES QUE USAMOS<\/h3>\n\n\n\n<p><strong>1. Cookies T\u00e9cnicas (Obligatorias)<\/strong><\/p>\n\n\n\n<figure class=\"wp-block-table\"><table class=\"has-fixed-layout\"><thead><tr><th>Nombre<\/th><th>Proveedor<\/th><th>Finalidad<\/th><th>Duraci\u00f3n<\/th><th>Tipo<\/th><\/tr><\/thead><tbody><tr><td>PHPSESSID<\/td><td>Propio<\/td><td>Identificador \u00fanico de sesi\u00f3n para mantener la informaci\u00f3n del usuario durante la navegaci\u00f3n<\/td><td>Sesi\u00f3n<\/td><td>HTTP<\/td><\/tr><tr><td>wordpress_*<\/td><td>Propio<\/td><td>Gesti\u00f3n de sesiones de usuario en WordPress<\/td><td>Variable<\/td><td>HTTP<\/td><\/tr><tr><td>wp-settings-*<\/td><td>Propio<\/td><td>Almacena configuraciones personalizadas del usuario en WordPress<\/td><td>1 a\u00f1o<\/td><td>HTTP<\/td><\/tr><tr><td>cookie_consent<\/td><td>Propio<\/td><td>Almacena las preferencias de consentimiento de cookies del usuario<\/td><td>1 a\u00f1o<\/td><td>HTTP<\/td><\/tr><\/tbody><\/table><\/figure>\n\n\n\n<p><strong>2. Cookies de An\u00e1lisis (Google Analytics)<\/strong><\/p>\n\n\n\n<figure class=\"wp-block-table\"><table class=\"has-fixed-layout\"><thead><tr><th>Nombre<\/th><th>Proveedor<\/th><th>Finalidad<\/th><th>Duraci\u00f3n<\/th><th>Tipo<\/th><\/tr><\/thead><tbody><tr><td>_ga<\/td><td>Google Analytics<\/td><td>Identificar usuarios \u00fanicos para estad\u00edsticas de uso<\/td><td>2 a\u00f1os<\/td><td>HTTP<\/td><\/tr><tr><td>_gid<\/td><td>Google Analytics<\/td><td>Identificar usuarios \u00fanicos en sesiones de 24 horas<\/td><td>24 horas<\/td><td>HTTP<\/td><\/tr><tr><td><em>gat_gtag<\/em>*<\/td><td>Google Analytics<\/td><td>Limitar la velocidad de peticiones<\/td><td>1 minuto<\/td><td>HTTP<\/td><\/tr><tr><td><em>ga<\/em>*<\/td><td>Google Analytics (GA4)<\/td><td>Mantener el estado de la propiedad GA4<\/td><td>2 a\u00f1os<\/td><td>HTTP<\/td><\/tr><\/tbody><\/table><\/figure>\n\n\n\n<p><strong>3. Cookies de Funcionalidad<\/strong><\/p>\n\n\n\n<figure class=\"wp-block-table\"><table class=\"has-fixed-layout\"><thead><tr><th>Nombre<\/th><th>Proveedor<\/th><th>Finalidad<\/th><th>Duraci\u00f3n<\/th><th>Tipo<\/th><\/tr><\/thead><tbody><tr><td>wpml_current_language<\/td><td>WPML<\/td><td>Recordar idioma seleccionado por el usuario<\/td><td>Sesi\u00f3n<\/td><td>HTTP<\/td><\/tr><tr><td>pll_language<\/td><td>Polylang<\/td><td>Gesti\u00f3n de preferencias de idioma<\/td><td>1 a\u00f1o<\/td><td>HTTP<\/td><\/tr><tr><td>currency<\/td><td>Propio<\/td><td>Recordar moneda seleccionada para precios<\/td><td>30 d\u00edas<\/td><td>HTTP<\/td><\/tr><tr><td>timezone_offset<\/td><td>Propio<\/td><td>Ajustar horarios seg\u00fan ubicaci\u00f3n del usuario<\/td><td>30 d\u00edas<\/td><td>HTTP<\/td><\/tr><\/tbody><\/table><\/figure>\n\n\n\n<p><strong>4. Cookies de Marketing y Publicidad<\/strong><\/p>\n\n\n\n<figure class=\"wp-block-table\"><table class=\"has-fixed-layout\"><thead><tr><th>Nombre<\/th><th>Proveedor<\/th><th>Finalidad<\/th><th>Duraci\u00f3n<\/th><th>Tipo<\/th><\/tr><\/thead><tbody><tr><td>_fbp<\/td><td>Facebook Pixel<\/td><td>Seguimiento para publicidad en Facebook<\/td><td>90 d\u00edas<\/td><td>HTTP<\/td><\/tr><tr><td>fr<\/td><td>Facebook<\/td><td>Cookie de publicidad de Facebook<\/td><td>90 d\u00edas<\/td><td>HTTP<\/td><\/tr><tr><td>IDE<\/td><td>Google DoubleClick<\/td><td>Publicidad personalizada y remarketing<\/td><td>390 d\u00edas<\/td><td>HTTP<\/td><\/tr><tr><td>DSID<\/td><td>Google DoubleClick<\/td><td>Identificador para publicidad personalizada<\/td><td>14 d\u00edas<\/td><td>HTTP<\/td><\/tr><tr><td>test_cookie<\/td><td>Google DoubleClick<\/td><td>Verificar si el navegador acepta cookies<\/td><td>15 minutos<\/td><td>HTTP<\/td><\/tr><\/tbody><\/table><\/figure>\n\n\n\n<p><strong>5. Cookies de Redes Sociales<\/strong><\/p>\n\n\n\n<figure class=\"wp-block-table\"><table class=\"has-fixed-layout\"><thead><tr><th>Nombre<\/th><th>Proveedor<\/th><th>Finalidad<\/th><th>Duraci\u00f3n<\/th><th>Tipo<\/th><\/tr><\/thead><tbody><tr><td>_twitter_sess<\/td><td>Twitter<\/td><td>Integraci\u00f3n con funcionalidades de Twitter<\/td><td>Sesi\u00f3n<\/td><td>HTTP<\/td><\/tr><tr><td>personalization_id<\/td><td>Twitter<\/td><td>Personalizaci\u00f3n de contenido de Twitter<\/td><td>2 a\u00f1os<\/td><td>HTTP<\/td><\/tr><tr><td>VISITOR_INFO1_LIVE<\/td><td>YouTube<\/td><td>Medir ancho de banda de YouTube<\/td><td>179 d\u00edas<\/td><td>HTTP<\/td><\/tr><tr><td>YSC<\/td><td>YouTube<\/td><td>Registrar identificador \u00fanico para estad\u00edsticas de YouTube<\/td><td>Sesi\u00f3n<\/td><td>HTTP<\/td><\/tr><\/tbody><\/table><\/figure>\n\n\n\n<p><strong>6. Cookies de Reservas y E-commerce<\/strong><\/p>\n\n\n\n<figure class=\"wp-block-table\"><table class=\"has-fixed-layout\"><thead><tr><th>Nombre<\/th><th>Proveedor<\/th><th>Finalidad<\/th><th>Duraci\u00f3n<\/th><th>Tipo<\/th><\/tr><\/thead><tbody><tr><td>woocommerce_cart_hash<\/td><td>WooCommerce<\/td><td>Contiene informaci\u00f3n del carrito de compras<\/td><td>Sesi\u00f3n<\/td><td>HTTP<\/td><\/tr><tr><td>wp_woocommerce_session_*<\/td><td>WooCommerce<\/td><td>Identificador de sesi\u00f3n de tienda online<\/td><td>48 horas<\/td><td>HTTP<\/td><\/tr><tr><td>booking_selection<\/td><td>Propio<\/td><td>Almacena selecci\u00f3n de fechas y habitaciones<\/td><td>24 horas<\/td><td>HTTP<\/td><\/tr><tr><td>recent_searches<\/td><td>Propio<\/td><td>Guarda b\u00fasquedas recientes del usuario<\/td><td>7 d\u00edas<\/td><td>HTTP<\/td><\/tr><\/tbody><\/table><\/figure>\n\n\n\n<p><strong>7. Cookies de Personalizaci\u00f3n<\/strong><\/p>\n\n\n\n<figure class=\"wp-block-table\"><table class=\"has-fixed-layout\"><thead><tr><th>Nombre<\/th><th>Proveedor<\/th><th>Finalidad<\/th><th>Duraci\u00f3n<\/th><th>Tipo<\/th><\/tr><\/thead><tbody><tr><td>user_preferences<\/td><td>Propio<\/td><td>Preferencias de visualizaci\u00f3n del usuario<\/td><td>1 a\u00f1o<\/td><td>HTTP<\/td><\/tr><tr><td>weather_location<\/td><td>Propio<\/td><td>Ubicaci\u00f3n para mostrar informaci\u00f3n meteorol\u00f3gica<\/td><td>30 d\u00edas<\/td><td>HTTP<\/td><\/tr><tr><td>viewed_properties<\/td><td>Propio<\/td><td>Hoteles\/propiedades visitadas recientemente<\/td><td>30 d\u00edas<\/td><td>HTTP<\/td><\/tr><\/tbody><\/table><\/figure>\n","protected":false},"excerpt":{"rendered":"<p>De conformidad con el art\u00edculo 22 de la Ley de Servicios de la Sociedad de la Informaci\u00f3n y Comercio Electr\u00f3nico as\u00ed como en el Considerando (30) RGPD la presente P\u00e1gina Web recaba cookies de navegaci\u00f3n -peque\u00f1os archivos que contienen una serie de caracteres que se env\u00edan a su explorador desde el servidor de un sitio [&hellip;]<\/p>\n","protected":false},"author":1,"featured_media":0,"parent":0,"menu_order":0,"comment_status":"closed","ping_status":"closed","template":"","meta":{"footnotes":""},"class_list":["post-2319","page","type-page","status-publish","hentry"],"_links":{"self":[{"href":"https:\/\/cabauhotels.com\/bahia-suites-camp-de-mar\/wp-json\/wp\/v2\/pages\/2319","targetHints":{"allow":["GET"]}}],"collection":[{"href":"https:\/\/cabauhotels.com\/bahia-suites-camp-de-mar\/wp-json\/wp\/v2\/pages"}],"about":[{"href":"https:\/\/cabauhotels.com\/bahia-suites-camp-de-mar\/wp-json\/wp\/v2\/types\/page"}],"author":[{"embeddable":true,"href":"https:\/\/cabauhotels.com\/bahia-suites-camp-de-mar\/wp-json\/wp\/v2\/users\/1"}],"replies":[{"embeddable":true,"href":"https:\/\/cabauhotels.com\/bahia-suites-camp-de-mar\/wp-json\/wp\/v2\/comments?post=2319"}],"version-history":[{"count":1,"href":"https:\/\/cabauhotels.com\/bahia-suites-camp-de-mar\/wp-json\/wp\/v2\/pages\/2319\/revisions"}],"predecessor-version":[{"id":3938,"href":"https:\/\/cabauhotels.com\/bahia-suites-camp-de-mar\/wp-json\/wp\/v2\/pages\/2319\/revisions\/3938"}],"wp:attachment":[{"href":"https:\/\/cabauhotels.com\/bahia-suites-camp-de-mar\/wp-json\/wp\/v2\/media?parent=2319"}],"curies":[{"name":"wp","href":"https:\/\/api.w.org\/{rel}","templated":true}]}}