{"id":37,"date":"2023-11-08T09:27:09","date_gmt":"2023-11-08T08:27:09","guid":{"rendered":"https:\/\/cabauhotels.com\/bahia-staging\/?page_id=37"},"modified":"2025-09-16T08:14:36","modified_gmt":"2025-09-16T06:14:36","slug":"webcam","status":"publish","type":"page","link":"https:\/\/cabauhotels.com\/bahia-suites-camp-de-mar\/webcam\/","title":{"rendered":"Webcam"},"content":{"rendered":"\t\t<div data-elementor-type=\"wp-page\" data-elementor-id=\"37\" class=\"elementor elementor-37 elementor-bc-flex-widget\" data-elementor-post-type=\"page\">\n\t\t\t\t\t\t<section class=\"elementor-section elementor-top-section elementor-element elementor-element-80e5e29 elementor-section-boxed elementor-section-height-default elementor-section-height-default\" data-id=\"80e5e29\" data-element_type=\"section\" data-e-type=\"section\" data-settings=\"{&quot;background_background&quot;:&quot;classic&quot;}\">\n\t\t\t\t\t\t\t<div class=\"elementor-background-overlay\"><\/div>\n\t\t\t\t\t\t\t<div class=\"elementor-container elementor-column-gap-default\">\n\t\t\t\t\t<div class=\"elementor-column elementor-col-100 elementor-top-column elementor-element elementor-element-ee6799e\" data-id=\"ee6799e\" data-element_type=\"column\" data-e-type=\"column\">\n\t\t\t<div class=\"elementor-widget-wrap elementor-element-populated\">\n\t\t\t\t\t\t<div class=\"elementor-element elementor-element-546dc67 elementor-widget elementor-widget-heading\" data-id=\"546dc67\" data-element_type=\"widget\" data-e-type=\"widget\" data-widget_type=\"heading.default\">\n\t\t\t\t<div class=\"elementor-widget-container\">\n\t\t\t\t\t<h1 class=\"elementor-heading-title elementor-size-default\">Webcam en directo - Camp de Mar - Mallorca<\/h1>\t\t\t\t<\/div>\n\t\t\t\t<\/div>\n\t\t\t\t\t<\/div>\n\t\t<\/div>\n\t\t\t\t\t<\/div>\n\t\t<\/section>\n\t\t<div class=\"elementor-element elementor-element-12ad6c8 e-flex e-con-boxed e-con e-parent\" data-id=\"12ad6c8\" data-element_type=\"container\" data-e-type=\"container\">\n\t\t\t\t\t<div class=\"e-con-inner\">\n\t\t\t\t<div class=\"elementor-element elementor-element-0e39c8b elementor-widget elementor-widget-html\" data-id=\"0e39c8b\" data-element_type=\"widget\" data-e-type=\"widget\" data-widget_type=\"html.default\">\n\t\t\t\t<div class=\"elementor-widget-container\">\n\t\t\t\t\t<div id=\"neo-mask-widget\"><\/div>\n\t\t\t\t<\/div>\n\t\t\t\t<\/div>\n\t\t\t\t\t<\/div>\n\t\t\t\t<\/div>\n\t\t<div class=\"elementor-element elementor-element-45c2096 e-flex e-con-boxed e-con e-parent\" data-id=\"45c2096\" data-element_type=\"container\" data-e-type=\"container\">\n\t\t\t\t\t<div class=\"e-con-inner\">\n\t\t\t\t<div class=\"elementor-element elementor-element-d654a85 elementor-widget elementor-widget-text-editor\" data-id=\"d654a85\" data-element_type=\"widget\" data-e-type=\"widget\" data-widget_type=\"text-editor.default\">\n\t\t\t\t<div class=\"elementor-widget-container\">\n\t\t\t\t\t\t\t\t\t<p>As\u00ed est\u00e1 el tiempo en Mallorca en estos momentos.<\/p>\n<p>La webcam emite en directo desde las 6:00h a las 22:00h los 365 dias del a\u00f1o. Puede suscribirse a nuestra webcam en nuestro canal de Twitch: <a href=\"https:\/\/www.twitch.tv\/bahiasuites\" target=\"_blank\" rel=\"noopener\">https:\/\/www.twitch.tv\/bahiasuites<\/a><\/p>\t\t\t\t\t\t\t\t<\/div>\n\t\t\t\t<\/div>\n\t\t\t\t<div class=\"elementor-element elementor-element-d8b4366 elementor-widget elementor-widget-html\" data-id=\"d8b4366\" data-element_type=\"widget\" data-e-type=\"widget\" data-widget_type=\"html.default\">\n\t\t\t\t<div class=\"elementor-widget-container\">\n\t\t\t\t\t<script src= \"https:\/\/player.twitch.tv\/js\/embed\/v1.js\"><\/script>\n<div id=\"twitch-embed\"><\/div>\n<script type=\"text\/javascript\">\n  var options = {\n    width: \"100%\",\n    height: \"600\",\n    channel: \"bahiasuites\",\n  };\n  var player = new Twitch.Player(\"twitch-embed\", options);\n  player.setVolume(0.5);\n<\/script>\t\t\t\t<\/div>\n\t\t\t\t<\/div>\n\t\t\t\t\t<\/div>\n\t\t\t\t<\/div>\n\t\t\t\t<\/div>\n\t\t","protected":false},"excerpt":{"rendered":"<p>Webcam en directo &#8211; Camp de Mar &#8211; Mallorca As\u00ed est\u00e1 el tiempo en Mallorca en estos momentos. La webcam emite en directo desde las 6:00h a las 22:00h los 365 dias del a\u00f1o. Puede suscribirse a nuestra webcam en nuestro canal de Twitch: https:\/\/www.twitch.tv\/bahiasuites<\/p>\n","protected":false},"author":1,"featured_media":0,"parent":0,"menu_order":0,"comment_status":"closed","ping_status":"closed","template":"","meta":{"footnotes":""},"class_list":["post-37","page","type-page","status-publish","hentry"],"_links":{"self":[{"href":"https:\/\/cabauhotels.com\/bahia-suites-camp-de-mar\/wp-json\/wp\/v2\/pages\/37","targetHints":{"allow":["GET"]}}],"collection":[{"href":"https:\/\/cabauhotels.com\/bahia-suites-camp-de-mar\/wp-json\/wp\/v2\/pages"}],"about":[{"href":"https:\/\/cabauhotels.com\/bahia-suites-camp-de-mar\/wp-json\/wp\/v2\/types\/page"}],"author":[{"embeddable":true,"href":"https:\/\/cabauhotels.com\/bahia-suites-camp-de-mar\/wp-json\/wp\/v2\/users\/1"}],"replies":[{"embeddable":true,"href":"https:\/\/cabauhotels.com\/bahia-suites-camp-de-mar\/wp-json\/wp\/v2\/comments?post=37"}],"version-history":[{"count":19,"href":"https:\/\/cabauhotels.com\/bahia-suites-camp-de-mar\/wp-json\/wp\/v2\/pages\/37\/revisions"}],"predecessor-version":[{"id":3884,"href":"https:\/\/cabauhotels.com\/bahia-suites-camp-de-mar\/wp-json\/wp\/v2\/pages\/37\/revisions\/3884"}],"wp:attachment":[{"href":"https:\/\/cabauhotels.com\/bahia-suites-camp-de-mar\/wp-json\/wp\/v2\/media?parent=37"}],"curies":[{"name":"wp","href":"https:\/\/api.w.org\/{rel}","templated":true}]}}