{"id":3825,"date":"2025-03-19T10:25:43","date_gmt":"2025-03-19T09:25:43","guid":{"rendered":"https:\/\/cabauhotels.com\/cabau-collection\/"},"modified":"2025-12-15T08:52:24","modified_gmt":"2025-12-15T07:52:24","slug":"cabau-collection","status":"publish","type":"page","link":"https:\/\/cabauhotels.com\/de\/cabau-collection\/","title":{"rendered":"Cabau Collection"},"content":{"rendered":"\t\t<div data-elementor-type=\"wp-page\" data-elementor-id=\"3825\" class=\"elementor elementor-3825 elementor-2532\" data-elementor-post-type=\"page\">\n\t\t\t\t<div class=\"elementor-element elementor-element-29ae791 e-flex e-con-boxed e-con e-parent\" data-id=\"29ae791\" data-element_type=\"container\" data-e-type=\"container\" data-settings=\"{&quot;background_background&quot;:&quot;slideshow&quot;,&quot;background_slideshow_gallery&quot;:[{&quot;id&quot;:3511,&quot;url&quot;:&quot;https:\\\/\\\/cabauhotels.com\\\/wp-content\\\/uploads\\\/2025\\\/03\\\/FXT43005.webp&quot;},{&quot;id&quot;:3515,&quot;url&quot;:&quot;https:\\\/\\\/cabauhotels.com\\\/wp-content\\\/uploads\\\/2025\\\/03\\\/PHDG1568.webp&quot;},{&quot;id&quot;:3517,&quot;url&quot;:&quot;https:\\\/\\\/cabauhotels.com\\\/wp-content\\\/uploads\\\/2025\\\/03\\\/PHDG8778-HDR.webp&quot;},{&quot;id&quot;:3509,&quot;url&quot;:&quot;https:\\\/\\\/cabauhotels.com\\\/wp-content\\\/uploads\\\/2025\\\/03\\\/PHDG9482.webp&quot;},{&quot;id&quot;:3513,&quot;url&quot;:&quot;https:\\\/\\\/cabauhotels.com\\\/wp-content\\\/uploads\\\/2025\\\/03\\\/FXT43023.webp&quot;},{&quot;id&quot;:3507,&quot;url&quot;:&quot;https:\\\/\\\/cabauhotels.com\\\/wp-content\\\/uploads\\\/2025\\\/03\\\/PHDG8943-HDR-Copiar1.webp&quot;}],&quot;background_slideshow_slide_duration&quot;:3000,&quot;background_slideshow_ken_burns&quot;:&quot;yes&quot;,&quot;background_slideshow_loop&quot;:&quot;yes&quot;,&quot;background_slideshow_slide_transition&quot;:&quot;fade&quot;,&quot;background_slideshow_transition_duration&quot;:500,&quot;background_slideshow_ken_burns_zoom_direction&quot;:&quot;in&quot;}\">\n\t\t\t\t\t<div class=\"e-con-inner\">\n\t\t<div class=\"elementor-element elementor-element-f9018eb e-con-full e-flex e-con e-child\" data-id=\"f9018eb\" data-element_type=\"container\" data-e-type=\"container\">\n\t\t\t\t<div class=\"elementor-element elementor-element-c1a89aa elementor-widget elementor-widget-image\" data-id=\"c1a89aa\" data-element_type=\"widget\" data-e-type=\"widget\" data-widget_type=\"image.default\">\n\t\t\t\t<div class=\"elementor-widget-container\">\n\t\t\t\t\t\t\t\t\t\t\t\t\t\t\t<img fetchpriority=\"high\" decoding=\"async\" width=\"450\" height=\"123\" src=\"https:\/\/cabauhotels.com\/wp-content\/uploads\/2025\/04\/logo-cabauhotels-collection-blanco.webp\" class=\"attachment-large size-large wp-image-3799\" alt=\"\" srcset=\"https:\/\/cabauhotels.com\/wp-content\/uploads\/2025\/04\/logo-cabauhotels-collection-blanco.webp 450w, https:\/\/cabauhotels.com\/wp-content\/uploads\/2025\/04\/logo-cabauhotels-collection-blanco-300x82.webp 300w\" sizes=\"(max-width: 450px) 100vw, 450px\" \/>\t\t\t\t\t\t\t\t\t\t\t\t\t\t\t<\/div>\n\t\t\t\t<\/div>\n\t\t\t\t<div class=\"elementor-element elementor-element-473268f elementor-widget elementor-widget-heading\" data-id=\"473268f\" data-element_type=\"widget\" data-e-type=\"widget\" data-widget_type=\"heading.default\">\n\t\t\t\t<div class=\"elementor-widget-container\">\n\t\t\t\t\t<h2 class=\"elementor-heading-title elementor-size-default\">WAHRER LUXUS UND EXKLUSIVE ERLEBNISSE<\/h2>\t\t\t\t<\/div>\n\t\t\t\t<\/div>\n\t\t\t\t<\/div>\n\t\t\t\t\t<\/div>\n\t\t\t\t<\/div>\n\t\t<div class=\"elementor-element elementor-element-f9d1907 e-flex e-con-boxed e-con e-parent\" data-id=\"f9d1907\" data-element_type=\"container\" data-e-type=\"container\" data-settings=\"{&quot;background_background&quot;:&quot;classic&quot;}\">\n\t\t\t\t\t<div class=\"e-con-inner\">\n\t\t<div class=\"elementor-element elementor-element-0cbb296 e-con-full e-flex e-con e-child\" data-id=\"0cbb296\" data-element_type=\"container\" data-e-type=\"container\">\n\t\t\t\t<div class=\"elementor-element elementor-element-4d00b67 elementor-widget elementor-widget-html\" data-id=\"4d00b67\" data-element_type=\"widget\" data-e-type=\"widget\" data-widget_type=\"html.default\">\n\t\t\t\t<div class=\"elementor-widget-container\">\n\t\t\t\t\t<div id=\"neo-mask-widget\"><\/div>\n\t\t\t\t<\/div>\n\t\t\t\t<\/div>\n\t\t\t\t<\/div>\n\t\t<div class=\"elementor-element elementor-element-6beb1e2 e-con-full e-flex e-con e-child\" data-id=\"6beb1e2\" data-element_type=\"container\" data-e-type=\"container\">\n\t\t\t\t<div class=\"elementor-element elementor-element-9c766b9 elementor-widget elementor-widget-text-editor\" data-id=\"9c766b9\" data-element_type=\"widget\" data-e-type=\"widget\" data-widget_type=\"text-editor.default\">\n\t\t\t\t<div class=\"elementor-widget-container\">\n\t\t\t\t\t\t\t\t\t<p>Die <strong>Cabau Collection<\/strong> ist der anspruchsvollste Ausdruck der Cabau Hotels.<\/p>\n<p>Eine exklusive Kollektion von Hotels f\u00fcr alle, die ein zwangloses Luxuserlebnis suchen. Hier finden Sie die Einzigartigkeit eines jeden Hotels in Kombination mit einem au\u00dfergew\u00f6hnlichen Service und einem herzlichen Empfang.<\/p>\n<p>Jedes Hotel der <strong>Cabau Collection<\/strong> befindet sich in einer privilegierten Umgebung, in der Sie die lokale Essenz des jeweiligen Reiseziels genie\u00dfen k\u00f6nnen. Sie werden aus erster Hand eine Kombination aus Design, Komfort und Exklusivit\u00e4t erleben, die Sie vom ersten Moment Ihres Aufenthalts an willkommen hei\u00dfen wird.<\/p>\n<p>In den Hotels der <strong>Cabau Collection<\/strong> bedeutet Luxus Liebe zum Detail, Gastfreundschaft vom Feinsten und ein Erlebnis, an das Sie sich immer erinnern werden.<\/p>\n\t\t\t\t\t\t\t\t<\/div>\n\t\t\t\t<\/div>\n\t\t\t\t<\/div>\n\t\t<a class=\"elementor-element elementor-element-2aa3150 e-con-full e-flex e-con e-child\" data-id=\"2aa3150\" data-element_type=\"container\" data-e-type=\"container\" href=\"https:\/\/cabauhotels.com\/gloria-sant-jaume\/\" target=\"_blank\">\n\t\t<div class=\"elementor-element elementor-element-29004b8 e-con-full e-flex e-con e-child\" data-id=\"29004b8\" data-element_type=\"container\" data-e-type=\"container\">\n\t\t\t\t<div class=\"elementor-element elementor-element-4953f49 elementor-widget__width-inherit elementor-widget elementor-widget-image\" data-id=\"4953f49\" data-element_type=\"widget\" data-e-type=\"widget\" data-widget_type=\"image.default\">\n\t\t\t\t<div class=\"elementor-widget-container\">\n\t\t\t\t\t\t\t\t\t\t\t\t\t\t\t<img decoding=\"async\" width=\"416\" height=\"506\" src=\"https:\/\/cabauhotels.com\/wp-content\/uploads\/2023\/06\/6RUCPP8K8r79reySnbBJ-1.png\" class=\"attachment-full size-full wp-image-3393\" alt=\"\" srcset=\"https:\/\/cabauhotels.com\/wp-content\/uploads\/2023\/06\/6RUCPP8K8r79reySnbBJ-1.png 416w, https:\/\/cabauhotels.com\/wp-content\/uploads\/2023\/06\/6RUCPP8K8r79reySnbBJ-1-247x300.png 247w\" sizes=\"(max-width: 416px) 100vw, 416px\" \/>\t\t\t\t\t\t\t\t\t\t\t\t\t\t\t<\/div>\n\t\t\t\t<\/div>\n\t\t<div class=\"elementor-element elementor-element-c3ab614 e-con-full e-flex e-con e-child\" data-id=\"c3ab614\" data-element_type=\"container\" data-e-type=\"container\">\n\t\t\t\t<div class=\"elementor-element elementor-element-d0ab1eb elementor-widget__width-inherit elementor-widget elementor-widget-text-editor\" data-id=\"d0ab1eb\" data-element_type=\"widget\" data-e-type=\"widget\" data-widget_type=\"text-editor.default\">\n\t\t\t\t<div class=\"elementor-widget-container\">\n\t\t\t\t\t\t\t\t\t<div>Hotel Gloria de Sant Jaume<\/div>\n\t\t\t\t\t\t\t\t<\/div>\n\t\t\t\t<\/div>\n\t\t\t\t<div class=\"elementor-element elementor-element-10cde40 elementor-widget__width-auto elementor-widget elementor-widget-text-editor\" data-id=\"10cde40\" data-element_type=\"widget\" data-e-type=\"widget\" data-widget_type=\"text-editor.default\">\n\t\t\t\t<div class=\"elementor-widget-container\">\n\t\t\t\t\t\t\t\t\t<div>Palma de Mallorca<\/div>\n\t\t\t\t\t\t\t\t<\/div>\n\t\t\t\t<\/div>\n\t\t\t\t<\/div>\n\t\t<div class=\"elementor-element elementor-element-7f1a9b7 e-con-full e-flex e-con e-child\" data-id=\"7f1a9b7\" data-element_type=\"container\" data-e-type=\"container\" data-settings=\"{&quot;background_background&quot;:&quot;classic&quot;,&quot;position&quot;:&quot;absolute&quot;}\">\n\t\t\t\t<div class=\"elementor-element elementor-element-e3b3eb1 elementor-widget elementor-widget-image\" data-id=\"e3b3eb1\" data-element_type=\"widget\" data-e-type=\"widget\" data-widget_type=\"image.default\">\n\t\t\t\t<div class=\"elementor-widget-container\">\n\t\t\t\t\t\t\t\t\t\t\t\t\t\t\t<img decoding=\"async\" width=\"50\" height=\"50\" src=\"https:\/\/cabauhotels.com\/wp-content\/uploads\/2025\/02\/cabau-collection-logo-cuadrado-peq-e1739180989295.webp\" class=\"attachment-full size-full wp-image-3587\" alt=\"\" \/>\t\t\t\t\t\t\t\t\t\t\t\t\t\t\t<\/div>\n\t\t\t\t<\/div>\n\t\t\t\t<\/div>\n\t\t\t\t<\/div>\n\t\t\t\t<\/a>\n\t\t<a class=\"elementor-element elementor-element-57eaa39 e-con-full e-flex e-con e-child\" data-id=\"57eaa39\" data-element_type=\"container\" data-e-type=\"container\" href=\"https:\/\/cabauhotels.com\/bahia-suites-camp-de-mar\/\" target=\"_blank\">\n\t\t<div class=\"elementor-element elementor-element-3598d50 e-con-full e-flex e-con e-child\" data-id=\"3598d50\" data-element_type=\"container\" data-e-type=\"container\">\n\t\t\t\t<div class=\"elementor-element elementor-element-defd2f7 elementor-widget__width-inherit elementor-widget elementor-widget-image\" data-id=\"defd2f7\" data-element_type=\"widget\" data-e-type=\"widget\" data-widget_type=\"image.default\">\n\t\t\t\t<div class=\"elementor-widget-container\">\n\t\t\t\t\t\t\t\t\t\t\t\t\t\t\t<img loading=\"lazy\" decoding=\"async\" width=\"416\" height=\"506\" src=\"https:\/\/cabauhotels.com\/wp-content\/uploads\/2023\/06\/mEU0hqtFnvaoMBxCrQZK-1.png\" class=\"attachment-full size-full wp-image-3401\" alt=\"\" srcset=\"https:\/\/cabauhotels.com\/wp-content\/uploads\/2023\/06\/mEU0hqtFnvaoMBxCrQZK-1.png 416w, https:\/\/cabauhotels.com\/wp-content\/uploads\/2023\/06\/mEU0hqtFnvaoMBxCrQZK-1-247x300.png 247w\" sizes=\"(max-width: 416px) 100vw, 416px\" \/>\t\t\t\t\t\t\t\t\t\t\t\t\t\t\t<\/div>\n\t\t\t\t<\/div>\n\t\t<div class=\"elementor-element elementor-element-a9cb3a8 e-con-full e-flex e-con e-child\" data-id=\"a9cb3a8\" data-element_type=\"container\" data-e-type=\"container\" data-settings=\"{&quot;background_background&quot;:&quot;classic&quot;,&quot;position&quot;:&quot;absolute&quot;}\">\n\t\t\t\t<div class=\"elementor-element elementor-element-8c4907f elementor-widget elementor-widget-image\" data-id=\"8c4907f\" data-element_type=\"widget\" data-e-type=\"widget\" data-widget_type=\"image.default\">\n\t\t\t\t<div class=\"elementor-widget-container\">\n\t\t\t\t\t\t\t\t\t\t\t\t\t\t\t<img decoding=\"async\" width=\"50\" height=\"50\" src=\"https:\/\/cabauhotels.com\/wp-content\/uploads\/2025\/02\/cabau-collection-logo-cuadrado-peq-e1739180989295.webp\" class=\"attachment-full size-full wp-image-3587\" alt=\"\" \/>\t\t\t\t\t\t\t\t\t\t\t\t\t\t\t<\/div>\n\t\t\t\t<\/div>\n\t\t\t\t<\/div>\n\t\t<div class=\"elementor-element elementor-element-c658f7c e-con-full e-flex e-con e-child\" data-id=\"c658f7c\" data-element_type=\"container\" data-e-type=\"container\">\n\t\t\t\t<div class=\"elementor-element elementor-element-427ff81 elementor-widget__width-inherit elementor-widget elementor-widget-text-editor\" data-id=\"427ff81\" data-element_type=\"widget\" data-e-type=\"widget\" data-widget_type=\"text-editor.default\">\n\t\t\t\t<div class=\"elementor-widget-container\">\n\t\t\t\t\t\t\t\t\t<div>Bahia Camp de Mar Suiten<\/div>\n\t\t\t\t\t\t\t\t<\/div>\n\t\t\t\t<\/div>\n\t\t\t\t<div class=\"elementor-element elementor-element-c261328 elementor-widget__width-auto elementor-widget elementor-widget-text-editor\" data-id=\"c261328\" data-element_type=\"widget\" data-e-type=\"widget\" data-widget_type=\"text-editor.default\">\n\t\t\t\t<div class=\"elementor-widget-container\">\n\t\t\t\t\t\t\t\t\t<div>Camp de Mar : Mallorca<\/div>\n\t\t\t\t\t\t\t\t<\/div>\n\t\t\t\t<\/div>\n\t\t\t\t<\/div>\n\t\t\t\t<\/div>\n\t\t\t\t<\/a>\n\t\t<a class=\"elementor-element elementor-element-a8bc165 e-con-full e-flex e-con e-child\" data-id=\"a8bc165\" data-element_type=\"container\" data-e-type=\"container\" href=\"https:\/\/cabauhotels.com\/sargamassa-villas\/\" target=\"_blank\">\n\t\t<div class=\"elementor-element elementor-element-3bb5d6a e-con-full e-flex e-con e-child\" data-id=\"3bb5d6a\" data-element_type=\"container\" data-e-type=\"container\">\n\t\t\t\t<div class=\"elementor-element elementor-element-96ee760 elementor-widget__width-inherit elementor-widget elementor-widget-image\" data-id=\"96ee760\" data-element_type=\"widget\" data-e-type=\"widget\" data-widget_type=\"image.default\">\n\t\t\t\t<div class=\"elementor-widget-container\">\n\t\t\t\t\t\t\t\t\t\t\t\t\t\t\t<img loading=\"lazy\" decoding=\"async\" width=\"416\" height=\"506\" src=\"https:\/\/cabauhotels.com\/wp-content\/uploads\/2023\/06\/DAVU8fUnDRMMCy2p6Ug9-1.png\" class=\"attachment-full size-full wp-image-3409\" alt=\"\" srcset=\"https:\/\/cabauhotels.com\/wp-content\/uploads\/2023\/06\/DAVU8fUnDRMMCy2p6Ug9-1.png 416w, https:\/\/cabauhotels.com\/wp-content\/uploads\/2023\/06\/DAVU8fUnDRMMCy2p6Ug9-1-247x300.png 247w\" sizes=\"(max-width: 416px) 100vw, 416px\" \/>\t\t\t\t\t\t\t\t\t\t\t\t\t\t\t<\/div>\n\t\t\t\t<\/div>\n\t\t<div class=\"elementor-element elementor-element-d27148f e-con-full e-flex e-con e-child\" data-id=\"d27148f\" data-element_type=\"container\" data-e-type=\"container\" data-settings=\"{&quot;background_background&quot;:&quot;classic&quot;,&quot;position&quot;:&quot;absolute&quot;}\">\n\t\t\t\t<div class=\"elementor-element elementor-element-8b90579 elementor-widget elementor-widget-image\" data-id=\"8b90579\" data-element_type=\"widget\" data-e-type=\"widget\" data-widget_type=\"image.default\">\n\t\t\t\t<div class=\"elementor-widget-container\">\n\t\t\t\t\t\t\t\t\t\t\t\t\t\t\t<img decoding=\"async\" width=\"50\" height=\"50\" src=\"https:\/\/cabauhotels.com\/wp-content\/uploads\/2025\/02\/cabau-collection-logo-cuadrado-peq-e1739180989295.webp\" class=\"attachment-full size-full wp-image-3587\" alt=\"\" \/>\t\t\t\t\t\t\t\t\t\t\t\t\t\t\t<\/div>\n\t\t\t\t<\/div>\n\t\t\t\t<\/div>\n\t\t<div class=\"elementor-element elementor-element-5811e00 e-con-full e-flex e-con e-child\" data-id=\"5811e00\" data-element_type=\"container\" data-e-type=\"container\">\n\t\t\t\t<div class=\"elementor-element elementor-element-c418a82 elementor-widget__width-inherit elementor-widget elementor-widget-text-editor\" data-id=\"c418a82\" data-element_type=\"widget\" data-e-type=\"widget\" data-widget_type=\"text-editor.default\">\n\t\t\t\t<div class=\"elementor-widget-container\">\n\t\t\t\t\t\t\t\t\t<div>S&#8217;Argamassa Villen<\/div>\n\t\t\t\t\t\t\t\t<\/div>\n\t\t\t\t<\/div>\n\t\t\t\t<div class=\"elementor-element elementor-element-71f098d elementor-widget__width-auto elementor-widget elementor-widget-text-editor\" data-id=\"71f098d\" data-element_type=\"widget\" data-e-type=\"widget\" data-widget_type=\"text-editor.default\">\n\t\t\t\t<div class=\"elementor-widget-container\">\n\t\t\t\t\t\t\t\t\t<div>Santa Eulalia | Ibiza<\/div>\n\t\t\t\t\t\t\t\t<\/div>\n\t\t\t\t<\/div>\n\t\t\t\t<\/div>\n\t\t\t\t<\/div>\n\t\t\t\t<\/a>\n\t\t\t\t\t<\/div>\n\t\t\t\t<\/div>\n\t\t<div class=\"elementor-element elementor-element-336536f e-con-full e-flex e-con e-parent\" data-id=\"336536f\" data-element_type=\"container\" data-e-type=\"container\" data-settings=\"{&quot;background_background&quot;:&quot;classic&quot;}\">\n\t\t<div class=\"elementor-element elementor-element-cc56165 e-con-full e-flex e-con e-child\" data-id=\"cc56165\" data-element_type=\"container\" data-e-type=\"container\" data-settings=\"{&quot;background_background&quot;:&quot;classic&quot;}\">\n\t\t\t\t<div class=\"elementor-element elementor-element-e6f932a elementor-widget__width-inherit elementor-widget elementor-widget-text-editor\" data-id=\"e6f932a\" data-element_type=\"widget\" data-e-type=\"widget\" data-widget_type=\"text-editor.default\">\n\t\t\t\t<div class=\"elementor-widget-container\">\n\t\t\t\t\t\t\t\t\t<p>Was macht die Cabau Collection so besonders?<\/p>\n\t\t\t\t\t\t\t\t<\/div>\n\t\t\t\t<\/div>\n\t\t\t\t<div class=\"elementor-element elementor-element-4c2f69a elementor-widget__width-initial elementor-widget elementor-widget-text-editor\" data-id=\"4c2f69a\" data-element_type=\"widget\" data-e-type=\"widget\" data-widget_type=\"text-editor.default\">\n\t\t\t\t<div class=\"elementor-widget-container\">\n\t\t\t\t\t\t\t\t\t<p>\u2022 <b>Privilegierte Standorte<\/b> an Traumzielen.<\/p>\n<p>\u2022 <b>Anspruchsvolles Design<\/b> und einzigartiger Charakter, der die lokale Essenz respektiert.<\/p>\n<p>\u2022 <b>Exklusive und personalisierte Erlebnisse<\/b>, von der Spitzengastronomie bis hin zu Wellness und Entspannung.<\/p>\n<p>\u2022 <b>Enger Service<\/b>, bei dem Sie sich als Teil der Familie f\u00fchlen werden.<\/p>\n<\/p>\n<p>Entdecken Sie die vertrautere <b>Seite des Luxus<\/b> mit der <b>Cabau Collection<\/b>, wo jeder Aufenthalt zu einer Sammlung einzigartiger Momente wird.<\/p>\n<p><b> <\/b><\/p>\n<p><b>Buchen Sie Ihr exklusives Erlebnis bei Cabau Collection und lassen Sie sich \u00fcberraschen.<\/b><\/p>\n\t\t\t\t\t\t\t\t<\/div>\n\t\t\t\t<\/div>\n\t\t\t\t<div class=\"elementor-element elementor-element-578cd7f elementor-widget elementor-widget-button\" data-id=\"578cd7f\" data-element_type=\"widget\" data-e-type=\"widget\" data-widget_type=\"button.default\">\n\t\t\t\t<div class=\"elementor-widget-container\">\n\t\t\t\t\t\t\t\t\t<div class=\"elementor-button-wrapper\">\n\t\t\t\t\t<a class=\"elementor-button elementor-button-link elementor-size-sm\" href=\"https:\/\/bookings.cabauhotels.com\" target=\"_blank\">\n\t\t\t\t\t\t<span class=\"elementor-button-content-wrapper\">\n\t\t\t\t\t\t\t\t\t<span class=\"elementor-button-text\">BUCHEN<\/span>\n\t\t\t\t\t<\/span>\n\t\t\t\t\t<\/a>\n\t\t\t\t<\/div>\n\t\t\t\t\t\t\t\t<\/div>\n\t\t\t\t<\/div>\n\t\t\t\t<\/div>\n\t\t\t\t<div class=\"elementor-element elementor-element-a91ab76 elementor-absolute elementor-widget__width-initial elementor-widget elementor-widget-image\" data-id=\"a91ab76\" data-element_type=\"widget\" data-e-type=\"widget\" data-settings=\"{&quot;_position&quot;:&quot;absolute&quot;}\" data-widget_type=\"image.default\">\n\t\t\t\t<div class=\"elementor-widget-container\">\n\t\t\t\t\t\t\t\t\t\t\t\t\t\t\t<img loading=\"lazy\" decoding=\"async\" width=\"1024\" height=\"316\" src=\"https:\/\/cabauhotels.com\/wp-content\/uploads\/2025\/02\/logo-footer-grande-fondo-transp-home.svg\" class=\"attachment-large size-large wp-image-3581\" alt=\"\" \/>\t\t\t\t\t\t\t\t\t\t\t\t\t\t\t<\/div>\n\t\t\t\t<\/div>\n\t\t<div class=\"elementor-element elementor-element-18bcabc e-con-full e-flex e-con e-child\" data-id=\"18bcabc\" data-element_type=\"container\" data-e-type=\"container\" data-settings=\"{&quot;background_background&quot;:&quot;classic&quot;}\">\n\t\t\t\t<div class=\"elementor-element elementor-element-eb42cff elementor-widget elementor-widget-image\" data-id=\"eb42cff\" data-element_type=\"widget\" data-e-type=\"widget\" data-widget_type=\"image.default\">\n\t\t\t\t<div class=\"elementor-widget-container\">\n\t\t\t\t\t\t\t\t\t\t\t\t\t\t\t<img loading=\"lazy\" decoding=\"async\" width=\"1024\" height=\"1024\" src=\"https:\/\/cabauhotels.com\/wp-content\/uploads\/2025\/03\/collection_simbolo_01-1024x1024.webp\" class=\"attachment-large size-large wp-image-3733\" alt=\"\" srcset=\"https:\/\/cabauhotels.com\/wp-content\/uploads\/2025\/03\/collection_simbolo_01-1024x1024.webp 1024w, https:\/\/cabauhotels.com\/wp-content\/uploads\/2025\/03\/collection_simbolo_01-300x300.webp 300w, https:\/\/cabauhotels.com\/wp-content\/uploads\/2025\/03\/collection_simbolo_01-150x150.webp 150w, https:\/\/cabauhotels.com\/wp-content\/uploads\/2025\/03\/collection_simbolo_01-768x768.webp 768w, https:\/\/cabauhotels.com\/wp-content\/uploads\/2025\/03\/collection_simbolo_01.webp 1170w\" sizes=\"(max-width: 1024px) 100vw, 1024px\" \/>\t\t\t\t\t\t\t\t\t\t\t\t\t\t\t<\/div>\n\t\t\t\t<\/div>\n\t\t\t\t<\/div>\n\t\t\t\t<\/div>\n\t\t\t\t<\/div>\n\t\t","protected":false},"excerpt":{"rendered":"<p>WAHRER LUXUS UND EXKLUSIVE ERLEBNISSE Die Cabau Collection ist der anspruchsvollste Ausdruck der Cabau Hotels. Eine exklusive Kollektion von Hotels f\u00fcr alle, die ein zwangloses Luxuserlebnis suchen. Hier finden Sie die Einzigartigkeit eines jeden Hotels in Kombination mit einem au\u00dfergew\u00f6hnlichen Service und einem herzlichen Empfang. Jedes Hotel der Cabau Collection befindet sich in einer privilegierten [&hellip;]<\/p>\n","protected":false},"author":1,"featured_media":0,"parent":0,"menu_order":0,"comment_status":"closed","ping_status":"closed","template":"","meta":{"_acf_changed":false,"site-sidebar-layout":"no-sidebar","site-content-layout":"page-builder","ast-site-content-layout":"full-width-container","site-content-style":"default","site-sidebar-style":"default","ast-global-header-display":"","ast-banner-title-visibility":"","ast-main-header-display":"","ast-hfb-above-header-display":"","ast-hfb-below-header-display":"","ast-hfb-mobile-header-display":"","site-post-title":"disabled","ast-breadcrumbs-content":"","ast-featured-img":"disabled","footer-sml-layout":"","ast-disable-related-posts":"","theme-transparent-header-meta":"","adv-header-id-meta":"","stick-header-meta":"","header-above-stick-meta":"","header-main-stick-meta":"","header-below-stick-meta":"","astra-migrate-meta-layouts":"default","ast-page-background-enabled":"default","ast-page-background-meta":{"desktop":{"background-color":"","background-image":"","background-repeat":"repeat","background-position":"center center","background-size":"auto","background-attachment":"scroll","background-type":"","background-media":"","overlay-type":"","overlay-color":"","overlay-opacity":"","overlay-gradient":""},"tablet":{"background-color":"","background-image":"","background-repeat":"repeat","background-position":"center center","background-size":"auto","background-attachment":"scroll","background-type":"","background-media":"","overlay-type":"","overlay-color":"","overlay-opacity":"","overlay-gradient":""},"mobile":{"background-color":"","background-image":"","background-repeat":"repeat","background-position":"center center","background-size":"auto","background-attachment":"scroll","background-type":"","background-media":"","overlay-type":"","overlay-color":"","overlay-opacity":"","overlay-gradient":""}},"ast-content-background-meta":{"desktop":{"background-color":"var(--ast-global-color-5)","background-image":"","background-repeat":"repeat","background-position":"center center","background-size":"auto","background-attachment":"scroll","background-type":"","background-media":"","overlay-type":"","overlay-color":"","overlay-opacity":"","overlay-gradient":""},"tablet":{"background-color":"var(--ast-global-color-5)","background-image":"","background-repeat":"repeat","background-position":"center center","background-size":"auto","background-attachment":"scroll","background-type":"","background-media":"","overlay-type":"","overlay-color":"","overlay-opacity":"","overlay-gradient":""},"mobile":{"background-color":"var(--ast-global-color-5)","background-image":"","background-repeat":"repeat","background-position":"center center","background-size":"auto","background-attachment":"scroll","background-type":"","background-media":"","overlay-type":"","overlay-color":"","overlay-opacity":"","overlay-gradient":""}},"footnotes":""},"class_list":["post-3825","page","type-page","status-publish","hentry"],"acf":[],"_links":{"self":[{"href":"https:\/\/cabauhotels.com\/de\/wp-json\/wp\/v2\/pages\/3825","targetHints":{"allow":["GET"]}}],"collection":[{"href":"https:\/\/cabauhotels.com\/de\/wp-json\/wp\/v2\/pages"}],"about":[{"href":"https:\/\/cabauhotels.com\/de\/wp-json\/wp\/v2\/types\/page"}],"author":[{"embeddable":true,"href":"https:\/\/cabauhotels.com\/de\/wp-json\/wp\/v2\/users\/1"}],"replies":[{"embeddable":true,"href":"https:\/\/cabauhotels.com\/de\/wp-json\/wp\/v2\/comments?post=3825"}],"version-history":[{"count":3,"href":"https:\/\/cabauhotels.com\/de\/wp-json\/wp\/v2\/pages\/3825\/revisions"}],"predecessor-version":[{"id":5680,"href":"https:\/\/cabauhotels.com\/de\/wp-json\/wp\/v2\/pages\/3825\/revisions\/5680"}],"wp:attachment":[{"href":"https:\/\/cabauhotels.com\/de\/wp-json\/wp\/v2\/media?parent=3825"}],"curies":[{"name":"wp","href":"https:\/\/api.w.org\/{rel}","templated":true}]}}