{"id":3851,"date":"2025-04-08T12:19:52","date_gmt":"2025-04-08T10:19:52","guid":{"rendered":"https:\/\/cabauhotels.com\/reservierungen\/"},"modified":"2026-03-31T10:28:47","modified_gmt":"2026-03-31T08:28:47","slug":"reservierungen","status":"publish","type":"page","link":"https:\/\/cabauhotels.com\/de\/reservierungen\/","title":{"rendered":"Reservierungen"},"content":{"rendered":"\t\t<div data-elementor-type=\"wp-page\" data-elementor-id=\"3851\" class=\"elementor elementor-3851 elementor-3174\" data-elementor-post-type=\"page\">\n\t\t\t\t<div class=\"elementor-element elementor-element-29ae791 e-flex e-con-boxed e-con e-parent\" data-id=\"29ae791\" data-element_type=\"container\" data-e-type=\"container\" data-settings=\"{&quot;background_background&quot;:&quot;slideshow&quot;,&quot;background_slideshow_gallery&quot;:[{&quot;id&quot;:3511,&quot;url&quot;:&quot;https:\\\/\\\/cabauhotels.com\\\/wp-content\\\/uploads\\\/2025\\\/03\\\/FXT43005.webp&quot;},{&quot;id&quot;:3769,&quot;url&quot;:&quot;https:\\\/\\\/cabauhotels.com\\\/wp-content\\\/uploads\\\/2025\\\/04\\\/platges-de-comte-ibiza.webp&quot;},{&quot;id&quot;:3789,&quot;url&quot;:&quot;https:\\\/\\\/cabauhotels.com\\\/wp-content\\\/uploads\\\/2025\\\/04\\\/ibiza-calles.webp&quot;},{&quot;id&quot;:3517,&quot;url&quot;:&quot;https:\\\/\\\/cabauhotels.com\\\/wp-content\\\/uploads\\\/2025\\\/03\\\/PHDG8778-HDR.webp&quot;},{&quot;id&quot;:3791,&quot;url&quot;:&quot;https:\\\/\\\/cabauhotels.com\\\/wp-content\\\/uploads\\\/2025\\\/04\\\/ibiza-playa-salada-y-saladeta.webp&quot;},{&quot;id&quot;:3765,&quot;url&quot;:&quot;https:\\\/\\\/cabauhotels.com\\\/wp-content\\\/uploads\\\/2025\\\/04\\\/Gran-Canaria-rocky-cliff-and-desert-area-next-to-the-ocean.webp&quot;},{&quot;id&quot;:3761,&quot;url&quot;:&quot;https:\\\/\\\/cabauhotels.com\\\/wp-content\\\/uploads\\\/2025\\\/04\\\/mogan-puerto-rico-gran-canaria.webp&quot;},{&quot;id&quot;:3759,&quot;url&quot;:&quot;https:\\\/\\\/cabauhotels.com\\\/wp-content\\\/uploads\\\/2025\\\/04\\\/Roque-Palmes-cerca-de-Roque-Nublo-Gran-Canaria.webp&quot;}],&quot;background_slideshow_slide_duration&quot;:3000,&quot;background_slideshow_ken_burns&quot;:&quot;yes&quot;,&quot;background_slideshow_loop&quot;:&quot;yes&quot;,&quot;background_slideshow_slide_transition&quot;:&quot;fade&quot;,&quot;background_slideshow_transition_duration&quot;:500,&quot;background_slideshow_ken_burns_zoom_direction&quot;:&quot;in&quot;}\">\n\t\t\t\t\t<div class=\"e-con-inner\">\n\t\t<div class=\"elementor-element elementor-element-f9018eb e-con-full e-flex e-con e-child\" data-id=\"f9018eb\" data-element_type=\"container\" data-e-type=\"container\">\n\t\t\t\t<div class=\"elementor-element elementor-element-789147d elementor-widget elementor-widget-image\" data-id=\"789147d\" data-element_type=\"widget\" data-e-type=\"widget\" data-widget_type=\"image.default\">\n\t\t\t\t<div class=\"elementor-widget-container\">\n\t\t\t\t\t\t\t\t\t\t\t\t\t\t\t<img fetchpriority=\"high\" decoding=\"async\" width=\"919\" height=\"301\" src=\"https:\/\/cabauhotels.com\/wp-content\/uploads\/2026\/03\/cabau-circle-dorado_blanco.webp\" class=\"attachment-large size-large wp-image-6090\" alt=\"\" srcset=\"https:\/\/cabauhotels.com\/wp-content\/uploads\/2026\/03\/cabau-circle-dorado_blanco.webp 919w, https:\/\/cabauhotels.com\/wp-content\/uploads\/2026\/03\/cabau-circle-dorado_blanco-300x98.webp 300w, https:\/\/cabauhotels.com\/wp-content\/uploads\/2026\/03\/cabau-circle-dorado_blanco-768x252.webp 768w\" sizes=\"(max-width: 919px) 100vw, 919px\" \/>\t\t\t\t\t\t\t\t\t\t\t\t\t\t\t<\/div>\n\t\t\t\t<\/div>\n\t\t\t\t<div class=\"elementor-element elementor-element-473268f elementor-widget elementor-widget-heading\" data-id=\"473268f\" data-element_type=\"widget\" data-e-type=\"widget\" data-widget_type=\"heading.default\">\n\t\t\t\t<div class=\"elementor-widget-container\">\n\t\t\t\t\t<h2 class=\"elementor-heading-title elementor-size-default\">Hotel buchen in Mallorca, Ibiza oder Gran Canaria<\/h2>\t\t\t\t<\/div>\n\t\t\t\t<\/div>\n\t\t\t\t<div class=\"elementor-element elementor-element-b57b55f elementor-widget elementor-widget-html\" data-id=\"b57b55f\" data-element_type=\"widget\" data-e-type=\"widget\" data-widget_type=\"html.default\">\n\t\t\t\t<div class=\"elementor-widget-container\">\n\t\t\t\t\t<div id=\"neo-mask-widget\"><\/div>\n\t\t\t\t<\/div>\n\t\t\t\t<\/div>\n\t\t\t\t<\/div>\n\t\t\t\t\t<\/div>\n\t\t\t\t<\/div>\n\t\t<div class=\"elementor-element elementor-element-92449c9 e-con-full e-flex e-con e-parent\" data-id=\"92449c9\" data-element_type=\"container\" data-e-type=\"container\" data-settings=\"{&quot;background_background&quot;:&quot;classic&quot;}\">\n\t\t<div class=\"elementor-element elementor-element-b7a2832 e-con-full e-flex e-con e-child\" data-id=\"b7a2832\" data-element_type=\"container\" data-e-type=\"container\" data-settings=\"{&quot;background_background&quot;:&quot;classic&quot;}\">\n\t\t<div class=\"elementor-element elementor-element-f61eb23 e-con-full e-flex e-con e-child\" data-id=\"f61eb23\" data-element_type=\"container\" data-e-type=\"container\" data-settings=\"{&quot;background_background&quot;:&quot;classic&quot;}\">\n\t\t<div class=\"elementor-element elementor-element-10430a5 e-grid e-con-full e-con e-child\" data-id=\"10430a5\" data-element_type=\"container\" data-e-type=\"container\">\n\t\t\t\t<div class=\"elementor-element elementor-element-bac96cb elementor-widget elementor-widget-image\" data-id=\"bac96cb\" data-element_type=\"widget\" data-e-type=\"widget\" data-widget_type=\"image.default\">\n\t\t\t\t<div class=\"elementor-widget-container\">\n\t\t\t\t\t\t\t\t\t\t\t\t\t\t\t<img decoding=\"async\" width=\"1024\" height=\"572\" src=\"https:\/\/cabauhotels.com\/wp-content\/uploads\/2026\/03\/cabau-circle.webp\" class=\"attachment-large size-large wp-image-6046\" alt=\"\" srcset=\"https:\/\/cabauhotels.com\/wp-content\/uploads\/2026\/03\/cabau-circle.webp 1024w, https:\/\/cabauhotels.com\/wp-content\/uploads\/2026\/03\/cabau-circle-300x168.webp 300w, https:\/\/cabauhotels.com\/wp-content\/uploads\/2026\/03\/cabau-circle-768x429.webp 768w\" sizes=\"(max-width: 1024px) 100vw, 1024px\" \/>\t\t\t\t\t\t\t\t\t\t\t\t\t\t\t<\/div>\n\t\t\t\t<\/div>\n\t\t<div class=\"elementor-element elementor-element-d3d3956 e-con-full e-flex e-con e-child\" data-id=\"d3d3956\" data-element_type=\"container\" data-e-type=\"container\">\n\t\t\t\t<div class=\"elementor-element elementor-element-3deb8fc elementor-widget elementor-widget-image\" data-id=\"3deb8fc\" data-element_type=\"widget\" data-e-type=\"widget\" data-widget_type=\"image.default\">\n\t\t\t\t<div class=\"elementor-widget-container\">\n\t\t\t\t\t\t\t\t\t\t\t\t\t\t\t<img decoding=\"async\" width=\"779\" height=\"301\" src=\"https:\/\/cabauhotels.com\/wp-content\/uploads\/2026\/03\/cabau-circle-dorado.webp\" class=\"attachment-large size-large wp-image-6052\" alt=\"\" srcset=\"https:\/\/cabauhotels.com\/wp-content\/uploads\/2026\/03\/cabau-circle-dorado.webp 779w, https:\/\/cabauhotels.com\/wp-content\/uploads\/2026\/03\/cabau-circle-dorado-300x116.webp 300w, https:\/\/cabauhotels.com\/wp-content\/uploads\/2026\/03\/cabau-circle-dorado-768x297.webp 768w\" sizes=\"(max-width: 779px) 100vw, 779px\" \/>\t\t\t\t\t\t\t\t\t\t\t\t\t\t\t<\/div>\n\t\t\t\t<\/div>\n\t\t\t\t<div class=\"elementor-element elementor-element-3c40a16 elementor-widget elementor-widget-text-editor\" data-id=\"3c40a16\" data-element_type=\"widget\" data-e-type=\"widget\" data-widget_type=\"text-editor.default\">\n\t\t\t\t<div class=\"elementor-widget-container\">\n\t\t\t\t\t\t\t\t\t<p>Melde dich kostenlos bei unserem Treueprogramm an und erhalte Zugang zu exklusiven Rabatten und einzigartigen Angeboten, wenn du <strong>direkt bei uns buchst.<\/strong><\/p>\t\t\t\t\t\t\t\t<\/div>\n\t\t\t\t<\/div>\n\t\t\t\t<div class=\"elementor-element elementor-element-b501a7b elementor-align-center elementor-widget elementor-widget-button\" data-id=\"b501a7b\" data-element_type=\"widget\" data-e-type=\"widget\" data-widget_type=\"button.default\">\n\t\t\t\t<div class=\"elementor-widget-container\">\n\t\t\t\t\t\t\t\t\t<div class=\"elementor-button-wrapper\">\n\t\t\t\t\t<a class=\"elementor-button elementor-button-link elementor-size-sm\" href=\"https:\/\/cabauhotels.com\/de\/reservierungen\/\">\n\t\t\t\t\t\t<span class=\"elementor-button-content-wrapper\">\n\t\t\t\t\t\t\t\t\t<span class=\"elementor-button-text\">Werden sie Mitglied<\/span>\n\t\t\t\t\t<\/span>\n\t\t\t\t\t<\/a>\n\t\t\t\t<\/div>\n\t\t\t\t\t\t\t\t<\/div>\n\t\t\t\t<\/div>\n\t\t\t\t<\/div>\n\t\t\t\t<\/div>\n\t\t\t\t<\/div>\n\t\t\t\t<\/div>\n\t\t\t\t<\/div>\n\t\t\t\t<section class=\"elementor-section elementor-top-section elementor-element elementor-element-f58ff48 elementor-section-boxed elementor-section-height-default elementor-section-height-default\" data-id=\"f58ff48\" data-element_type=\"section\" data-e-type=\"section\">\n\t\t\t\t\t\t<div class=\"elementor-container elementor-column-gap-default\">\n\t\t\t\t\t<div class=\"elementor-column elementor-col-100 elementor-top-column elementor-element elementor-element-e238b7e\" data-id=\"e238b7e\" data-element_type=\"column\" data-e-type=\"column\">\n\t\t\t<div class=\"elementor-widget-wrap elementor-element-populated\">\n\t\t\t\t\t\t<div class=\"elementor-element elementor-element-b0fcdf4 elementor-widget elementor-widget-heading\" data-id=\"b0fcdf4\" data-element_type=\"widget\" data-e-type=\"widget\" data-widget_type=\"heading.default\">\n\t\t\t\t<div class=\"elementor-widget-container\">\n\t\t\t\t\t<h2 class=\"elementor-heading-title elementor-size-default\">Warum direkt bei uns buchen?<\/h2>\t\t\t\t<\/div>\n\t\t\t\t<\/div>\n\t\t\t\t<section class=\"elementor-section elementor-inner-section elementor-element elementor-element-fde1ab5 elementor-section-boxed elementor-section-height-default elementor-section-height-default\" data-id=\"fde1ab5\" data-element_type=\"section\" data-e-type=\"section\">\n\t\t\t\t\t\t<div class=\"elementor-container elementor-column-gap-no\">\n\t\t\t\t\t<div class=\"elementor-column elementor-col-50 elementor-inner-column elementor-element elementor-element-f0075dd\" data-id=\"f0075dd\" data-element_type=\"column\" data-e-type=\"column\">\n\t\t\t<div class=\"elementor-widget-wrap elementor-element-populated\">\n\t\t\t\t\t\t<div class=\"elementor-element elementor-element-2fc06c4 elementor-widget elementor-widget-text-editor\" data-id=\"2fc06c4\" data-element_type=\"widget\" data-e-type=\"widget\" data-widget_type=\"text-editor.default\">\n\t\t\t\t<div class=\"elementor-widget-container\">\n\t\t\t\t\t\t\t\t\t<h4><strong>Bestpreisgarantie<\/strong><\/h4>\n<p>Wenn Sie anderswo einen niedrigeren Preis finden, garantieren wir, ihn zu gleichen oder Ihnen sogar einen noch besseren Preis anzubieten. Sie k\u00f6nnen sicher sein, dass Sie immer das beste Angebot erhalten, wenn Sie direkt bei uns buchen.  <\/p>\n\t\t\t\t\t\t\t\t<\/div>\n\t\t\t\t<\/div>\n\t\t\t\t<div class=\"elementor-element elementor-element-4b1aef2 elementor-widget elementor-widget-text-editor\" data-id=\"4b1aef2\" data-element_type=\"widget\" data-e-type=\"widget\" data-widget_type=\"text-editor.default\">\n\t\t\t\t<div class=\"elementor-widget-container\">\n\t\t\t\t\t\t\t\t\t<h4><strong>Fr\u00fcher Check-in je nach Verf\u00fcgbarkeit<\/strong><\/h4>\n<p>Wir werden unser Bestes tun, um Ihnen bei Ihrer Ankunft, je nach Verf\u00fcgbarkeit, einen fr\u00fchen Check-in zu erm\u00f6glichen. Verf\u00fcgbarkeit vorbehalten. <\/p>\t\t\t\t\t\t\t\t<\/div>\n\t\t\t\t<\/div>\n\t\t\t\t<div class=\"elementor-element elementor-element-ff64453 elementor-widget elementor-widget-text-editor\" data-id=\"ff64453\" data-element_type=\"widget\" data-e-type=\"widget\" data-widget_type=\"text-editor.default\">\n\t\t\t\t<div class=\"elementor-widget-container\">\n\t\t\t\t\t\t\t\t\t<h4><strong>Sp\u00e4ter Check-out je nach Verf\u00fcgbarkeit<\/strong><\/h4>\n<p>Dieser Service bietet Ihnen die Flexibilit\u00e4t, l\u00e4nger in Ihrem Zimmer zu bleiben und die Annehmlichkeiten \u00fcber die regul\u00e4re Check-out-Zeit hinaus zu genie\u00dfen.<\/p>\n\t\t\t\t\t\t\t\t<\/div>\n\t\t\t\t<\/div>\n\t\t\t\t\t<\/div>\n\t\t<\/div>\n\t\t\t\t<div class=\"elementor-column elementor-col-50 elementor-inner-column elementor-element elementor-element-9e3f3a5\" data-id=\"9e3f3a5\" data-element_type=\"column\" data-e-type=\"column\">\n\t\t\t<div class=\"elementor-widget-wrap elementor-element-populated\">\n\t\t\t\t\t\t<div class=\"elementor-element elementor-element-3dc86cb elementor-widget elementor-widget-text-editor\" data-id=\"3dc86cb\" data-element_type=\"widget\" data-e-type=\"widget\" data-widget_type=\"text-editor.default\">\n\t\t\t\t<div class=\"elementor-widget-container\">\n\t\t\t\t\t\t\t\t\t<h4><strong>Exklusive Rabatte<\/strong><\/h4>\n<p>Mitglieder des Cabau Circle* profitieren von speziellen Rabatten bei ihren Buchungen, was bedeutet, dass Sie noch mehr sparen k\u00f6nnen, w\u00e4hrend Sie die au\u00dfergew\u00f6hnliche Qualit\u00e4t unserer Dienstleistungen genie\u00dfen.<\/p>\n\t\t\t\t\t\t\t\t<\/div>\n\t\t\t\t<\/div>\n\t\t\t\t<div class=\"elementor-element elementor-element-434de5c elementor-widget elementor-widget-text-editor\" data-id=\"434de5c\" data-element_type=\"widget\" data-e-type=\"widget\" data-widget_type=\"text-editor.default\">\n\t\t\t\t<div class=\"elementor-widget-container\">\n\t\t\t\t\t\t\t\t\t<h4><strong>Private Angebote und Aktionen<\/strong><\/h4>\n<p>Wir halten dich mit exklusiven Angeboten, speziellen Paketen und Aktionen auf dem Laufenden, die nur unsere Mitglieder genie\u00dfen k\u00f6nnen.<\/p>\n\t\t\t\t\t\t\t\t<\/div>\n\t\t\t\t<\/div>\n\t\t\t\t<div class=\"elementor-element elementor-element-b8aa018 elementor-widget elementor-widget-text-editor\" data-id=\"b8aa018\" data-element_type=\"widget\" data-e-type=\"widget\" data-widget_type=\"text-editor.default\">\n\t\t\t\t<div class=\"elementor-widget-container\">\n\t\t\t\t\t\t\t\t\t<h4><strong>Personalisierter Service<\/strong><\/h4>\n<p>Wir glauben, dass jeder Gast einzigartig ist. Mitglieder des Cabau Circle* erhalten VIP-Behandlung mit pers\u00f6nlichen Details und Vorrang bei Sonderw\u00fcnschen. <\/p>\n\t\t\t\t\t\t\t\t<\/div>\n\t\t\t\t<\/div>\n\t\t\t\t\t<\/div>\n\t\t<\/div>\n\t\t\t\t\t<\/div>\n\t\t<\/section>\n\t\t\t\t<div class=\"elementor-element elementor-element-8dcae8e elementor-widget elementor-widget-text-editor\" data-id=\"8dcae8e\" data-element_type=\"widget\" data-e-type=\"widget\" data-widget_type=\"text-editor.default\">\n\t\t\t\t<div class=\"elementor-widget-container\">\n\t\t\t\t\t\t\t\t\t<p>* Unser Treueprogramm Cabau Circle beizutreten ist ganz einfach. Mach einfach eine Reservierung in einem unserer H\u00e4user und du kannst sofort die Vorteile genie\u00dfen, die wir unseren Mitgliedern bieten. So einfach ist das! So einfach ist das!   <\/p>\n\t\t\t\t\t\t\t\t<\/div>\n\t\t\t\t<\/div>\n\t\t\t\t\t<\/div>\n\t\t<\/div>\n\t\t\t\t\t<\/div>\n\t\t<\/section>\n\t\t\t\t<\/div>\n\t\t","protected":false},"excerpt":{"rendered":"<p>Hotel buchen in Mallorca, Ibiza oder Gran Canaria Melde dich kostenlos bei unserem Treueprogramm an und erhalte Zugang zu exklusiven Rabatten und einzigartigen Angeboten, wenn du direkt bei uns buchst. Werden sie Mitglied Warum direkt bei uns buchen? Bestpreisgarantie Wenn Sie anderswo einen niedrigeren Preis finden, garantieren wir, ihn zu gleichen oder Ihnen sogar einen [&hellip;]<\/p>\n","protected":false},"author":1,"featured_media":0,"parent":0,"menu_order":0,"comment_status":"closed","ping_status":"closed","template":"","meta":{"_acf_changed":false,"site-sidebar-layout":"no-sidebar","site-content-layout":"page-builder","ast-site-content-layout":"full-width-container","site-content-style":"default","site-sidebar-style":"default","ast-global-header-display":"","ast-banner-title-visibility":"","ast-main-header-display":"","ast-hfb-above-header-display":"","ast-hfb-below-header-display":"","ast-hfb-mobile-header-display":"","site-post-title":"disabled","ast-breadcrumbs-content":"","ast-featured-img":"disabled","footer-sml-layout":"","ast-disable-related-posts":"","theme-transparent-header-meta":"","adv-header-id-meta":"","stick-header-meta":"","header-above-stick-meta":"","header-main-stick-meta":"","header-below-stick-meta":"","astra-migrate-meta-layouts":"default","ast-page-background-enabled":"default","ast-page-background-meta":{"desktop":{"background-color":"","background-image":"","background-repeat":"repeat","background-position":"center center","background-size":"auto","background-attachment":"scroll","background-type":"","background-media":"","overlay-type":"","overlay-color":"","overlay-opacity":"","overlay-gradient":""},"tablet":{"background-color":"","background-image":"","background-repeat":"repeat","background-position":"center center","background-size":"auto","background-attachment":"scroll","background-type":"","background-media":"","overlay-type":"","overlay-color":"","overlay-opacity":"","overlay-gradient":""},"mobile":{"background-color":"","background-image":"","background-repeat":"repeat","background-position":"center center","background-size":"auto","background-attachment":"scroll","background-type":"","background-media":"","overlay-type":"","overlay-color":"","overlay-opacity":"","overlay-gradient":""}},"ast-content-background-meta":{"desktop":{"background-color":"var(--ast-global-color-5)","background-image":"","background-repeat":"repeat","background-position":"center center","background-size":"auto","background-attachment":"scroll","background-type":"","background-media":"","overlay-type":"","overlay-color":"","overlay-opacity":"","overlay-gradient":""},"tablet":{"background-color":"var(--ast-global-color-5)","background-image":"","background-repeat":"repeat","background-position":"center center","background-size":"auto","background-attachment":"scroll","background-type":"","background-media":"","overlay-type":"","overlay-color":"","overlay-opacity":"","overlay-gradient":""},"mobile":{"background-color":"var(--ast-global-color-5)","background-image":"","background-repeat":"repeat","background-position":"center center","background-size":"auto","background-attachment":"scroll","background-type":"","background-media":"","overlay-type":"","overlay-color":"","overlay-opacity":"","overlay-gradient":""}},"footnotes":""},"class_list":["post-3851","page","type-page","status-publish","hentry"],"acf":[],"_links":{"self":[{"href":"https:\/\/cabauhotels.com\/de\/wp-json\/wp\/v2\/pages\/3851","targetHints":{"allow":["GET"]}}],"collection":[{"href":"https:\/\/cabauhotels.com\/de\/wp-json\/wp\/v2\/pages"}],"about":[{"href":"https:\/\/cabauhotels.com\/de\/wp-json\/wp\/v2\/types\/page"}],"author":[{"embeddable":true,"href":"https:\/\/cabauhotels.com\/de\/wp-json\/wp\/v2\/users\/1"}],"replies":[{"embeddable":true,"href":"https:\/\/cabauhotels.com\/de\/wp-json\/wp\/v2\/comments?post=3851"}],"version-history":[{"count":9,"href":"https:\/\/cabauhotels.com\/de\/wp-json\/wp\/v2\/pages\/3851\/revisions"}],"predecessor-version":[{"id":6105,"href":"https:\/\/cabauhotels.com\/de\/wp-json\/wp\/v2\/pages\/3851\/revisions\/6105"}],"wp:attachment":[{"href":"https:\/\/cabauhotels.com\/de\/wp-json\/wp\/v2\/media?parent=3851"}],"curies":[{"name":"wp","href":"https:\/\/api.w.org\/{rel}","templated":true}]}}