{"id":3861,"date":"2023-06-21T09:23:00","date_gmt":"2023-06-21T07:23:00","guid":{"rendered":"https:\/\/cabauhotels.com\/condiciones-de-contratacion\/"},"modified":"2025-05-16T11:54:19","modified_gmt":"2025-05-16T09:54:19","slug":"condiciones-de-contratacion","status":"publish","type":"page","link":"https:\/\/cabauhotels.com\/de\/condiciones-de-contratacion\/","title":{"rendered":"Bedingungen und Konditionen"},"content":{"rendered":"\t\t<div data-elementor-type=\"wp-page\" data-elementor-id=\"3861\" class=\"elementor elementor-3861 elementor-1485 elementor-bc-flex-widget\" data-elementor-post-type=\"page\">\n\t\t\t\t\t\t<section class=\"elementor-section elementor-top-section elementor-element elementor-element-dc07a4b elementor-section-boxed elementor-section-height-default elementor-section-height-default\" data-id=\"dc07a4b\" data-element_type=\"section\" data-e-type=\"section\">\n\t\t\t\t\t\t<div class=\"elementor-container elementor-column-gap-default\">\n\t\t\t\t\t<div class=\"elementor-column elementor-col-100 elementor-top-column elementor-element elementor-element-7b793eb\" data-id=\"7b793eb\" data-element_type=\"column\" data-e-type=\"column\">\n\t\t\t<div class=\"elementor-widget-wrap elementor-element-populated\">\n\t\t\t\t\t\t<div class=\"elementor-element elementor-element-5ce187f elementor-widget elementor-widget-text-editor\" data-id=\"5ce187f\" data-element_type=\"widget\" data-e-type=\"widget\" data-widget_type=\"text-editor.default\">\n\t\t\t\t<div class=\"elementor-widget-container\">\n\t\t\t\t\t\t\t\t\t<h2>CONDICIONES GENERALES DE CONTRATACI\u00d3N<\/h2>\n<p>Estimado cliente, A trav\u00e9s de nuestro servicio de reservas on-line, Ud. est\u00e1 contratando una reserva de alojamiento tur\u00edstico, servicio sometido a las siguientes condiciones:<\/p>\n<p>El Grupo Cabau constituido por las siguientes sociedades mercantiles:<\/p>\n<p>PRICADOR S.A (Canarias)<\/p>\n<p>Inscrita en el Registro Mercantil de Las Palmas de Gran Canaria, al folio 172, del tomo 234 General de sociedades, n\u00famero 138 de la secci\u00f3n tercera, hoja n\u00famero 1.953, inscripci\u00f3n primera. Avda. Gran Canaria, 14 35130 Puerto Rico. Mog\u00e1n.    928 561607<\/p>\n<p>SUNSIK S.A (Bahia camp de mar)<\/p>\n<p>Inscrita en el Registro Mercantil de Baleares al folio 184, tomo 753 libro 659 de la secci\u00f3n tercera de sociedades, hoja n\u00famero 18.041, inscripci\u00f3n primera. Avda. Francisca Capllonch Plomer, 11. Camp de Mar 07160. Andratx.     971 235033<\/p>\n<h3>CONDICIONES ESPEC\u00cdFICAS<\/h3>\n<p>Los datos concretos que Ud. introduzca en el momento de hacer la reserva (hotel, n\u00ba de habitaciones, fecha de entrada, n\u00ba de noches, etc.) estar\u00e1n a su disposici\u00f3n en el bono que se genere. Revise cuidadosamente los detalles de su reserva antes de proceder a la confirmaci\u00f3n. <\/p>\n<p>Como norma general, el precio de la reserva incluye exclusivamente: alojamiento, alojamiento y media pensi\u00f3n, alojamiento o alojamiento y desayuno. La disponibilidad y precio de las peticiones de servicios especiales tales como: necesidad de una cuna, cama supletoria, etc. que no hayan podido ser incluidos en el c\u00e1lculo de la reserva on-line, quedar\u00e1n pendientes de la confirmaci\u00f3n por parte del hotel, confirmaci\u00f3n que se realizar\u00e1 por tel\u00e9fono al cliente. <\/p>\n<h3>CONDICIONES GENERALES QUE EL CLIENTE DECLARA Y ACEPTA:<\/h3>\n<p>Este servicio est\u00e1 dirigido \u00fanica y exclusivamente a mayores de edad con la capacidad legal necesaria para contratar los servicios ofertados en esta p\u00e1gina web. Manifestando el usuario que conoce y acepta expresamente las presentes condiciones.<br \/>A la llegada al hotel deber\u00e1 hacer entrega, en recepci\u00f3n, del bono correspondiente a su reserva on-line.<br \/>Al realizar su reserva on-line, y para obtener confirmaci\u00f3n de \u00e9sta, se proceder\u00e1 a cargarles un 10% en su tarjeta de cr\u00e9dito. El tanto por ciento restante deber\u00e1 ser abonado en el momento de efectuar el check-in al hotel.<br \/>El c\u00e1lculo total y final de la reserva incluye el I.V.A. o I.G.I.C., salvo que no se incluyan expresamente. Cualquier otra tasa o impuesto que afecte a su precio final se liquidar\u00e1 adicionalmente en el establecimiento hotelero.<br \/>Como norma general y salvo que expresamente se pacte otra cosa, las habitaciones podr\u00e1n ser utilizadas a partir de las 15:00 horas del d\u00eda de llegada y deber\u00e1n quedar libres antes de las 12:00 horas del d\u00eda de salida. La reserva estar\u00e1 garantizada hasta las 18:00 horas del d\u00eda de llegada por lo que, en el supuesto de que el usuario prevea su llegada al hotel en horas distintas a las rese\u00f1adas ser\u00e1 conveniente comunicar con la mayor anticipaci\u00f3n posible tal circunstancia.<br \/>Cancelaci\u00f3n de la reserva. La reserva efectuada podr\u00e1 cancelarse v\u00eda correo electr\u00f3nico a cabau@cabauhotels.com indicando siempre el n\u00famero de referencia.<br \/>En caso de anular la reserva con menos de 7 d\u00edas de antelaci\u00f3n, o de no presentarse, se cargar\u00e1, al usuario, el importe de una noche y se proceder\u00e1 a la cancelaci\u00f3n de la reserva.<br \/>La anulaci\u00f3n de reservas con un importe inferior 100 \u20ac, supondr\u00e1 un desembolso de 6 \u20ac debido a gastos de gesti\u00f3n administrativa.<br \/>Los gastos bancarios generados por anulaciones de reservas ir\u00e1n a cuenta del cliente. En todo caso se remitir\u00e1 la correspondiente factura a la direcci\u00f3n manifestada por el cliente al registrarse.<br \/>Modificaci\u00f3n de la reserva. La reserva efectuada podr\u00e1 modificarse, en un momento posterior, v\u00eda correo electr\u00f3nico a cabau@cabauhotels.com indicando siempre el n\u00famero de referencia. El \u00e9xito de la modificaci\u00f3n depender\u00e1 de la disponibilidad de Cabau Hotels en el momento de la petici\u00f3n.<br \/>La segunda modificaci\u00f3n y sucesivas de la reserva realizada por parte del cliente, supondr\u00e1 un desembolso de 6 \u20ac debido a gastos de gesti\u00f3n administrativa.<br \/>Las ofertas ser\u00e1n validas \u00fanicamente durante el per\u00edodo fijado por Cabau Hotels en la publicidad, o en su defecto, durante el tiempo en que sean accesibles a los clientes para su contrataci\u00f3n efectiva.<br \/>Las reservas con mejor precio disponible corresponden a la tarifa no reembolsable. En caso de cancelaci\u00f3n o de no presentarse no se reembolsar\u00e1 el importe.<br \/>Condiciones espec\u00edficas para Cabau S&#8217;Argamassa Villas Cancelaci\u00f3n gratuita hasta 30 d\u00edas antes de la llegada; 30-15 d\u00edas antes de la llegada 50% del total de la estancia; 0-14 d\u00edas antes de la llegada 100% del total de la estancia.         <\/p>\n<h3>DERECHOS DEL CLIENTE:<\/h3>\n<p>Toda la informaci\u00f3n proporcionada al cliente tendr\u00e1 el car\u00e1cter de vinculante para el oferente en los t\u00e9rminos establecidos por la legislaci\u00f3n protectora de los consumidores.<br \/>Todo usuario de los servicios tur\u00edsticos tiene derecho a que los bienes y los servicios que adquiera sean de la categor\u00eda y requerimientos legales contratados o de aquella calidad que guarde proporci\u00f3n directa con la categor\u00eda del establecimiento tur\u00edstico.<br \/>Todos los establecimientos tienen la obligaci\u00f3n de tener a disposici\u00f3n del cliente el libro de reclamaciones donde hacer constar sus quejas. Para formular una queja, solicite estas hojas, rellene con sus datos personales e indique claramente el motivo de la queja. <\/p>\n<h3>DEBERES DEL CLIENTE:<\/h3>\n<p>En el disfrute de los servicios tur\u00edsticos contratados, todo usuario tiene las siguientes obligaciones:<\/p>\n<p>Pagar el precio de los servicios contratados, sin que la presentaci\u00f3n de una queja o reclamaci\u00f3n le exima de esta obligaci\u00f3n.<br \/>Cumplir las normas particulares del establecimiento hotelero de cuyos servicios disfrute.<br \/>Observar las normas de higiene, educaci\u00f3n y buenas costumbres hacia el resto de los usuarios y del personal del establecimiento hotelero que le preste su servicio.<br \/>Respetar el entorno medioambiental.<br \/>Cabau Hotels se reserva el derecho a realizar las modificaciones que considere oportunas de las condiciones expuestas. El cliente acepta que la legislaci\u00f3n aplicable al funcionamiento de este servicio es la espa\u00f1ola y se somete a la Jurisdicci\u00f3n y Tribunales de las Islas Baleares para la resoluci\u00f3n de los conflictos derivados de la interpretaci\u00f3n y aplicaci\u00f3n del presente contrato. <\/p>\n\t\t\t\t\t\t\t\t<\/div>\n\t\t\t\t<\/div>\n\t\t\t\t\t<\/div>\n\t\t<\/div>\n\t\t\t\t\t<\/div>\n\t\t<\/section>\n\t\t\t\t<\/div>\n\t\t","protected":false},"excerpt":{"rendered":"<p>CONDICIONES GENERALES DE CONTRATACI\u00d3N Estimado cliente, A trav\u00e9s de nuestro servicio de reservas on-line, Ud. est\u00e1 contratando una reserva de alojamiento tur\u00edstico, servicio sometido a las siguientes condiciones: El Grupo Cabau constituido por las siguientes sociedades mercantiles: PRICADOR S.A (Canarias) Inscrita en el Registro Mercantil de Las Palmas de Gran Canaria, al folio 172, del [&hellip;]<\/p>\n","protected":false},"author":1,"featured_media":0,"parent":0,"menu_order":0,"comment_status":"closed","ping_status":"closed","template":"","meta":{"_acf_changed":false,"site-sidebar-layout":"default","site-content-layout":"default","ast-site-content-layout":"default","site-content-style":"default","site-sidebar-style":"default","ast-global-header-display":"","ast-banner-title-visibility":"","ast-main-header-display":"","ast-hfb-above-header-display":"","ast-hfb-below-header-display":"","ast-hfb-mobile-header-display":"","site-post-title":"disabled","ast-breadcrumbs-content":"","ast-featured-img":"disabled","footer-sml-layout":"","ast-disable-related-posts":"","theme-transparent-header-meta":"","adv-header-id-meta":"","stick-header-meta":"","header-above-stick-meta":"","header-main-stick-meta":"","header-below-stick-meta":"","astra-migrate-meta-layouts":"default","ast-page-background-enabled":"default","ast-page-background-meta":{"desktop":{"background-color":"","background-image":"","background-repeat":"repeat","background-position":"center center","background-size":"auto","background-attachment":"scroll","background-type":"","background-media":"","overlay-type":"","overlay-color":"","overlay-opacity":"","overlay-gradient":""},"tablet":{"background-color":"","background-image":"","background-repeat":"repeat","background-position":"center center","background-size":"auto","background-attachment":"scroll","background-type":"","background-media":"","overlay-type":"","overlay-color":"","overlay-opacity":"","overlay-gradient":""},"mobile":{"background-color":"","background-image":"","background-repeat":"repeat","background-position":"center center","background-size":"auto","background-attachment":"scroll","background-type":"","background-media":"","overlay-type":"","overlay-color":"","overlay-opacity":"","overlay-gradient":""}},"ast-content-background-meta":{"desktop":{"background-color":"var(--ast-global-color-5)","background-image":"","background-repeat":"repeat","background-position":"center center","background-size":"auto","background-attachment":"scroll","background-type":"","background-media":"","overlay-type":"","overlay-color":"","overlay-opacity":"","overlay-gradient":""},"tablet":{"background-color":"var(--ast-global-color-5)","background-image":"","background-repeat":"repeat","background-position":"center center","background-size":"auto","background-attachment":"scroll","background-type":"","background-media":"","overlay-type":"","overlay-color":"","overlay-opacity":"","overlay-gradient":""},"mobile":{"background-color":"var(--ast-global-color-5)","background-image":"","background-repeat":"repeat","background-position":"center center","background-size":"auto","background-attachment":"scroll","background-type":"","background-media":"","overlay-type":"","overlay-color":"","overlay-opacity":"","overlay-gradient":""}},"footnotes":""},"class_list":["post-3861","page","type-page","status-publish","hentry"],"acf":[],"_links":{"self":[{"href":"https:\/\/cabauhotels.com\/de\/wp-json\/wp\/v2\/pages\/3861","targetHints":{"allow":["GET"]}}],"collection":[{"href":"https:\/\/cabauhotels.com\/de\/wp-json\/wp\/v2\/pages"}],"about":[{"href":"https:\/\/cabauhotels.com\/de\/wp-json\/wp\/v2\/types\/page"}],"author":[{"embeddable":true,"href":"https:\/\/cabauhotels.com\/de\/wp-json\/wp\/v2\/users\/1"}],"replies":[{"embeddable":true,"href":"https:\/\/cabauhotels.com\/de\/wp-json\/wp\/v2\/comments?post=3861"}],"version-history":[{"count":0,"href":"https:\/\/cabauhotels.com\/de\/wp-json\/wp\/v2\/pages\/3861\/revisions"}],"wp:attachment":[{"href":"https:\/\/cabauhotels.com\/de\/wp-json\/wp\/v2\/media?parent=3861"}],"curies":[{"name":"wp","href":"https:\/\/api.w.org\/{rel}","templated":true}]}}