{"id":4171,"date":"2025-05-27T10:18:33","date_gmt":"2025-05-27T08:18:33","guid":{"rendered":"https:\/\/cabauhotels.com\/haeufig-gestellte-fragen-faqs\/"},"modified":"2025-12-15T08:56:15","modified_gmt":"2025-12-15T07:56:15","slug":"haeufig-gestellte-fragen-faqs","status":"publish","type":"page","link":"https:\/\/cabauhotels.com\/de\/haeufig-gestellte-fragen-faqs\/","title":{"rendered":"H\u00e4ufig gestellte Fragen \u2013 FAQs"},"content":{"rendered":"\t\t<div data-elementor-type=\"wp-page\" data-elementor-id=\"4171\" class=\"elementor elementor-4171 elementor-4123\" data-elementor-post-type=\"page\">\n\t\t\t\t<div class=\"elementor-element elementor-element-063a857 e-con-full e-flex e-con e-parent\" data-id=\"063a857\" data-element_type=\"container\" data-e-type=\"container\" data-settings=\"{&quot;background_background&quot;:&quot;slideshow&quot;,&quot;background_slideshow_gallery&quot;:[{&quot;id&quot;:3511,&quot;url&quot;:&quot;https:\\\/\\\/cabauhotels.com\\\/wp-content\\\/uploads\\\/2025\\\/03\\\/FXT43005.webp&quot;},{&quot;id&quot;:4159,&quot;url&quot;:&quot;https:\\\/\\\/cabauhotels.com\\\/wp-content\\\/uploads\\\/2025\\\/05\\\/restaurante-flor-de-sal-camp-de-mar-4.webp&quot;},{&quot;id&quot;:3517,&quot;url&quot;:&quot;https:\\\/\\\/cabauhotels.com\\\/wp-content\\\/uploads\\\/2025\\\/03\\\/PHDG8778-HDR.webp&quot;},{&quot;id&quot;:3525,&quot;url&quot;:&quot;https:\\\/\\\/cabauhotels.com\\\/wp-content\\\/uploads\\\/2025\\\/03\\\/widu_hcga21_170-HighRes.webp&quot;},{&quot;id&quot;:3467,&quot;url&quot;:&quot;https:\\\/\\\/cabauhotels.com\\\/wp-content\\\/uploads\\\/2024\\\/02\\\/patio1.jpg&quot;},{&quot;id&quot;:3523,&quot;url&quot;:&quot;https:\\\/\\\/cabauhotels.com\\\/wp-content\\\/uploads\\\/2025\\\/03\\\/widu_hcga21_155-HighRes.webp&quot;}],&quot;background_slideshow_slide_duration&quot;:3000,&quot;background_slideshow_ken_burns&quot;:&quot;yes&quot;,&quot;background_slideshow_loop&quot;:&quot;yes&quot;,&quot;background_slideshow_slide_transition&quot;:&quot;fade&quot;,&quot;background_slideshow_transition_duration&quot;:500,&quot;background_slideshow_ken_burns_zoom_direction&quot;:&quot;in&quot;}\">\n\t\t<div class=\"elementor-element elementor-element-8a25a02 e-con-full e-flex e-con e-child\" data-id=\"8a25a02\" data-element_type=\"container\" data-e-type=\"container\">\n\t\t\t\t<div class=\"elementor-element elementor-element-9a63882 elementor-widget elementor-widget-heading\" data-id=\"9a63882\" data-element_type=\"widget\" data-e-type=\"widget\" data-widget_type=\"heading.default\">\n\t\t\t\t<div class=\"elementor-widget-container\">\n\t\t\t\t\t<h2 class=\"elementor-heading-title elementor-size-default\">H\u00e4ufig gestellte Fragen \u2013 FAQs<\/h2>\t\t\t\t<\/div>\n\t\t\t\t<\/div>\n\t\t\t\t<div class=\"elementor-element elementor-element-04949a2 elementor-widget elementor-widget-html\" data-id=\"04949a2\" data-element_type=\"widget\" data-e-type=\"widget\" data-widget_type=\"html.default\">\n\t\t\t\t<div class=\"elementor-widget-container\">\n\t\t\t\t\t<div id=\"neo-mask-widget\"><\/div>\n\t\t\t\t<\/div>\n\t\t\t\t<\/div>\n\t\t\t\t<\/div>\n\t\t\t\t<\/div>\n\t\t<div class=\"elementor-element elementor-element-123f2ca7 e-flex e-con-boxed e-con e-parent\" data-id=\"123f2ca7\" data-element_type=\"container\" data-e-type=\"container\">\n\t\t\t\t\t<div class=\"e-con-inner\">\n\t\t\t\t<div class=\"elementor-element elementor-element-3e1a1eb4 elementor-widget elementor-widget-text-editor\" data-id=\"3e1a1eb4\" data-element_type=\"widget\" data-e-type=\"widget\" data-widget_type=\"text-editor.default\">\n\t\t\t\t<div class=\"elementor-widget-container\">\n\t\t\t\t\t\t\t\t\t<p><strong>Wie kann ich Cabau Hotels kontaktieren?<\/strong><\/p><p>Wir freuen uns, mit dir zu sprechen. Du kannst uns eine E-Mail an <a href=\"mailto:cabau@cabauhotels.com\"><strong>cabau@cabauhotels.com<\/strong><\/a> senden oder uns unter <strong>+34 971 47 99 77<\/strong> anrufen. Wenn du eine Reservierung vornehmen m\u00f6chtest, ruf uns gerne unter <strong>+34 971 921 891<\/strong> an.<\/p><hr class=\"wp-block-separator has-alpha-channel-opacity\" \/><p><strong>Ich habe eine Frage zu meiner Reservierung \u2013 an wen kann ich mich wenden?<\/strong><\/p><p>Wenn du bereits eine Reservierung vorgenommen hast, solltest du dich direkt an das Hotel wenden, bei dem du gebucht hast.<br \/>Falls du das Problem nicht mit dem Hotel kl\u00e4ren kannst, ruf uns unter +34 971 47 99 77 an.<\/p><hr class=\"wp-block-separator has-alpha-channel-opacity\" \/><p><strong>Ich m\u00f6chte meine Reservierung \u00e4ndern \u2013 an wen kann ich mich wenden?<\/strong><\/p><p>Wenn du eine bestehende Reservierung \u00e4ndern m\u00f6chtest, solltest du dich an das Hotel wenden, bei dem du gebucht hast.<\/p><hr class=\"wp-block-separator has-alpha-channel-opacity\" \/><p><strong>Ich m\u00f6chte eine Veranstaltung in einem eurer Hotels ausrichten \u2013 ist das m\u00f6glich?<\/strong><\/p><p>Wir helfen dir gerne bei der Planung deines Events! Wir verf\u00fcgen \u00fcber Veranstaltungsr\u00e4ume im <a href=\"https:\/\/cabauhotels.com\/bahia-suites-camp-de-mar\/\" target=\"_blank\" rel=\"noreferrer noopener\" data-type=\"link\" data-id=\"https:\/\/cabauhotels.com\/bahia-suites-camp-de-mar\/\"><strong>Bah\u00eda Suites Camp de Mar<\/strong>,<\/a> im <strong><a href=\"https:\/\/cabauhotels.com\/gloria-sant-jaume\/\" target=\"_blank\" rel=\"noreferrer noopener\">Hotel Gl\u00f2ria de Sant Jaume<\/a><\/strong> und im <a href=\"https:\/\/cabauhotels.com\/aquasol-aparthotel\/\" target=\"_blank\" rel=\"noreferrer noopener\"><strong>Aparthotel Aquasol<\/strong><\/a>.<br \/>Um alles zu organisieren, solltest du dich direkt mit dem jeweiligen Hotel in Verbindung setzen, um die verschiedenen M\u00f6glichkeiten zu besprechen.<br \/>Auf den Webseiten der einzelnen Hotels findest du weitere Informationen, um herauszufinden, welches am besten zu deinen Bed\u00fcrfnissen passt.<\/p><hr class=\"wp-block-separator has-alpha-channel-opacity\" \/><p><strong>Was ist der Unterschied zwischen Cabau Collection und Cabau Emotion?<\/strong><\/p><p>In der <a href=\"https:\/\/cabauhotels.com\/de\/cabau-collection\/\"><strong>Cabau Collection<\/strong><\/a> findest du eine Auswahl an Hotels, die dir zug\u00e4nglichen Luxus mit individuellem Charakter bieten.<br \/>Sie zeichnen sich durch ihre privilegierten Lagen und exzellenten Service aus.<\/p><p>Bei <strong><a href=\"https:\/\/cabauhotels.com\/de\/cabau-emotion\/\" target=\"_blank\" rel=\"noreferrer noopener\">Cabau Emotion<\/a><\/strong> findest du die idealen Hotels f\u00fcr einen Urlaub voller Entspannung, Sonne und Strand.<br \/>Die herzliche Atmosph\u00e4re und der hervorragende Service machen deinen Aufenthalt unvergesslich.<\/p><hr class=\"wp-block-separator has-alpha-channel-opacity\" \/><p><strong>Was ist die Touristensteuer? Muss sie von allen bezahlt werden? <\/strong><\/p><p>Die Touristensteuer in Spanien ist eine Abgabe, die von G\u00e4sten erhoben wird, die in touristischen Unterk\u00fcnften wie Hotels, Apartments oder Landh\u00e4usern \u00fcbernachten.<br \/>Diese Steuer wird von den autonomen Gemeinschaften verwaltet und dient dem Umweltschutz, der F\u00f6rderung eines nachhaltigen Tourismus und der Verbesserung der Dienstleistungen f\u00fcr Besucher.<\/p><p>Die Abgabe muss von allen Reisenden \u00fcber 16 Jahren beim Check-in oder Check-out entrichtet werden.<br \/>Die H\u00f6he variiert je nach Unterkunftskategorie und Region.<\/p><hr class=\"wp-block-separator has-alpha-channel-opacity\" \/><p><strong>Was sind die Bedingungen des Flexiblen Tarifs?<\/strong><\/p><p>Unser Flexibler Tarif bietet dir h\u00f6chsten Komfort und sorgenfreie Planung:<\/p><p>Kostenlose Stornierung: Storniere oder \u00e4ndere deine Buchung kostenlos bis zu [Anzahl der Tage] vor deiner Anreise.<br \/>Zahlung: Erfolgt beim Check-in.<br \/>Volle Flexibilit\u00e4t: Ideal f\u00fcr sich \u00e4ndernde Pl\u00e4ne.<\/p><p>Bitte \u00fcberpr\u00fcfe die konkreten Bedingungen w\u00e4hrend der Buchung, da sie je nach Hotel variieren k\u00f6nnen.<\/p><hr class=\"wp-block-separator has-alpha-channel-opacity\" \/><p><strong>Was sind die Bedingungen des Nicht erstattungsf\u00e4higen Tarifs?<\/strong><\/p><p>Der Nicht erstattungsf\u00e4hige Tarif bietet einen Sonderpreis unter folgenden Bedingungen:<\/p><p>Sofortige Zahlung: Der Gesamtbetrag wird bei Buchungsbest\u00e4tigung belastet.<br \/>Keine \u00c4nderungen oder Stornierungen: \u00c4nderungen und R\u00fcckerstattungen sind nicht m\u00f6glich.<br \/>Ideal f\u00fcr Reisende mit festen Pl\u00e4nen, die von einem g\u00fcnstigeren Preis profitieren m\u00f6chten.<\/p><p>Bitte \u00fcberpr\u00fcfe die konkreten Bedingungen w\u00e4hrend der Buchung, da sie je nach Hotel variieren k\u00f6nnen.<\/p><hr class=\"wp-block-separator has-alpha-channel-opacity\" \/><p><strong>Welche Zahlungsmethoden stehen zur Verf\u00fcgung?<\/strong><\/p><p>Du kannst \u00fcber das virtuelle POS-Terminal, mit Kredit- oder Debitkarte bei Ankunft im Hotel oder in bar im Hotel bezahlen.<br \/>Die Zahlungsbedingungen h\u00e4ngen vom gew\u00e4hlten Tarif ab. Je nach Buchung stehen dir unterschiedliche Zahlungsmethoden zur Verf\u00fcgung.<\/p><hr class=\"wp-block-separator has-alpha-channel-opacity\" \/><p><strong>Kann ich vor der Ankunft einchecken?<\/strong><\/p><p>Der Online-Check-in vor der Ankunft ist im Bah\u00eda Suites Camp de Mar und im Aparthotel Aquasol verf\u00fcgbar.<\/p><hr class=\"wp-block-separator has-alpha-channel-opacity\" \/><p><strong>Gibt es Wi-Fi in allen Hotels?<\/strong><\/p><p>Ja, in all unseren Hotels steht dir kostenloses WLAN zur Verf\u00fcgung, damit du jederzeit verbunden bleibst.<\/p><hr class=\"wp-block-separator has-alpha-channel-opacity\" \/><p><strong>Auf welchen Inseln kann ich \u00fcbernachten?<\/strong><\/p><p>Wir bieten Unterk\u00fcnfte auf Mallorca und Ibiza (Balearen) sowie auf Gran Canaria (Kanarische Inseln) an.<\/p><hr class=\"wp-block-separator has-alpha-channel-opacity\" \/><p><strong>Bietet ihr einen Transfer-Service an?<\/strong><\/p><p>Um einen privaten Transfer vom Flughafen zum Hotel und zur\u00fcck zu buchen, wende dich bitte direkt an das Hotel, bei dem du reserviert hast.<br \/>Bitte beachte, dass dieser Service mit zus\u00e4tzlichen Kosten verbunden ist.<\/p><hr class=\"wp-block-separator has-alpha-channel-opacity\" \/><p><strong>Sind Haustiere erlaubt?<\/strong><\/p><p>Wir lieben Tiere! Und auch wenn wir wissen, dass es gro\u00dfartig w\u00e4re, sind Haustiere in unseren Unterk\u00fcnften derzeit nicht erlaubt.<br \/>Wir arbeiten daran, und sobald es Neuigkeiten gibt, informieren wir dich umgehend.<\/p><hr class=\"wp-block-separator has-alpha-channel-opacity\" \/><p><strong>Sind die Hotels f\u00fcr Menschen mit eingeschr\u00e4nkter Mobilit\u00e4t zug\u00e4nglich?<\/strong><\/p><p>In unserer Hotelkette bem\u00fchen wir uns, allen G\u00e4sten einen komfortablen und barrierefreien Aufenthalt zu erm\u00f6glichen.<br \/>Allerdings verf\u00fcgen einige unserer Hotels aufgrund ihrer Bauweise oder Lage nicht \u00fcber vollst\u00e4ndig angepasste Einrichtungen f\u00fcr Menschen mit eingeschr\u00e4nkter Mobilit\u00e4t.<\/p><p>Wir empfehlen dir, uns vor der Buchung direkt zu kontaktieren. Unser Team hilft dir gerne dabei, die beste Option f\u00fcr deine Bed\u00fcrfnisse zu finden und dir einen angenehmen Aufenthalt zu erm\u00f6glichen.<br \/>Dein Komfort hat f\u00fcr uns oberste Priorit\u00e4t!<\/p><hr class=\"wp-block-separator has-alpha-channel-opacity\" \/><p><strong>Ich m\u00f6chte eine Reservierung vornehmen<\/strong><\/p><p>Fantastisch! Wir freuen uns darauf, dich in unseren Hotels willkommen zu hei\u00dfen.<br \/>Du kannst uns unter +34 971 921 891 anrufen oder direkt \u00fcber unsere Website buchen.<br \/>In beiden F\u00e4llen sicherst du dir den besten Preis.<\/p><p>____________________<br \/>Gibt es spezielle Rabatte f\u00fcr Stammg\u00e4ste? Gibt es ein Treueprogramm?<br \/>Das Treueprogramm der Cabau Hotels hei\u00dft Cabau Circle. Zu den Vorteilen des Programms geh\u00f6ren: Bestpreisgarantie, exklusive Rabatte, individuelle Angebote und Aktionen, fr\u00fcher Check-in (je nach Verf\u00fcgbarkeit), sp\u00e4ter Check-out (je nach Verf\u00fcgbarkeit) und pers\u00f6nlicher Service.<br \/>Die Teilnahme am Cabau Circle Treueprogramm ist ganz einfach. Reservieren Sie einfach in unserem Hotel und profitieren Sie automatisch von den Vorteilen, die wir unseren Mitgliedern bieten.<\/p><p>Weitere Informationen zum Cabau Circle finden Sie hier:\u00a0<br \/><a href=\"https:\/\/cabauhotels.com\/de\/reservierungen\/\">https:\/\/cabauhotels.com\/de\/reservierungen\/<\/a><\/p><hr class=\"wp-block-separator has-alpha-channel-opacity\" \/><p><strong>Was ist der Cabau Circle?<\/strong><\/p><p><strong><a href=\"https:\/\/cabauhotels.com\/de\/reservierungen\/\">Cabau Circle<\/a><\/strong> ist das Treueprogramm von Cabau Hotels.<br \/>So wirst du Teil unserer Familie, genie\u00dft exklusive Vorteile, die besten Preise und das ganze Jahr \u00fcber tolle \u00dcberraschungen.<\/p><p>Die Mitgliedschaft ist v\u00f6llig kostenlos und bietet dir viele Vorteile.<\/p><p>Tritt dem <strong><a href=\"https:\/\/cabauhotels.com\/de\/reservierungen\/\">Cabau Circle<\/a><\/strong> in nur wenigen Schritten bei und buche deinen Aufenthalt bei uns!<\/p><hr class=\"wp-block-separator has-alpha-channel-opacity\" \/><p>\u00a0<\/p><h2 class=\"wp-block-heading\"><strong>RESTAURANTS<\/strong><\/h2><div>\u00a0<\/div><h3 class=\"wp-block-heading\"><strong>Flor de Sal \u2013 Seaside Restaurant<\/strong><\/h3><div>\u00a0<\/div><p>Unser <strong><a href=\"https:\/\/restauranteflordesal.es\" target=\"_blank\" rel=\"noreferrer noopener\">Restaurant Flor de Sal<\/a><\/strong> befindet sich im <strong><a href=\"https:\/\/cabauhotels.com\/bahia-suites-camp-de-mar\/\" target=\"_blank\" rel=\"noreferrer noopener\">Hotel Bah\u00eda Suites Camp de Mar<\/a><\/strong>.<\/p><p>Flor de Sal ist ein k\u00fcrzlich renoviertes Restaurant, das Eleganz, Komfort und hochwertige Gastronomie vereint \u2013 ideal f\u00fcr alle, die ein unvergessliches Erlebnis suchen.<br \/>In privilegierter Lage gelegen, bietet es einen atemberaubenden Blick auf das Meer und schafft so die perfekte Atmosph\u00e4re f\u00fcr ein Mittag- oder Abendessen oder eine besondere Feier.<\/p><p>Unser kulinarisches Konzept ist von den authentischen Aromen des Mittelmeers inspiriert und wird mit frischen, lokalen Zutaten zubereitet, die durch Qualit\u00e4t und Nachhaltigkeit \u00fcberzeugen.<br \/>Von leichten, sommerlichen Gerichten bis hin zu raffinierten Optionen \u2013 jedes Detail unserer Speisekarte wurde sorgf\u00e4ltig gestaltet, um deinen Gaumen zu verw\u00f6hnen.<\/p><p>Im Flor de Sal genie\u00dft du nicht nur das Essen \u2013 du erlebst ein rundum stimmiges Erlebnis:<\/p><p><strong>Weinkarte:<\/strong> Eine sorgf\u00e4ltig zusammengestellte Auswahl an nationalen und internationalen Weinen, perfekt abgestimmt auf unsere Gerichte.<br \/><strong style=\"font-size: 1rem;\">Cocktailkarte:<\/strong><span style=\"font-size: 1rem;\"> Von klassischen Drinks bis zu einzigartigen Kreationen \u2013 ideal zum Entspannen mit Blick aufs Meer..<\/span><br \/><strong>Kaffee &amp; Desserts:<\/strong> Vers\u00fc\u00dfe deinen Besuch mit unseren hausgemachten Desserts und genie\u00dfe dazu einen hochwertigen Kaffee.<\/p><p>Und wenn du einen besonderen Ort f\u00fcr deine Veranstaltungen oder Feiern suchst, ist das Flor de Sal die perfekte Kulisse.<br \/>Unser Team ist darauf vorbereitet, sowohl kleine Zusammenk\u00fcnfte als auch gro\u00dfe Feiern zu organisieren \u2013 mit Liebe zum Detail und unvergesslichen Momenten.<\/p><p>Komm und entdecke das Flor de Sal \u2013 wo mediterrane K\u00fcche, erstklassiger Service und traumhafte Ausblicke zu einem Erlebnis verschmelzen, das du wiederholen m\u00f6chtest.<br \/>Wir freuen uns auf deinen Besuch!<\/p><hr class=\"wp-block-separator has-alpha-channel-opacity\" \/><h3 class=\"wp-block-heading\"><strong>Olea<\/strong><\/h3><div>\u00a0<\/div><p>Entdecke <strong>Olea<\/strong>, gelegen im hotel <strong><a href=\"https:\/\/cabauhotels.com\/bahia-suites-camp-de-mar\/\" target=\"_blank\" rel=\"noreferrer noopener\">Bah\u00eda Suites Camp de Mar<\/a><\/strong>, ein besonderer Ort, an dem jeder Morgen mit einem unvergesslichen Fr\u00fchst\u00fcck beginnt.<br \/>Mit einem atemberaubenden Blick aufs Meer bietet unser Restaurant eine gem\u00fctliche und entspannte Atmosph\u00e4re, um die erste Mahlzeit des Tages zu genie\u00dfen.<\/p><p>An unserem Buffet steht die Qualit\u00e4t der Produkte im Vordergrund \u2013 wir verwenden \u00fcberwiegend frische, regionale Zutaten, um dir ein k\u00f6stliches und gesundes Erlebnis zu garantieren.<br \/>Besonders viel Wert legen wir auch auf eine Auswahl hochwertiger Kaffees, die dein Fr\u00fchst\u00fcck perfekt erg\u00e4nzen.<br \/>Von leichten Optionen bis hin zu reichhaltigeren Alternativen ist f\u00fcr jeden Geschmack etwas dabei.<\/p><p>Hast du Allergien oder Unvertr\u00e4glichkeiten? Unser Team passt sich gerne an deine Bed\u00fcrfnisse an, wenn du uns im Voraus informierst.<\/p><p><strong>Fr\u00fchst\u00fcckszeiten: <\/strong>Von 8:00 bis 11:00 Uhr.<\/p><p><strong>Mach deinen Aufenthalt noch besser, indem du mit Fr\u00fchst\u00fcck buchst<\/strong> \u2013 und beginne jeden Tag mit erstklassigem Service, hochwertigen Produkten und spektakul\u00e4rer Aussicht.<br \/>Ein Erlebnis, das du nicht verpassen solltest!<\/p><hr class=\"wp-block-separator has-alpha-channel-opacity\" \/><h3 class=\"wp-block-heading\">El Patio de Gloria<\/h3><div>\u00a0<\/div><p>Willkommen im <strong><a href=\"https:\/\/elpatiodegloria.com\/\" target=\"_blank\" rel=\"noreferrer noopener\">El Patio de Gloria<\/a><\/strong>, gelegen im <strong><a href=\"https:\/\/cabauhotels.com\/gloria-sant-jaume\/\" target=\"_blank\" rel=\"noreferrer noopener\">Hotel Gl\u00f2ria de Sant Jaume<\/a><\/strong>, ein einzigartiges Restaurant im Herzen von Palma de Mallorca, in dem sich Tradition und kulinarische Kreativit\u00e4t in einem eleganten und einladenden Ambiente vereinen.<\/p><p><strong><a href=\"https:\/\/elpatiodegloria.com\/\" target=\"_blank\" rel=\"noreferrer noopener\">El Patio de Gloria<\/a><\/strong> ist weit mehr als nur ein Ort zum Essen &#8211; es bietet ein gastronomisches Erlebnis, das alle Sinne verw\u00f6hnt. Mediterrane Aromen verbinden sich mit modernen Akzenten und einem tadellosen Service.<\/p><p>Im <strong><a href=\"https:\/\/cabauhotels.com\/gloria-sant-jaume\/\" target=\"_blank\" rel=\"noreferrer noopener\">Boutique-Stadthotel Gl\u00f2ria de Sant Jaume<\/a><\/strong> gelegen, besticht El Patio de Gloria durch seine warme und inspirierende Atmosph\u00e4re \u2013 ideal f\u00fcr ein intimes Essen oder einen besonderen Anlass.<br \/>Das Design mit einzigartigen Details, die Gro\u00dfz\u00fcgigkeit und Behaglichkeit ausstrahlen, l\u00e4dt zum Entspannen ein und l\u00e4sst dich in die Aromen und Geschm\u00e4cker einer K\u00fcche eintauchen, die frische, lokale Produkte zelebriert.<\/p><p>Neben unserer exquisiten Speisekarte bieten wir eine sorgf\u00e4ltig ausgew\u00e4hlte Auswahl an Weinen und Cocktails, die jedes Gericht perfekt erg\u00e4nzen und jeden Besuch zu einem unvergesslichen Erlebnis machen.<\/p><p>Ob f\u00fcr ein entspanntes Mittagessen, einen Cocktail am Nachmittag oder eine besondere Feier \u2013 El Patio de Gloria ist der Ort, an dem aus kleinen Momenten unvergessliche Erinnerungen werden.<\/p><p><strong>Entdecke es und erlebe die Magie der Gastronomie im Herzen von Palma.<\/strong><\/p><hr class=\"wp-block-separator has-alpha-channel-opacity\" \/><h3 class=\"wp-block-heading\"><strong>Citrus<\/strong><\/h3><div>\u00a0<\/div><p>Das Restaurant Citrus im <strong><a href=\"https:\/\/cabauhotels.com\/aquasol-aparthotel\/\" target=\"_blank\" rel=\"noreferrer noopener\">Aparthotel Aquasol<\/a><\/strong> l\u00e4dt dich ein, den Tag mit einem einzigartigen kulinarischen Erlebnis zu beginnen.<br \/>Unser reichhaltiges Fr\u00fchst\u00fccksbuffet besticht durch eine gro\u00dfe Auswahl an Optionen, die mit frischen, \u00fcberwiegend regionalen Zutaten zubereitet werden \u2013 sorgf\u00e4ltig ausgew\u00e4hlt, um Qualit\u00e4t und Authentizit\u00e4t bei jedem Bissen zu garantieren.<\/p><p>Lass dich von unserer Saftauswahl \u00fcberraschen \u2013 vom klassischen frisch gepressten Orangensaft bis hin zu weiteren Sorten, die dir jeden Tag einen neuen Geschmack bieten.<br \/>F\u00fcr Kaffeeliebhaber bieten wir hochwertigen Kaffee, der dein Fr\u00fchst\u00fcck ideal abrundet.<\/p><p>F\u00fcr Kinder gibt es eine eigene Ecke mit gesunden, speziell auf sie abgestimmten Optionen.<br \/>Und wenn du Lebensmittelallergien oder -unvertr\u00e4glichkeiten hast, passt unser Team die Men\u00fcs gerne an deine Bed\u00fcrfnisse an.<\/p><p>\u00d6ffnungszeiten:<\/p><p><strong>Fr\u00fchst\u00fcck<\/strong>: 8:00 \u2013 10:30 Uhr<br \/><strong>Abendessen<\/strong>: 19:00 \u2013 21:00 Uhr<\/p><p>Mach deinen Urlaub noch angenehmer, indem du mit Fr\u00fchst\u00fcck oder Halbpension buchst.<br \/>Im Citrus wird jede Mahlzeit zu einem Moment des Genusses und der Gemeinsamkeit mit der Familie.<br \/>Wir freuen uns auf deinen Besuch!<\/p><hr class=\"wp-block-separator has-alpha-channel-opacity\" \/><h3 class=\"wp-block-heading\"><strong>Fresco<\/strong> Bar<\/h3><div>\u00a0<\/div><p>in der <strong>Fresco Pool Bar<\/strong> im <strong><a href=\"https:\/\/cabauhotels.com\/aquasol-aparthotel\/\" target=\"_blank\" rel=\"noreferrer noopener\">Aparthotel Aquasol<\/a><\/strong> kannst du eine gro\u00dfe Auswahl an erfrischenden Getr\u00e4nken und k\u00f6stlichen Speisen genie\u00dfen, w\u00e4hrend du dich am Pool entspannst.<br \/>Wir bieten eine Auswahl an frisch zubereiteten Salaten, Sandwiches, Burgern, Pizzen und Tapas \u2013 ideal f\u00fcr ein lockeres Mittagessen oder einen Snack am Nachmittag.<\/p><p>Kinder sind bei uns jederzeit willkommen, und wir haben eine spezielle Karte, die auf ihren Geschmack abgestimmt ist, damit auch sie voll auf ihre Kosten kommen.<br \/>Und nicht verpassen: Unser w\u00f6chentliches Barbecue am Pool \u2013 ein besonderes Erlebnis f\u00fcr die ganze Familie.<\/p><p>Komm und genie\u00dfe eine entspannte Atmosph\u00e4re \u2013 ideal, um dich zu erfrischen und in guter Gesellschaft k\u00f6stliche Speisen zu genie\u00dfen.<br \/>Wir freuen uns auf dich in der Fresco Pool Bar, um deinen Tag am Pool unvergesslich zu machen!<\/p>\t\t\t\t\t\t\t\t<\/div>\n\t\t\t\t<\/div>\n\t\t\t\t\t<\/div>\n\t\t\t\t<\/div>\n\t\t\t\t<\/div>\n\t\t","protected":false},"excerpt":{"rendered":"<p>H\u00e4ufig gestellte Fragen \u2013 FAQs Wie kann ich Cabau Hotels kontaktieren? Wir freuen uns, mit dir zu sprechen. Du kannst uns eine E-Mail an cabau@cabauhotels.com senden oder uns unter +34 971 47 99 77 anrufen. Wenn du eine Reservierung vornehmen m\u00f6chtest, ruf uns gerne unter +34 971 921 891 an. Ich habe eine Frage zu [&hellip;]<\/p>\n","protected":false},"author":1,"featured_media":0,"parent":0,"menu_order":0,"comment_status":"closed","ping_status":"closed","template":"","meta":{"_acf_changed":false,"site-sidebar-layout":"default","site-content-layout":"","ast-site-content-layout":"full-width-container","site-content-style":"default","site-sidebar-style":"default","ast-global-header-display":"","ast-banner-title-visibility":"","ast-main-header-display":"","ast-hfb-above-header-display":"","ast-hfb-below-header-display":"","ast-hfb-mobile-header-display":"","site-post-title":"disabled","ast-breadcrumbs-content":"","ast-featured-img":"","footer-sml-layout":"","ast-disable-related-posts":"","theme-transparent-header-meta":"","adv-header-id-meta":"","stick-header-meta":"","header-above-stick-meta":"","header-main-stick-meta":"","header-below-stick-meta":"","astra-migrate-meta-layouts":"default","ast-page-background-enabled":"default","ast-page-background-meta":{"desktop":{"background-color":"","background-image":"","background-repeat":"repeat","background-position":"center center","background-size":"auto","background-attachment":"scroll","background-type":"","background-media":"","overlay-type":"","overlay-color":"","overlay-opacity":"","overlay-gradient":""},"tablet":{"background-color":"","background-image":"","background-repeat":"repeat","background-position":"center center","background-size":"auto","background-attachment":"scroll","background-type":"","background-media":"","overlay-type":"","overlay-color":"","overlay-opacity":"","overlay-gradient":""},"mobile":{"background-color":"","background-image":"","background-repeat":"repeat","background-position":"center center","background-size":"auto","background-attachment":"scroll","background-type":"","background-media":"","overlay-type":"","overlay-color":"","overlay-opacity":"","overlay-gradient":""}},"ast-content-background-meta":{"desktop":{"background-color":"var(--ast-global-color-5)","background-image":"","background-repeat":"repeat","background-position":"center center","background-size":"auto","background-attachment":"scroll","background-type":"","background-media":"","overlay-type":"","overlay-color":"","overlay-opacity":"","overlay-gradient":""},"tablet":{"background-color":"var(--ast-global-color-5)","background-image":"","background-repeat":"repeat","background-position":"center center","background-size":"auto","background-attachment":"scroll","background-type":"","background-media":"","overlay-type":"","overlay-color":"","overlay-opacity":"","overlay-gradient":""},"mobile":{"background-color":"var(--ast-global-color-5)","background-image":"","background-repeat":"repeat","background-position":"center center","background-size":"auto","background-attachment":"scroll","background-type":"","background-media":"","overlay-type":"","overlay-color":"","overlay-opacity":"","overlay-gradient":""}},"footnotes":""},"class_list":["post-4171","page","type-page","status-publish","hentry"],"acf":[],"_links":{"self":[{"href":"https:\/\/cabauhotels.com\/de\/wp-json\/wp\/v2\/pages\/4171","targetHints":{"allow":["GET"]}}],"collection":[{"href":"https:\/\/cabauhotels.com\/de\/wp-json\/wp\/v2\/pages"}],"about":[{"href":"https:\/\/cabauhotels.com\/de\/wp-json\/wp\/v2\/types\/page"}],"author":[{"embeddable":true,"href":"https:\/\/cabauhotels.com\/de\/wp-json\/wp\/v2\/users\/1"}],"replies":[{"embeddable":true,"href":"https:\/\/cabauhotels.com\/de\/wp-json\/wp\/v2\/comments?post=4171"}],"version-history":[{"count":6,"href":"https:\/\/cabauhotels.com\/de\/wp-json\/wp\/v2\/pages\/4171\/revisions"}],"predecessor-version":[{"id":5701,"href":"https:\/\/cabauhotels.com\/de\/wp-json\/wp\/v2\/pages\/4171\/revisions\/5701"}],"wp:attachment":[{"href":"https:\/\/cabauhotels.com\/de\/wp-json\/wp\/v2\/media?parent=4171"}],"curies":[{"name":"wp","href":"https:\/\/api.w.org\/{rel}","templated":true}]}}