{"id":5794,"date":"2026-01-21T11:31:33","date_gmt":"2026-01-21T10:31:33","guid":{"rendered":"https:\/\/cabauhotels.com\/kommunikationskanal\/"},"modified":"2026-01-21T11:40:40","modified_gmt":"2026-01-21T10:40:40","slug":"kommunikationskanal","status":"publish","type":"page","link":"https:\/\/cabauhotels.com\/de\/kommunikationskanal\/","title":{"rendered":"Kommunikationskanal"},"content":{"rendered":"\t\t<div data-elementor-type=\"wp-page\" data-elementor-id=\"5794\" class=\"elementor elementor-5794 elementor-5777\" data-elementor-post-type=\"page\">\n\t\t\t\t<div class=\"elementor-element elementor-element-cacb05a e-flex e-con-boxed e-con e-parent\" data-id=\"cacb05a\" data-element_type=\"container\" data-e-type=\"container\">\n\t\t\t\t\t<div class=\"e-con-inner\">\n\t\t\t\t<div class=\"elementor-element elementor-element-83c406f elementor-widget elementor-widget-heading\" data-id=\"83c406f\" data-element_type=\"widget\" data-e-type=\"widget\" data-widget_type=\"heading.default\">\n\t\t\t\t<div class=\"elementor-widget-container\">\n\t\t\t\t\t<h2 class=\"elementor-heading-title elementor-size-default\">Anonymer Kommunikationskanal der Cabau Hotels<\/h2>\t\t\t\t<\/div>\n\t\t\t\t<\/div>\n\t\t\t\t<div class=\"elementor-element elementor-element-0e74b1f elementor-button-align-stretch elementor-widget elementor-widget-form\" data-id=\"0e74b1f\" data-element_type=\"widget\" data-e-type=\"widget\" data-settings=\"{&quot;button_width&quot;:&quot;25&quot;,&quot;step_next_label&quot;:&quot;Next&quot;,&quot;step_previous_label&quot;:&quot;Previous&quot;,&quot;step_type&quot;:&quot;number_text&quot;,&quot;step_icon_shape&quot;:&quot;circle&quot;}\" data-widget_type=\"form.default\">\n\t\t\t\t<div class=\"elementor-widget-container\">\n\t\t\t\t\t\t\t<form class=\"elementor-form\" method=\"post\" name=\"New Form\" aria-label=\"New Form\">\r\n\t\t\t<input type=\"hidden\" name=\"post_id\" value=\"5794\"\/>\r\n\t\t\t<input type=\"hidden\" name=\"form_id\" value=\"0e74b1f\"\/>\r\n\t\t\t<input type=\"hidden\" name=\"referer_title\" value=\"Kommunikationskanal - Cabau Hotels\" \/>\r\n\r\n\t\t\t\t\t\t\t<input type=\"hidden\" name=\"queried_id\" value=\"5794\"\/>\r\n\t\t\t\r\n\t\t\t<div class=\"elementor-form-fields-wrapper elementor-labels-above\">\r\n\t\t\t\t\t\t\t\t<div class=\"elementor-field-type-select elementor-field-group elementor-column elementor-field-group-name elementor-col-50 elementor-field-required elementor-mark-required\">\r\n\t\t\t\t\t\t\t\t\t\t\t\t<label for=\"form-field-name\" class=\"elementor-field-label\">\r\n\t\t\t\t\t\t\t\tIn welche Kategorie passt Ihre Kommunikation am besten?\t\t\t\t\t\t\t<\/label>\r\n\t\t\t\t\t\t\t\t<div class=\"elementor-field elementor-select-wrapper remove-before \">\r\n\t\t\t<div class=\"select-caret-down-wrapper\">\r\n\t\t\t\t<i aria-hidden=\"true\" class=\"eicon-caret-down\"><\/i>\t\t\t<\/div>\r\n\t\t\t<select name=\"form_fields[name]\" id=\"form-field-name\" class=\"elementor-field-textual elementor-size-sm\" required=\"required\">\r\n\t\t\t\t\t\t\t\t\t<option value=\"Mobbing am Arbeitsplatz\">Mobbing am Arbeitsplatz<\/option>\r\n\t\t\t\t\t\t\t\t\t<option value=\"Wettbewerb\">Wettbewerb<\/option>\r\n\t\t\t\t\t\t\t\t\t<option value=\"Geldw\u00e4schebek\u00e4mpfung\">Geldw\u00e4schebek\u00e4mpfung<\/option>\r\n\t\t\t\t\t\t\t\t\t<option value=\"Verbraucherschutz\">Verbraucherschutz<\/option>\r\n\t\t\t\t\t\t\t\t\t<option value=\"Datenschutz und Privatsph\u00e4re\">Datenschutz und Privatsph\u00e4re<\/option>\r\n\t\t\t\t\t\t\t\t\t<option value=\"Umweltschutz\">Umweltschutz<\/option>\r\n\t\t\t\t\t\t\t\t\t<option value=\"\u00d6ffentliche Gesundheit\">\u00d6ffentliche Gesundheit<\/option>\r\n\t\t\t\t\t\t\t\t\t<option value=\"Sicherheit\">Sicherheit<\/option>\r\n\t\t\t\t\t\t\t\t\t<option value=\"Netzwerk- und Informationssystemsicherheit\">Netzwerk- und Informationssystemsicherheit<\/option>\r\n\t\t\t\t\t\t\t\t\t<option value=\"Lebensmittelsicherheit\">Lebensmittelsicherheit<\/option>\r\n\t\t\t\t\t\t\t\t\t<option value=\"Transportsicherheit\">Transportsicherheit<\/option>\r\n\t\t\t\t\t\t\t\t\t<option value=\"Produktsicherheit\">Produktsicherheit<\/option>\r\n\t\t\t\t\t\t\t\t\t<option value=\"Sonstiges\">Sonstiges<\/option>\r\n\t\t\t\t\t\t\t<\/select>\r\n\t\t<\/div>\r\n\t\t\t\t\t\t<\/div>\r\n\t\t\t\t\t\t\t\t<div class=\"elementor-field-type-select elementor-field-group elementor-column elementor-field-group-field_20a201a elementor-col-50 elementor-field-required elementor-mark-required\">\r\n\t\t\t\t\t\t\t\t\t\t\t\t<label for=\"form-field-field_20a201a\" class=\"elementor-field-label\">\r\n\t\t\t\t\t\t\t\tHaben Sie einen Verdacht gegen eine der folgenden Personen?\t\t\t\t\t\t\t<\/label>\r\n\t\t\t\t\t\t\t\t<div class=\"elementor-field elementor-select-wrapper remove-before \">\r\n\t\t\t<div class=\"select-caret-down-wrapper\">\r\n\t\t\t\t<i aria-hidden=\"true\" class=\"eicon-caret-down\"><\/i>\t\t\t<\/div>\r\n\t\t\t<select name=\"form_fields[field_20a201a]\" id=\"form-field-field_20a201a\" class=\"elementor-field-textual elementor-size-sm\" required=\"required\">\r\n\t\t\t\t\t\t\t\t\t<option value=\"Direktor\">Direktor<\/option>\r\n\t\t\t\t\t\t\t\t\t<option value=\"Stellvertretender Direktor\">Stellvertretender Direktor<\/option>\r\n\t\t\t\t\t\t\t\t\t<option value=\"Hausdame\">Hausdame<\/option>\r\n\t\t\t\t\t\t\t\t\t<option value=\"K\u00fcchenchef\">K\u00fcchenchef<\/option>\r\n\t\t\t\t\t\t\t\t\t<option value=\"Leiter der Rezeption\">Leiter der Rezeption<\/option>\r\n\t\t\t\t\t\t\t\t\t<option value=\"Leiter der technischen Abteilung\">Leiter der technischen Abteilung<\/option>\r\n\t\t\t\t\t\t\t\t\t<option value=\"Restaurantleiter\">Restaurantleiter<\/option>\r\n\t\t\t\t\t\t\t\t\t<option value=\"Rezeptionspersonal\">Rezeptionspersonal<\/option>\r\n\t\t\t\t\t\t\t\t\t<option value=\"Reinigungspersonal\">Reinigungspersonal<\/option>\r\n\t\t\t\t\t\t\t\t\t<option value=\"K\u00fcchenpersonal\">K\u00fcchenpersonal<\/option>\r\n\t\t\t\t\t\t\t\t\t<option value=\"Instandhaltungspersonal\">Instandhaltungspersonal<\/option>\r\n\t\t\t\t\t\t\t\t\t<option value=\"Verwaltungspersonal\">Verwaltungspersonal<\/option>\r\n\t\t\t\t\t\t\t\t\t<option value=\"Spa- oder Massagetherapeuten\">Spa- oder Massagetherapeuten<\/option>\r\n\t\t\t\t\t\t\t\t\t<option value=\"Rettungsschwimmer\">Rettungsschwimmer<\/option>\r\n\t\t\t\t\t\t\t\t\t<option value=\"Animationspersonal\">Animationspersonal<\/option>\r\n\t\t\t\t\t\t\t\t\t<option value=\"Ich habe keine Kenntnis von der Beteiligung dieser Personen\">Ich habe keine Kenntnis von der Beteiligung dieser Personen<\/option>\r\n\t\t\t\t\t\t\t<\/select>\r\n\t\t<\/div>\r\n\t\t\t\t\t\t<\/div>\r\n\t\t\t\t\t\t\t\t<div class=\"elementor-field-type-select elementor-field-group elementor-column elementor-field-group-field_25194ff elementor-col-50 elementor-field-required elementor-mark-required\">\r\n\t\t\t\t\t\t\t\t\t\t\t\t<label for=\"form-field-field_25194ff\" class=\"elementor-field-label\">\r\n\t\t\t\t\t\t\t\tIn welcher Beziehung stehen Sie zu dem Unternehmen?\t\t\t\t\t\t\t<\/label>\r\n\t\t\t\t\t\t\t\t<div class=\"elementor-field elementor-select-wrapper remove-before \">\r\n\t\t\t<div class=\"select-caret-down-wrapper\">\r\n\t\t\t\t<i aria-hidden=\"true\" class=\"eicon-caret-down\"><\/i>\t\t\t<\/div>\r\n\t\t\t<select name=\"form_fields[field_25194ff]\" id=\"form-field-field_25194ff\" class=\"elementor-field-textual elementor-size-sm\" required=\"required\">\r\n\t\t\t\t\t\t\t\t\t<option value=\"Mitarbeiter\">Mitarbeiter<\/option>\r\n\t\t\t\t\t\t\t\t\t<option value=\"Kunde\">Kunde<\/option>\r\n\t\t\t\t\t\t\t\t\t<option value=\"Ehemaliger Mitarbeiter\">Ehemaliger Mitarbeiter<\/option>\r\n\t\t\t\t\t\t\t\t\t<option value=\"Partner\">Partner<\/option>\r\n\t\t\t\t\t\t\t\t\t<option value=\"Lieferant\">Lieferant<\/option>\r\n\t\t\t\t\t\t\t\t\t<option value=\"Auftragnehmer\">Auftragnehmer<\/option>\r\n\t\t\t\t\t\t\t\t\t<option value=\"Sonstige\">Sonstige<\/option>\r\n\t\t\t\t\t\t\t\t\t<option value=\"\"><\/option>\r\n\t\t\t\t\t\t\t<\/select>\r\n\t\t<\/div>\r\n\t\t\t\t\t\t<\/div>\r\n\t\t\t\t\t\t\t\t<div class=\"elementor-field-type-textarea elementor-field-group elementor-column elementor-field-group-message elementor-col-100 elementor-field-required elementor-mark-required\">\r\n\t\t\t\t\t\t\t\t\t\t\t\t<label for=\"form-field-message\" class=\"elementor-field-label\">\r\n\t\t\t\t\t\t\t\tBitte geben Sie an, welche Person oder Personen Gegenstand der Mitteilung sind.\t\t\t\t\t\t\t<\/label>\r\n\t\t\t\t\t\t<textarea class=\"elementor-field-textual elementor-field  elementor-size-sm\" name=\"form_fields[message]\" id=\"form-field-message\" rows=\"4\" placeholder=\"Name und Nachname, Position\" required=\"required\"><\/textarea>\t\t\t\t<\/div>\r\n\t\t\t\t\t\t\t\t<div class=\"elementor-field-type-textarea elementor-field-group elementor-column elementor-field-group-field_d3589ec elementor-col-100\">\r\n\t\t\t\t\t\t\t\t\t\t\t\t<label for=\"form-field-field_d3589ec\" class=\"elementor-field-label\">\r\n\t\t\t\t\t\t\t\tGibt es Zeugen? Bitte nennen Sie deren Namen.\u00bfHay testigos? Indique sus nombres \t\t\t\t\t\t\t<\/label>\r\n\t\t\t\t\t\t<textarea class=\"elementor-field-textual elementor-field  elementor-size-sm\" name=\"form_fields[field_d3589ec]\" id=\"form-field-field_d3589ec\" rows=\"4\" placeholder=\"Name und Nachname, Position\"><\/textarea>\t\t\t\t<\/div>\r\n\t\t\t\t\t\t\t\t<div class=\"elementor-field-type-radio elementor-field-group elementor-column elementor-field-group-field_93151ac elementor-col-100 elementor-field-required elementor-mark-required\">\r\n\t\t\t\t\t\t\t\t\t\t\t\t<label for=\"form-field-field_93151ac\" class=\"elementor-field-label\">\r\n\t\t\t\t\t\t\t\tHaben Sie diese Angelegenheit mit einem Mitglied der Gesch\u00e4ftsleitung besprochen?\t\t\t\t\t\t\t<\/label>\r\n\t\t\t\t\t\t<div class=\"elementor-field-subgroup  \"><span class=\"elementor-field-option\"><input type=\"radio\" value=\"Ja\" id=\"form-field-field_93151ac-0\" name=\"form_fields[field_93151ac]\" required=\"required\"> <label for=\"form-field-field_93151ac-0\">Ja<\/label><\/span><span class=\"elementor-field-option\"><input type=\"radio\" value=\"Nein\" id=\"form-field-field_93151ac-1\" name=\"form_fields[field_93151ac]\" required=\"required\"> <label for=\"form-field-field_93151ac-1\">Nein<\/label><\/span><span class=\"elementor-field-option\"><input type=\"radio\" value=\"Ich erinnere mich nicht.\" id=\"form-field-field_93151ac-2\" name=\"form_fields[field_93151ac]\" required=\"required\"> <label for=\"form-field-field_93151ac-2\">Ich erinnere mich nicht.<\/label><\/span><\/div>\t\t\t\t<\/div>\r\n\t\t\t\t\t\t\t\t<div class=\"elementor-field-type-textarea elementor-field-group elementor-column elementor-field-group-field_7d07f47 elementor-col-100 elementor-field-required elementor-mark-required\">\r\n\t\t\t\t\t\t\t\t\t\t\t\t<label for=\"form-field-field_7d07f47\" class=\"elementor-field-label\">\r\n\t\t\t\t\t\t\t\tBitte teilen Sie uns detailliert mit, was Sie uns mitteilen m\u00f6chten.\t\t\t\t\t\t\t<\/label>\r\n\t\t\t\t\t\t<textarea class=\"elementor-field-textual elementor-field  elementor-size-sm\" name=\"form_fields[field_7d07f47]\" id=\"form-field-field_7d07f47\" rows=\"4\" required=\"required\"><\/textarea>\t\t\t\t<\/div>\r\n\t\t\t\t\t\t\t\t<div class=\"elementor-field-type-upload elementor-field-group elementor-column elementor-field-group-field_69d8a38 elementor-col-100\">\r\n\t\t\t\t\t\t\t\t\t\t\t\t<label for=\"form-field-field_69d8a38\" class=\"elementor-field-label\">\r\n\t\t\t\t\t\t\t\tM\u00f6chten Sie weitere Dokumente beif\u00fcgen?\t\t\t\t\t\t\t<\/label>\r\n\t\t\t\t\t\t\t\t<input type=\"file\" name=\"form_fields[field_69d8a38]\" id=\"form-field-field_69d8a38\" class=\"elementor-field elementor-size-sm  elementor-upload-field\">\r\n\r\n\t\t\t\t\t\t<\/div>\r\n\t\t\t\t\t\t\t\t<div class=\"elementor-field-type-acceptance elementor-field-group elementor-column elementor-field-group-field_4ddc7d1 elementor-col-100 elementor-field-required elementor-mark-required\">\r\n\t\t\t\t\t\t\t\t\t\t\t\t<label for=\"form-field-field_4ddc7d1\" class=\"elementor-field-label\">\r\n\t\t\t\t\t\t\t\tBeenden\t\t\t\t\t\t\t<\/label>\r\n\t\t\t\t\t\t\t\t<div class=\"elementor-field-subgroup\">\r\n\t\t\t<span class=\"elementor-field-option\">\r\n\t\t\t\t<input type=\"checkbox\" name=\"form_fields[field_4ddc7d1]\" id=\"form-field-field_4ddc7d1\" class=\"elementor-field elementor-size-sm  elementor-acceptance-field\" required=\"required\">\r\n\t\t\t\t<label for=\"form-field-field_4ddc7d1\">Ich habe die <a href=\"https:\/\/cabauhotels.com\/de\/datenschutzbestimmungen\/\" target=\"_blank\">Datenschutz- und Einwilligungserkl\u00e4rung gelesen<\/a> und akzeptiere die Verarbeitung meiner personenbezogenen Daten gem\u00e4\u00df den Bestimmungen dieser Erkl\u00e4rung.\n<br><br>Sie haben bereits alle notwendigen Informationen eingegeben, um den Kommunikationsmanagementprozess zu starten.\n\nDie Informationen liegen vor, um die Ermittlung der Verantwortlichkeiten einzuleiten. Die beteiligten Personen oder Ereignisse werden untersucht, und entsprechende Ma\u00dfnahmen werden ergriffen. \n\nDer Informant garantiert die Richtigkeit der in dieser Mitteilung enthaltenen Informationen. Andernfalls beh\u00e4lt sich das Unternehmen das Recht vor, rechtliche Schritte gegen ihn einzuleiten. \n\nAl pulsar Enviar se iniciar\u00e1 la investigaci\u00f3n, en un plazo m\u00e1ximo de 3 meses se llevar\u00e1 a cabo la resoluci\u00f3n de su comunicaci\u00f3n la cual quedar\u00e1 reflejada en la plataforma.<\/label>\t\t\t<\/span>\r\n\t\t<\/div>\r\n\t\t\t\t\t\t<\/div>\r\n\t\t\t\t\t\t\t\t<div class=\"elementor-field-group elementor-column elementor-field-type-submit elementor-col-25 e-form__buttons\">\r\n\t\t\t\t\t<button class=\"elementor-button elementor-size-sm\" type=\"submit\">\r\n\t\t\t\t\t\t<span class=\"elementor-button-content-wrapper\">\r\n\t\t\t\t\t\t\t\t\t\t\t\t\t\t\t\t\t\t\t\t\t\t<span class=\"elementor-button-text\">Senden<\/span>\r\n\t\t\t\t\t\t\t\t\t\t\t\t\t<\/span>\r\n\t\t\t\t\t<\/button>\r\n\t\t\t\t<\/div>\r\n\t\t\t<\/div>\r\n\t\t<\/form>\r\n\t\t\t\t\t\t<\/div>\n\t\t\t\t<\/div>\n\t\t\t\t\t<\/div>\n\t\t\t\t<\/div>\n\t\t\t\t<\/div>\n\t\t","protected":false},"excerpt":{"rendered":"<p>Anonymer Kommunikationskanal der Cabau Hotels<\/p>\n","protected":false},"author":1,"featured_media":0,"parent":0,"menu_order":0,"comment_status":"closed","ping_status":"closed","template":"","meta":{"_acf_changed":false,"site-sidebar-layout":"no-sidebar","site-content-layout":"page-builder","ast-site-content-layout":"full-width-container","site-content-style":"default","site-sidebar-style":"default","ast-global-header-display":"","ast-banner-title-visibility":"","ast-main-header-display":"","ast-hfb-above-header-display":"","ast-hfb-below-header-display":"","ast-hfb-mobile-header-display":"","site-post-title":"","ast-breadcrumbs-content":"","ast-featured-img":"disabled","footer-sml-layout":"","ast-disable-related-posts":"","theme-transparent-header-meta":"","adv-header-id-meta":"","stick-header-meta":"","header-above-stick-meta":"","header-main-stick-meta":"","header-below-stick-meta":"","astra-migrate-meta-layouts":"default","ast-page-background-enabled":"default","ast-page-background-meta":{"desktop":{"background-color":"","background-image":"","background-repeat":"repeat","background-position":"center center","background-size":"auto","background-attachment":"scroll","background-type":"","background-media":"","overlay-type":"","overlay-color":"","overlay-opacity":"","overlay-gradient":""},"tablet":{"background-color":"","background-image":"","background-repeat":"repeat","background-position":"center center","background-size":"auto","background-attachment":"scroll","background-type":"","background-media":"","overlay-type":"","overlay-color":"","overlay-opacity":"","overlay-gradient":""},"mobile":{"background-color":"","background-image":"","background-repeat":"repeat","background-position":"center center","background-size":"auto","background-attachment":"scroll","background-type":"","background-media":"","overlay-type":"","overlay-color":"","overlay-opacity":"","overlay-gradient":""}},"ast-content-background-meta":{"desktop":{"background-color":"var(--ast-global-color-5)","background-image":"","background-repeat":"repeat","background-position":"center center","background-size":"auto","background-attachment":"scroll","background-type":"","background-media":"","overlay-type":"","overlay-color":"","overlay-opacity":"","overlay-gradient":""},"tablet":{"background-color":"var(--ast-global-color-5)","background-image":"","background-repeat":"repeat","background-position":"center center","background-size":"auto","background-attachment":"scroll","background-type":"","background-media":"","overlay-type":"","overlay-color":"","overlay-opacity":"","overlay-gradient":""},"mobile":{"background-color":"var(--ast-global-color-5)","background-image":"","background-repeat":"repeat","background-position":"center center","background-size":"auto","background-attachment":"scroll","background-type":"","background-media":"","overlay-type":"","overlay-color":"","overlay-opacity":"","overlay-gradient":""}},"footnotes":""},"class_list":["post-5794","page","type-page","status-publish","hentry"],"acf":[],"_links":{"self":[{"href":"https:\/\/cabauhotels.com\/de\/wp-json\/wp\/v2\/pages\/5794","targetHints":{"allow":["GET"]}}],"collection":[{"href":"https:\/\/cabauhotels.com\/de\/wp-json\/wp\/v2\/pages"}],"about":[{"href":"https:\/\/cabauhotels.com\/de\/wp-json\/wp\/v2\/types\/page"}],"author":[{"embeddable":true,"href":"https:\/\/cabauhotels.com\/de\/wp-json\/wp\/v2\/users\/1"}],"replies":[{"embeddable":true,"href":"https:\/\/cabauhotels.com\/de\/wp-json\/wp\/v2\/comments?post=5794"}],"version-history":[{"count":1,"href":"https:\/\/cabauhotels.com\/de\/wp-json\/wp\/v2\/pages\/5794\/revisions"}],"predecessor-version":[{"id":5795,"href":"https:\/\/cabauhotels.com\/de\/wp-json\/wp\/v2\/pages\/5794\/revisions\/5795"}],"wp:attachment":[{"href":"https:\/\/cabauhotels.com\/de\/wp-json\/wp\/v2\/media?parent=5794"}],"curies":[{"name":"wp","href":"https:\/\/api.w.org\/{rel}","templated":true}]}}