{"id":6083,"date":"2025-10-28T11:09:22","date_gmt":"2025-10-28T10:09:22","guid":{"rendered":"https:\/\/cabauhotels.com\/hotel-gloria-de-sant-jaume\/events\/restaurant\/"},"modified":"2026-04-08T11:42:04","modified_gmt":"2026-04-08T09:42:04","slug":"restaurant","status":"publish","type":"page","link":"https:\/\/cabauhotels.com\/hotel-gloria-de-sant-jaume\/de\/events\/restaurant\/","title":{"rendered":"Restaurant"},"content":{"rendered":"\t\t<div data-elementor-type=\"wp-page\" data-elementor-id=\"6083\" class=\"elementor elementor-6083 elementor-6058\" data-elementor-post-type=\"page\">\n\t\t\t\t<div class=\"elementor-element elementor-element-392e6d41 e-con-full e-flex e-con e-parent\" data-id=\"392e6d41\" data-element_type=\"container\" data-e-type=\"container\" data-settings=\"{&quot;background_background&quot;:&quot;slideshow&quot;,&quot;background_slideshow_gallery&quot;:[{&quot;id&quot;:6061,&quot;url&quot;:&quot;https:\\\/\\\/cabauhotels.com\\\/hotel-gloria-de-sant-jaume\\\/wp-content\\\/uploads\\\/sites\\\/10\\\/2025\\\/10\\\/restaurant-el-patio-de-gloria.webp&quot;}],&quot;background_slideshow_slide_transition&quot;:&quot;slide_left&quot;,&quot;background_slideshow_loop&quot;:&quot;yes&quot;,&quot;background_slideshow_slide_duration&quot;:5000,&quot;background_slideshow_transition_duration&quot;:500}\">\n\t\t<div class=\"elementor-element elementor-element-e5664ef e-flex e-con-boxed e-con e-child\" data-id=\"e5664ef\" data-element_type=\"container\" data-e-type=\"container\">\n\t\t\t\t\t<div class=\"e-con-inner\">\n\t\t\t\t\t<\/div>\n\t\t\t\t<\/div>\n\t\t\t\t<\/div>\n\t\t<div class=\"elementor-element elementor-element-7e28bb96 elementor-hidden-tablet elementor-hidden-mobile e-flex e-con-boxed e-con e-parent\" data-id=\"7e28bb96\" data-element_type=\"container\" data-e-type=\"container\" data-settings=\"{&quot;background_background&quot;:&quot;classic&quot;}\">\n\t\t\t\t\t<div class=\"e-con-inner\">\n\t\t<div class=\"elementor-element elementor-element-77a88e7c e-con-full e-flex e-con e-child\" data-id=\"77a88e7c\" data-element_type=\"container\" data-e-type=\"container\" data-settings=\"{&quot;background_background&quot;:&quot;classic&quot;}\">\n\t\t\t\t<div class=\"elementor-element elementor-element-1b8d9f5 elementor-widget elementor-widget-heading\" data-id=\"1b8d9f5\" data-element_type=\"widget\" data-e-type=\"widget\" data-widget_type=\"heading.default\">\n\t\t\t\t\t<h2 class=\"elementor-heading-title elementor-size-default\"><a href=\"https:\/\/cabauhotels.com\/hotel-gloria-de-sant-jaume\/en\/home\/\">HOME \/<\/a><\/h2>\t\t\t\t<\/div>\n\t\t\t\t<div class=\"elementor-element elementor-element-56536143 elementor-widget elementor-widget-heading\" data-id=\"56536143\" data-element_type=\"widget\" data-e-type=\"widget\" data-widget_type=\"heading.default\">\n\t\t\t\t\t<h2 class=\"elementor-heading-title elementor-size-default\"><a href=\"https:\/\/cabauhotels.com\/hotel-gloria-de-sant-jaume\/en\/events\/\">EVENTS \/<\/a><\/h2>\t\t\t\t<\/div>\n\t\t\t\t<div class=\"elementor-element elementor-element-27a1bb66 elementor-widget elementor-widget-heading\" data-id=\"27a1bb66\" data-element_type=\"widget\" data-e-type=\"widget\" data-widget_type=\"heading.default\">\n\t\t\t\t\t<h2 class=\"elementor-heading-title elementor-size-default\"><a href=\"https:\/\/cabauhotels.com\/hotel-gloria-de-sant-jaume\/de\/events\/restaurant\/\">Restaurant<\/a><\/h2>\t\t\t\t<\/div>\n\t\t\t\t<\/div>\n\t\t\t\t\t<\/div>\n\t\t\t\t<\/div>\n\t\t<div class=\"elementor-element elementor-element-e41c361 e-flex e-con-boxed e-con e-parent\" data-id=\"e41c361\" data-element_type=\"container\" data-e-type=\"container\">\n\t\t\t\t\t<div class=\"e-con-inner\">\n\t\t\t\t<div class=\"elementor-element elementor-element-7def0e37 elementor-widget elementor-widget-heading\" data-id=\"7def0e37\" data-element_type=\"widget\" data-e-type=\"widget\" data-widget_type=\"heading.default\">\n\t\t\t\t\t<h2 class=\"elementor-heading-title elementor-size-default\">EL PATIO DE GL\u00d2RIA RESTAURANT<\/h2>\t\t\t\t<\/div>\n\t\t<div class=\"elementor-element elementor-element-31352957 e-con-full e-flex e-con e-child\" data-id=\"31352957\" data-element_type=\"container\" data-e-type=\"container\">\n\t\t<div class=\"elementor-element elementor-element-3979ace2 e-con-full e-flex e-con e-child\" data-id=\"3979ace2\" data-element_type=\"container\" data-e-type=\"container\">\n\t\t\t\t<div class=\"elementor-element elementor-element-485d06d6 elementor-widget elementor-widget-text-editor\" data-id=\"485d06d6\" data-element_type=\"widget\" data-e-type=\"widget\" data-widget_type=\"text-editor.default\">\n\t\t\t\t\t\t\t\t\t<div class=\"s-cms s-cms--text-medium u-mrb-l\"><div class=\"s-cms s-cms--text-medium u-mrb-l\"><p>Unser h\u00fcbsches Restaurant &#8222;El Patio De Gloria&#8220; ist die perfekte Kulisse f\u00fcr private Feiern und Hochzeitsempf\u00e4nge. Der elegante Speisesaal in Kombination mit unserem authentischen Terrassenbereich mit Zitronenb\u00e4umen und dem urspr\u00fcnglichen Brunnen kann von uns mit Blumendisplays und stilvollen Dekorationen Ihrer Wahl weiter aufgewertet werden. Gestalten Sie mit Hilfe unseres K\u00fcchenchefs Ihr eigenes Men\u00fc und bieten Sie Ihren G\u00e4sten ein unvergessliches gastronomisches Erlebnis.  <\/p><\/div><\/div>\t\t\t\t\t\t\t\t<\/div>\n\t\t\t\t<\/div>\n\t\t<div class=\"elementor-element elementor-element-19af006f e-con-full e-flex e-con e-child\" data-id=\"19af006f\" data-element_type=\"container\" data-e-type=\"container\">\n\t\t<div class=\"elementor-element elementor-element-628361b0 e-con-full e-flex e-con e-child\" data-id=\"628361b0\" data-element_type=\"container\" data-e-type=\"container\" data-settings=\"{&quot;background_background&quot;:&quot;classic&quot;}\">\n\t\t\t\t<div class=\"elementor-element elementor-element-6af5c648 elementor-widget elementor-widget-heading\" data-id=\"6af5c648\" data-element_type=\"widget\" data-e-type=\"widget\" data-widget_type=\"heading.default\">\n\t\t\t\t\t<h2 class=\"elementor-heading-title elementor-size-default\">Elegant und raffiniert<\/h2>\t\t\t\t<\/div>\n\t\t\t\t<div class=\"elementor-element elementor-element-cf3c391 elementor-widget__width-initial elementor-widget elementor-widget-text-editor\" data-id=\"cf3c391\" data-element_type=\"widget\" data-e-type=\"widget\" data-widget_type=\"text-editor.default\">\n\t\t\t\t\t\t\t\t\t<p data-start=\"120\" data-end=\"185\">Entdecken Sie ein einzigartiges gastronomisches Erlebnis im Herzen von Palma.<\/p>\t\t\t\t\t\t\t\t<\/div>\n\t\t\t\t<div class=\"elementor-element elementor-element-d47a25a elementor-align-left elementor-hidden-tablet elementor-hidden-mobile elementor-widget elementor-widget-button\" data-id=\"d47a25a\" data-element_type=\"widget\" data-e-type=\"widget\" data-widget_type=\"button.default\">\n\t\t\t\t\t\t\t\t\t\t<a class=\"elementor-button elementor-button-link elementor-size-sm\" href=\"https:\/\/elpatiodegloria.com\/en\/\" target=\"_blank\" rel=\"noopener\">\n\t\t\t\t\t\t<span class=\"elementor-button-content-wrapper\">\n\t\t\t\t\t\t<span class=\"elementor-button-icon\">\n\t\t\t\t<svg aria-hidden=\"true\" class=\"e-font-icon-svg e-fas-link\" viewBox=\"0 0 512 512\" xmlns=\"http:\/\/www.w3.org\/2000\/svg\"><path d=\"M326.612 185.391c59.747 59.809 58.927 155.698.36 214.59-.11.12-.24.25-.36.37l-67.2 67.2c-59.27 59.27-155.699 59.262-214.96 0-59.27-59.26-59.27-155.7 0-214.96l37.106-37.106c9.84-9.84 26.786-3.3 27.294 10.606.648 17.722 3.826 35.527 9.69 52.721 1.986 5.822.567 12.262-3.783 16.612l-13.087 13.087c-28.026 28.026-28.905 73.66-1.155 101.96 28.024 28.579 74.086 28.749 102.325.51l67.2-67.19c28.191-28.191 28.073-73.757 0-101.83-3.701-3.694-7.429-6.564-10.341-8.569a16.037 16.037 0 0 1-6.947-12.606c-.396-10.567 3.348-21.456 11.698-29.806l21.054-21.055c5.521-5.521 14.182-6.199 20.584-1.731a152.482 152.482 0 0 1 20.522 17.197zM467.547 44.449c-59.261-59.262-155.69-59.27-214.96 0l-67.2 67.2c-.12.12-.25.25-.36.37-58.566 58.892-59.387 154.781.36 214.59a152.454 152.454 0 0 0 20.521 17.196c6.402 4.468 15.064 3.789 20.584-1.731l21.054-21.055c8.35-8.35 12.094-19.239 11.698-29.806a16.037 16.037 0 0 0-6.947-12.606c-2.912-2.005-6.64-4.875-10.341-8.569-28.073-28.073-28.191-73.639 0-101.83l67.2-67.19c28.239-28.239 74.3-28.069 102.325.51 27.75 28.3 26.872 73.934-1.155 101.96l-13.087 13.087c-4.35 4.35-5.769 10.79-3.783 16.612 5.864 17.194 9.042 34.999 9.69 52.721.509 13.906 17.454 20.446 27.294 10.606l37.106-37.106c59.271-59.259 59.271-155.699.001-214.959z\"><\/path><\/svg>\t\t\t<\/span>\n\t\t\t\t\t\t\t\t\t<span class=\"elementor-button-text\">Besuchen Sie die Website des Restaurants El Patio de Gl\u00f2ria<\/span>\n\t\t\t\t\t<\/span>\n\t\t\t\t\t<\/a>\n\t\t\t\t\t\t\t\t<\/div>\n\t\t\t\t<div class=\"elementor-element elementor-element-ef575c4 elementor-widget elementor-widget-image\" data-id=\"ef575c4\" data-element_type=\"widget\" data-e-type=\"widget\" data-widget_type=\"image.default\">\n\t\t\t\t\t\t\t\t\t\t\t\t\t\t\t\t<a href=\"#tourvirtual\">\n\t\t\t\t\t\t\t<img decoding=\"async\" width=\"100\" height=\"59\" src=\"https:\/\/cabauhotels.com\/hotel-gloria-de-sant-jaume\/wp-content\/uploads\/sites\/10\/2026\/01\/virtual-tour-360.webp\" class=\"attachment-large size-large wp-image-7282\" alt=\"Virtual Tour 360\u00ba\" \/>\t\t\t\t\t\t\t\t<\/a>\n\t\t\t\t\t\t\t\t\t\t\t\t\t\t\t<\/div>\n\t\t\t\t<\/div>\n\t\t\t\t<\/div>\n\t\t\t\t<\/div>\n\t\t\t\t\t<\/div>\n\t\t\t\t<\/div>\n\t\t<div class=\"elementor-element elementor-element-a1fcff9 e-flex e-con-boxed e-con e-parent\" data-id=\"a1fcff9\" data-element_type=\"container\" data-e-type=\"container\">\n\t\t\t\t\t<div class=\"e-con-inner\">\n\t\t\t\t<div class=\"elementor-element elementor-element-edba089 elementor-align-left elementor-hidden-tablet elementor-hidden-mobile elementor-widget elementor-widget-button\" data-id=\"edba089\" data-element_type=\"widget\" data-e-type=\"widget\" data-widget_type=\"button.default\">\n\t\t\t\t\t\t\t\t\t\t<a class=\"elementor-button elementor-button-link elementor-size-sm\" href=\"https:\/\/cabauhotels.com\/hotel-gloria-de-sant-jaume\/de\/\" target=\"_blank\">\n\t\t\t\t\t\t<span class=\"elementor-button-content-wrapper\">\n\t\t\t\t\t\t<span class=\"elementor-button-icon\">\n\t\t\t\t<svg aria-hidden=\"true\" class=\"e-font-icon-svg e-fas-mobile-alt\" viewBox=\"0 0 320 512\" xmlns=\"http:\/\/www.w3.org\/2000\/svg\"><path d=\"M272 0H48C21.5 0 0 21.5 0 48v416c0 26.5 21.5 48 48 48h224c26.5 0 48-21.5 48-48V48c0-26.5-21.5-48-48-48zM160 480c-17.7 0-32-14.3-32-32s14.3-32 32-32 32 14.3 32 32-14.3 32-32 32zm112-108c0 6.6-5.4 12-12 12H60c-6.6 0-12-5.4-12-12V60c0-6.6 5.4-12 12-12h200c6.6 0 12 5.4 12 12v312z\"><\/path><\/svg>\t\t\t<\/span>\n\t\t\t\t\t\t\t\t\t<span class=\"elementor-button-text\">Ein Zimmer im Hotel Gloria buchen<\/span>\n\t\t\t\t\t<\/span>\n\t\t\t\t\t<\/a>\n\t\t\t\t\t\t\t\t<\/div>\n\t\t\t\t\t<\/div>\n\t\t\t\t<\/div>\n\t\t<div class=\"elementor-element elementor-element-7d42d8ed e-con-full e-flex e-con e-parent\" data-id=\"7d42d8ed\" data-element_type=\"container\" data-e-type=\"container\">\n\t\t<div class=\"elementor-element elementor-element-6cbd6989 e-flex e-con-boxed e-con e-child\" data-id=\"6cbd6989\" data-element_type=\"container\" data-e-type=\"container\">\n\t\t\t\t\t<div class=\"e-con-inner\">\n\t\t\t\t<div class=\"elementor-element elementor-element-261e99da elementor-widget elementor-widget-heading\" data-id=\"261e99da\" data-element_type=\"widget\" data-e-type=\"widget\" data-widget_type=\"heading.default\">\n\t\t\t\t\t<h2 class=\"elementor-heading-title elementor-size-default\">Ein Spaziergang durch die Herrlichkeit\n<\/h2>\t\t\t\t<\/div>\n\t\t\t\t\t<\/div>\n\t\t\t\t<\/div>\n\t\t<div class=\"elementor-element elementor-element-1d97f6d6 e-con-full e-flex e-con e-child\" data-id=\"1d97f6d6\" data-element_type=\"container\" data-e-type=\"container\">\n\t\t\t\t<div class=\"elementor-element elementor-element-4931b823 elementor-arrows-position-inside elementor-widget elementor-widget-n-carousel\" data-id=\"4931b823\" data-element_type=\"widget\" data-e-type=\"widget\" data-settings=\"{&quot;carousel_items&quot;:[{&quot;slide_title&quot;:&quot;Slide #1&quot;,&quot;_id&quot;:&quot;ca86252&quot;},{&quot;slide_title&quot;:&quot;Slide #1&quot;,&quot;_id&quot;:&quot;d9a7d59&quot;},{&quot;slide_title&quot;:&quot;Slide #1&quot;,&quot;_id&quot;:&quot;9f004f5&quot;},{&quot;slide_title&quot;:&quot;Slide #1&quot;,&quot;_id&quot;:&quot;022b524&quot;},{&quot;slide_title&quot;:&quot;Slide #1&quot;,&quot;_id&quot;:&quot;a8a2fbd&quot;}],&quot;slides_to_show&quot;:&quot;3&quot;,&quot;slides_to_scroll&quot;:&quot;1&quot;,&quot;image_spacing_custom&quot;:{&quot;unit&quot;:&quot;px&quot;,&quot;size&quot;:25,&quot;sizes&quot;:[]},&quot;slides_to_show_tablet&quot;:&quot;1&quot;,&quot;slides_to_show_mobile&quot;:&quot;1&quot;,&quot;autoplay&quot;:&quot;yes&quot;,&quot;autoplay_speed&quot;:5000,&quot;pause_on_hover&quot;:&quot;yes&quot;,&quot;pause_on_interaction&quot;:&quot;yes&quot;,&quot;infinite&quot;:&quot;yes&quot;,&quot;speed&quot;:500,&quot;offset_sides&quot;:&quot;none&quot;,&quot;arrows&quot;:&quot;yes&quot;,&quot;image_spacing_custom_tablet&quot;:{&quot;unit&quot;:&quot;px&quot;,&quot;size&quot;:&quot;&quot;,&quot;sizes&quot;:[]},&quot;image_spacing_custom_mobile&quot;:{&quot;unit&quot;:&quot;px&quot;,&quot;size&quot;:&quot;&quot;,&quot;sizes&quot;:[]}}\" data-widget_type=\"nested-carousel.default\">\n\t\t\t\t\t\t\t<div class=\"e-n-carousel swiper\" role=\"region\" aria-roledescription=\"carousel\" aria-label=\"Carousel\" dir=\"ltr\">\r\n\t\t\t<div class=\"swiper-wrapper\" aria-live=\"off\">\r\n\t\t\t\t\t\t\t\t\t\t<div class=\"swiper-slide\" data-slide=\"1\" role=\"group\" aria-roledescription=\"slide\" aria-label=\"1 of 5\">\r\n\t\t\t\t\t\t\t<div class=\"elementor-element elementor-element-55d40c8d e-flex e-con-boxed e-con e-child\" data-id=\"55d40c8d\" data-element_type=\"container\" data-e-type=\"container\">\n\t\t\t\t\t<div class=\"e-con-inner\">\n\t\t\t\t<div class=\"elementor-element elementor-element-4fdfad15 elementor-widget elementor-widget-image\" data-id=\"4fdfad15\" data-element_type=\"widget\" data-e-type=\"widget\" data-widget_type=\"image.default\">\n\t\t\t\t\t\t\t\t\t\t\t\t\t\t\t<img fetchpriority=\"high\" decoding=\"async\" width=\"800\" height=\"600\" src=\"https:\/\/cabauhotels.com\/hotel-gloria-de-sant-jaume\/wp-content\/uploads\/sites\/10\/2025\/10\/restaurant-el-patio-de-gloria-1-1024x768.webp\" class=\"attachment-large size-large wp-image-6064\" alt=\"\" srcset=\"https:\/\/cabauhotels.com\/hotel-gloria-de-sant-jaume\/wp-content\/uploads\/sites\/10\/2025\/10\/restaurant-el-patio-de-gloria-1-1024x768.webp 1024w, https:\/\/cabauhotels.com\/hotel-gloria-de-sant-jaume\/wp-content\/uploads\/sites\/10\/2025\/10\/restaurant-el-patio-de-gloria-1-300x225.webp 300w, https:\/\/cabauhotels.com\/hotel-gloria-de-sant-jaume\/wp-content\/uploads\/sites\/10\/2025\/10\/restaurant-el-patio-de-gloria-1-768x576.webp 768w, https:\/\/cabauhotels.com\/hotel-gloria-de-sant-jaume\/wp-content\/uploads\/sites\/10\/2025\/10\/restaurant-el-patio-de-gloria-1-1536x1152.webp 1536w, https:\/\/cabauhotels.com\/hotel-gloria-de-sant-jaume\/wp-content\/uploads\/sites\/10\/2025\/10\/restaurant-el-patio-de-gloria-1.webp 1920w\" sizes=\"(max-width: 800px) 100vw, 800px\" \/>\t\t\t\t\t\t\t\t\t\t\t\t\t\t\t<\/div>\n\t\t\t\t\t<\/div>\n\t\t\t\t<\/div>\n\t\t\t\t\t\t\t\t<\/div>\r\n\t\t\t\t\t\t\t\t\t\t\t<div class=\"swiper-slide\" data-slide=\"2\" role=\"group\" aria-roledescription=\"slide\" aria-label=\"2 of 5\">\r\n\t\t\t\t\t\t\t<div class=\"elementor-element elementor-element-684650f1 e-flex e-con-boxed e-con e-child\" data-id=\"684650f1\" data-element_type=\"container\" data-e-type=\"container\">\n\t\t\t\t\t<div class=\"e-con-inner\">\n\t\t\t\t<div class=\"elementor-element elementor-element-41698260 elementor-widget elementor-widget-image\" data-id=\"41698260\" data-element_type=\"widget\" data-e-type=\"widget\" data-widget_type=\"image.default\">\n\t\t\t\t\t\t\t\t\t\t\t\t\t\t\t<img decoding=\"async\" width=\"800\" height=\"600\" src=\"https:\/\/cabauhotels.com\/hotel-gloria-de-sant-jaume\/wp-content\/uploads\/sites\/10\/2025\/10\/restaurant-el-patio-de-gloria-2-1024x768.webp\" class=\"attachment-large size-large wp-image-6067\" alt=\"\" srcset=\"https:\/\/cabauhotels.com\/hotel-gloria-de-sant-jaume\/wp-content\/uploads\/sites\/10\/2025\/10\/restaurant-el-patio-de-gloria-2-1024x768.webp 1024w, https:\/\/cabauhotels.com\/hotel-gloria-de-sant-jaume\/wp-content\/uploads\/sites\/10\/2025\/10\/restaurant-el-patio-de-gloria-2-300x225.webp 300w, https:\/\/cabauhotels.com\/hotel-gloria-de-sant-jaume\/wp-content\/uploads\/sites\/10\/2025\/10\/restaurant-el-patio-de-gloria-2-768x576.webp 768w, https:\/\/cabauhotels.com\/hotel-gloria-de-sant-jaume\/wp-content\/uploads\/sites\/10\/2025\/10\/restaurant-el-patio-de-gloria-2-1536x1152.webp 1536w, https:\/\/cabauhotels.com\/hotel-gloria-de-sant-jaume\/wp-content\/uploads\/sites\/10\/2025\/10\/restaurant-el-patio-de-gloria-2.webp 1800w\" sizes=\"(max-width: 800px) 100vw, 800px\" \/>\t\t\t\t\t\t\t\t\t\t\t\t\t\t\t<\/div>\n\t\t\t\t\t<\/div>\n\t\t\t\t<\/div>\n\t\t\t\t\t\t\t\t<\/div>\r\n\t\t\t\t\t\t\t\t\t\t\t<div class=\"swiper-slide\" data-slide=\"3\" role=\"group\" aria-roledescription=\"slide\" aria-label=\"3 of 5\">\r\n\t\t\t\t\t\t\t<div class=\"elementor-element elementor-element-3862af32 e-flex e-con-boxed e-con e-child\" data-id=\"3862af32\" data-element_type=\"container\" data-e-type=\"container\">\n\t\t\t\t\t<div class=\"e-con-inner\">\n\t\t\t\t<div class=\"elementor-element elementor-element-1fb44c83 elementor-widget elementor-widget-image\" data-id=\"1fb44c83\" data-element_type=\"widget\" data-e-type=\"widget\" data-widget_type=\"image.default\">\n\t\t\t\t\t\t\t\t\t\t\t\t\t\t\t<img loading=\"lazy\" decoding=\"async\" width=\"800\" height=\"600\" src=\"https:\/\/cabauhotels.com\/hotel-gloria-de-sant-jaume\/wp-content\/uploads\/sites\/10\/2025\/10\/restaurant-el-patio-de-gloria-3-1024x768.webp\" class=\"attachment-large size-large wp-image-6070\" alt=\"\" srcset=\"https:\/\/cabauhotels.com\/hotel-gloria-de-sant-jaume\/wp-content\/uploads\/sites\/10\/2025\/10\/restaurant-el-patio-de-gloria-3-1024x768.webp 1024w, https:\/\/cabauhotels.com\/hotel-gloria-de-sant-jaume\/wp-content\/uploads\/sites\/10\/2025\/10\/restaurant-el-patio-de-gloria-3-300x225.webp 300w, https:\/\/cabauhotels.com\/hotel-gloria-de-sant-jaume\/wp-content\/uploads\/sites\/10\/2025\/10\/restaurant-el-patio-de-gloria-3-768x576.webp 768w, https:\/\/cabauhotels.com\/hotel-gloria-de-sant-jaume\/wp-content\/uploads\/sites\/10\/2025\/10\/restaurant-el-patio-de-gloria-3-1536x1152.webp 1536w, https:\/\/cabauhotels.com\/hotel-gloria-de-sant-jaume\/wp-content\/uploads\/sites\/10\/2025\/10\/restaurant-el-patio-de-gloria-3.webp 1800w\" sizes=\"(max-width: 800px) 100vw, 800px\" \/>\t\t\t\t\t\t\t\t\t\t\t\t\t\t\t<\/div>\n\t\t\t\t\t<\/div>\n\t\t\t\t<\/div>\n\t\t\t\t\t\t\t\t<\/div>\r\n\t\t\t\t\t\t\t\t\t\t\t<div class=\"swiper-slide\" data-slide=\"4\" role=\"group\" aria-roledescription=\"slide\" aria-label=\"4 of 5\">\r\n\t\t\t\t\t\t\t<div class=\"elementor-element elementor-element-0ed5058 e-flex e-con-boxed e-con e-child\" data-id=\"0ed5058\" data-element_type=\"container\" data-e-type=\"container\">\n\t\t\t\t\t<div class=\"e-con-inner\">\n\t\t\t\t<div class=\"elementor-element elementor-element-b2a30ae elementor-widget elementor-widget-image\" data-id=\"b2a30ae\" data-element_type=\"widget\" data-e-type=\"widget\" data-widget_type=\"image.default\">\n\t\t\t\t\t\t\t\t\t\t\t\t\t\t\t<img loading=\"lazy\" decoding=\"async\" width=\"800\" height=\"600\" src=\"https:\/\/cabauhotels.com\/hotel-gloria-de-sant-jaume\/wp-content\/uploads\/sites\/10\/2025\/10\/restaurant-el-patio-de-gloria-4-1024x768.webp\" class=\"attachment-large size-large wp-image-6073\" alt=\"\" srcset=\"https:\/\/cabauhotels.com\/hotel-gloria-de-sant-jaume\/wp-content\/uploads\/sites\/10\/2025\/10\/restaurant-el-patio-de-gloria-4-1024x768.webp 1024w, https:\/\/cabauhotels.com\/hotel-gloria-de-sant-jaume\/wp-content\/uploads\/sites\/10\/2025\/10\/restaurant-el-patio-de-gloria-4-300x225.webp 300w, https:\/\/cabauhotels.com\/hotel-gloria-de-sant-jaume\/wp-content\/uploads\/sites\/10\/2025\/10\/restaurant-el-patio-de-gloria-4-768x576.webp 768w, https:\/\/cabauhotels.com\/hotel-gloria-de-sant-jaume\/wp-content\/uploads\/sites\/10\/2025\/10\/restaurant-el-patio-de-gloria-4-1536x1152.webp 1536w, https:\/\/cabauhotels.com\/hotel-gloria-de-sant-jaume\/wp-content\/uploads\/sites\/10\/2025\/10\/restaurant-el-patio-de-gloria-4.webp 1920w\" sizes=\"(max-width: 800px) 100vw, 800px\" \/>\t\t\t\t\t\t\t\t\t\t\t\t\t\t\t<\/div>\n\t\t\t\t\t<\/div>\n\t\t\t\t<\/div>\n\t\t\t\t\t\t\t\t<\/div>\r\n\t\t\t\t\t\t\t\t\t\t\t<div class=\"swiper-slide\" data-slide=\"5\" role=\"group\" aria-roledescription=\"slide\" aria-label=\"5 of 5\">\r\n\t\t\t\t\t\t\t<div class=\"elementor-element elementor-element-46e8822 e-flex e-con-boxed e-con e-child\" data-id=\"46e8822\" data-element_type=\"container\" data-e-type=\"container\">\n\t\t\t\t\t<div class=\"e-con-inner\">\n\t\t\t\t<div class=\"elementor-element elementor-element-60e763b elementor-widget elementor-widget-image\" data-id=\"60e763b\" data-element_type=\"widget\" data-e-type=\"widget\" data-widget_type=\"image.default\">\n\t\t\t\t\t\t\t\t\t\t\t\t\t\t\t<img loading=\"lazy\" decoding=\"async\" width=\"800\" height=\"598\" src=\"https:\/\/cabauhotels.com\/hotel-gloria-de-sant-jaume\/wp-content\/uploads\/sites\/10\/2025\/10\/restaurant-el-patio-de-gloria-5-1024x766.webp\" class=\"attachment-large size-large wp-image-6076\" alt=\"\" srcset=\"https:\/\/cabauhotels.com\/hotel-gloria-de-sant-jaume\/wp-content\/uploads\/sites\/10\/2025\/10\/restaurant-el-patio-de-gloria-5-1024x766.webp 1024w, https:\/\/cabauhotels.com\/hotel-gloria-de-sant-jaume\/wp-content\/uploads\/sites\/10\/2025\/10\/restaurant-el-patio-de-gloria-5-300x224.webp 300w, https:\/\/cabauhotels.com\/hotel-gloria-de-sant-jaume\/wp-content\/uploads\/sites\/10\/2025\/10\/restaurant-el-patio-de-gloria-5-768x574.webp 768w, https:\/\/cabauhotels.com\/hotel-gloria-de-sant-jaume\/wp-content\/uploads\/sites\/10\/2025\/10\/restaurant-el-patio-de-gloria-5-1536x1149.webp 1536w, https:\/\/cabauhotels.com\/hotel-gloria-de-sant-jaume\/wp-content\/uploads\/sites\/10\/2025\/10\/restaurant-el-patio-de-gloria-5.webp 1920w\" sizes=\"(max-width: 800px) 100vw, 800px\" \/>\t\t\t\t\t\t\t\t\t\t\t\t\t\t\t<\/div>\n\t\t\t\t\t<\/div>\n\t\t\t\t<\/div>\n\t\t\t\t\t\t\t\t<\/div>\r\n\t\t\t\t\t\t\t\t<\/div>\r\n\t\t<\/div>\r\n\t\t\t\t\t<div class=\"elementor-swiper-button elementor-swiper-button-prev\" role=\"button\" tabindex=\"0\" aria-label=\"Previous\">\r\n\t\t\t\t<svg aria-hidden=\"true\" class=\"e-font-icon-svg e-fas-chevron-left\" viewBox=\"0 0 320 512\" xmlns=\"http:\/\/www.w3.org\/2000\/svg\"><path d=\"M34.52 239.03L228.87 44.69c9.37-9.37 24.57-9.37 33.94 0l22.67 22.67c9.36 9.36 9.37 24.52.04 33.9L131.49 256l154.02 154.75c9.34 9.38 9.32 24.54-.04 33.9l-22.67 22.67c-9.37 9.37-24.57 9.37-33.94 0L34.52 272.97c-9.37-9.37-9.37-24.57 0-33.94z\"><\/path><\/svg>\t\t\t<\/div>\r\n\t\t\t<div class=\"elementor-swiper-button elementor-swiper-button-next\" role=\"button\" tabindex=\"0\" aria-label=\"Next\">\r\n\t\t\t\t<svg aria-hidden=\"true\" class=\"e-font-icon-svg e-fas-chevron-right\" viewBox=\"0 0 320 512\" xmlns=\"http:\/\/www.w3.org\/2000\/svg\"><path d=\"M285.476 272.971L91.132 467.314c-9.373 9.373-24.569 9.373-33.941 0l-22.667-22.667c-9.357-9.357-9.375-24.522-.04-33.901L188.505 256 34.484 101.255c-9.335-9.379-9.317-24.544.04-33.901l22.667-22.667c9.373-9.373 24.569-9.373 33.941 0L285.475 239.03c9.373 9.372 9.373 24.568.001 33.941z\"><\/path><\/svg>\t\t\t<\/div>\r\n\t\t\t\t\t\t<\/div>\n\t\t\t\t<\/div>\n\t\t\t\t<\/div>\n\t\t<div class=\"elementor-element elementor-element-3c6bed4 e-flex e-con-boxed e-con e-parent\" data-id=\"3c6bed4\" data-element_type=\"container\" data-e-type=\"container\" id=\"tourvirtual\">\n\t\t\t\t\t<div class=\"e-con-inner\">\n\t\t\t\t<div class=\"elementor-element elementor-element-e0eaa05 elementor-widget elementor-widget-heading\" data-id=\"e0eaa05\" data-element_type=\"widget\" data-e-type=\"widget\" data-widget_type=\"heading.default\">\n\t\t\t\t\t<h2 class=\"elementor-heading-title elementor-size-default\">Virtual Tour 360\u00ba\n<\/h2>\t\t\t\t<\/div>\n\t\t\t\t<div class=\"elementor-element elementor-element-052f1fb elementor-widget elementor-widget-html\" data-id=\"052f1fb\" data-element_type=\"widget\" data-e-type=\"widget\" data-widget_type=\"html.default\">\n\t\t\t\t\t<iframe id=\"vt_iframe_f7177163c833dff4b38fc8d2872f1ec6\" allow=\"accelerometer; camera; display-capture; fullscreen; geolocation; gyroscope; magnetometer; microphone; midi; xr-spatial-tracking;\" width=\"100%\" height=\"600px\" frameborder=\"0\" scrolling=\"no\" marginheight=\"0\" marginwidth=\"0\" src=\"https:\/\/vr360.mallorca.us\/viewer\/index.php?code=f7177163c833dff4b38fc8d2872f1ec6\"><\/iframe>\t\t\t\t<\/div>\n\t\t\t\t\t<\/div>\n\t\t\t\t<\/div>\n\t\t\t\t<\/div>\n\t\t","protected":false},"excerpt":{"rendered":"<p>HOME \/ EVENTS \/ EL PATIO DE GL\u00d2RIA RESTAURANT Unser h\u00fcbsches Restaurant &#8222;El Patio De Gloria&#8220; ist die perfekte Kulisse f\u00fcr private Feiern und Hochzeitsempf\u00e4nge. Der elegante Speisesaal in Kombination mit unserem authentischen Terrassenbereich mit Zitronenb\u00e4umen und dem urspr\u00fcnglichen Brunnen kann von uns mit Blumendisplays und stilvollen Dekorationen Ihrer Wahl weiter aufgewertet werden. Gestalten Sie [&hellip;]<\/p>\n","protected":false},"author":1,"featured_media":0,"parent":5673,"menu_order":0,"comment_status":"closed","ping_status":"closed","template":"","meta":{"footnotes":""},"class_list":["post-6083","page","type-page","status-publish","hentry"],"_links":{"self":[{"href":"https:\/\/cabauhotels.com\/hotel-gloria-de-sant-jaume\/de\/wp-json\/wp\/v2\/pages\/6083","targetHints":{"allow":["GET"]}}],"collection":[{"href":"https:\/\/cabauhotels.com\/hotel-gloria-de-sant-jaume\/de\/wp-json\/wp\/v2\/pages"}],"about":[{"href":"https:\/\/cabauhotels.com\/hotel-gloria-de-sant-jaume\/de\/wp-json\/wp\/v2\/types\/page"}],"author":[{"embeddable":true,"href":"https:\/\/cabauhotels.com\/hotel-gloria-de-sant-jaume\/de\/wp-json\/wp\/v2\/users\/1"}],"replies":[{"embeddable":true,"href":"https:\/\/cabauhotels.com\/hotel-gloria-de-sant-jaume\/de\/wp-json\/wp\/v2\/comments?post=6083"}],"version-history":[{"count":19,"href":"https:\/\/cabauhotels.com\/hotel-gloria-de-sant-jaume\/de\/wp-json\/wp\/v2\/pages\/6083\/revisions"}],"predecessor-version":[{"id":7659,"href":"https:\/\/cabauhotels.com\/hotel-gloria-de-sant-jaume\/de\/wp-json\/wp\/v2\/pages\/6083\/revisions\/7659"}],"up":[{"embeddable":true,"href":"https:\/\/cabauhotels.com\/hotel-gloria-de-sant-jaume\/de\/wp-json\/wp\/v2\/pages\/5673"}],"wp:attachment":[{"href":"https:\/\/cabauhotels.com\/hotel-gloria-de-sant-jaume\/de\/wp-json\/wp\/v2\/media?parent=6083"}],"curies":[{"name":"wp","href":"https:\/\/api.w.org\/{rel}","templated":true}]}}