{"id":6126,"date":"2025-10-28T11:37:43","date_gmt":"2025-10-28T10:37:43","guid":{"rendered":"https:\/\/cabauhotels.com\/hotel-gloria-de-sant-jaume\/events\/hotel-lobby\/"},"modified":"2026-04-07T12:41:57","modified_gmt":"2026-04-07T10:41:57","slug":"hotel-lobby","status":"publish","type":"page","link":"https:\/\/cabauhotels.com\/hotel-gloria-de-sant-jaume\/de\/events\/hotel-lobby\/","title":{"rendered":"Hotel Lobby"},"content":{"rendered":"\t\t<div data-elementor-type=\"wp-page\" data-elementor-id=\"6126\" class=\"elementor elementor-6126 elementor-6107\" data-elementor-post-type=\"page\">\n\t\t\t\t<div class=\"elementor-element elementor-element-392e6d41 e-con-full e-flex e-con e-parent\" data-id=\"392e6d41\" data-element_type=\"container\" data-e-type=\"container\" data-settings=\"{&quot;background_background&quot;:&quot;slideshow&quot;,&quot;background_slideshow_gallery&quot;:[{&quot;id&quot;:6110,&quot;url&quot;:&quot;https:\\\/\\\/cabauhotels.com\\\/hotel-gloria-de-sant-jaume\\\/wp-content\\\/uploads\\\/sites\\\/10\\\/2025\\\/10\\\/hotel-lobby.webp&quot;}],&quot;background_slideshow_slide_transition&quot;:&quot;slide_left&quot;,&quot;background_slideshow_loop&quot;:&quot;yes&quot;,&quot;background_slideshow_slide_duration&quot;:5000,&quot;background_slideshow_transition_duration&quot;:500}\">\n\t\t<div class=\"elementor-element elementor-element-e5664ef e-flex e-con-boxed e-con e-child\" data-id=\"e5664ef\" data-element_type=\"container\" data-e-type=\"container\">\n\t\t\t\t\t<div class=\"e-con-inner\">\n\t\t\t\t\t<\/div>\n\t\t\t\t<\/div>\n\t\t\t\t<\/div>\n\t\t<div class=\"elementor-element elementor-element-7e28bb96 elementor-hidden-tablet elementor-hidden-mobile e-flex e-con-boxed e-con e-parent\" data-id=\"7e28bb96\" data-element_type=\"container\" data-e-type=\"container\" data-settings=\"{&quot;background_background&quot;:&quot;classic&quot;}\">\n\t\t\t\t\t<div class=\"e-con-inner\">\n\t\t<div class=\"elementor-element elementor-element-77a88e7c e-con-full e-flex e-con e-child\" data-id=\"77a88e7c\" data-element_type=\"container\" data-e-type=\"container\" data-settings=\"{&quot;background_background&quot;:&quot;classic&quot;}\">\n\t\t\t\t<div class=\"elementor-element elementor-element-1b8d9f5 elementor-widget elementor-widget-heading\" data-id=\"1b8d9f5\" data-element_type=\"widget\" data-e-type=\"widget\" data-widget_type=\"heading.default\">\n\t\t\t\t\t<h2 class=\"elementor-heading-title elementor-size-default\"><a href=\"https:\/\/cabauhotels.com\/hotel-gloria-de-sant-jaume\/en\/home\/\">HOME \/<\/a><\/h2>\t\t\t\t<\/div>\n\t\t\t\t<div class=\"elementor-element elementor-element-56536143 elementor-widget elementor-widget-heading\" data-id=\"56536143\" data-element_type=\"widget\" data-e-type=\"widget\" data-widget_type=\"heading.default\">\n\t\t\t\t\t<h2 class=\"elementor-heading-title elementor-size-default\"><a href=\"https:\/\/cabauhotels.com\/hotel-gloria-de-sant-jaume\/en\/events\/\">EVENTS \/<\/a><\/h2>\t\t\t\t<\/div>\n\t\t\t\t<div class=\"elementor-element elementor-element-27a1bb66 elementor-widget elementor-widget-heading\" data-id=\"27a1bb66\" data-element_type=\"widget\" data-e-type=\"widget\" data-widget_type=\"heading.default\">\n\t\t\t\t\t<h2 class=\"elementor-heading-title elementor-size-default\"><a href=\"https:\/\/cabauhotels.com\/hotel-gloria-de-sant-jaume\/de\/events\/hotel-lobby\/\">Hotel Lobby<\/a><\/h2>\t\t\t\t<\/div>\n\t\t\t\t<\/div>\n\t\t\t\t\t<\/div>\n\t\t\t\t<\/div>\n\t\t<div class=\"elementor-element elementor-element-e41c361 e-flex e-con-boxed e-con e-parent\" data-id=\"e41c361\" data-element_type=\"container\" data-e-type=\"container\">\n\t\t\t\t\t<div class=\"e-con-inner\">\n\t\t\t\t<div class=\"elementor-element elementor-element-7def0e37 elementor-widget elementor-widget-heading\" data-id=\"7def0e37\" data-element_type=\"widget\" data-e-type=\"widget\" data-widget_type=\"heading.default\">\n\t\t\t\t\t<h2 class=\"elementor-heading-title elementor-size-default\">HOTEL LOBBY<\/h2>\t\t\t\t<\/div>\n\t\t<div class=\"elementor-element elementor-element-31352957 e-con-full e-flex e-con e-child\" data-id=\"31352957\" data-element_type=\"container\" data-e-type=\"container\">\n\t\t<div class=\"elementor-element elementor-element-3979ace2 e-con-full e-flex e-con e-child\" data-id=\"3979ace2\" data-element_type=\"container\" data-e-type=\"container\">\n\t\t\t\t<div class=\"elementor-element elementor-element-485d06d6 elementor-widget elementor-widget-text-editor\" data-id=\"485d06d6\" data-element_type=\"widget\" data-e-type=\"widget\" data-widget_type=\"text-editor.default\">\n\t\t\t\t\t\t\t\t\t<div class=\"s-cms s-cms--text-medium u-mrb-l\"><div class=\"s-cms s-cms--text-medium u-mrb-l\"><p>Dieser Raum kann f\u00fcr besondere Anl\u00e4sse, Pr\u00e4sentationen oder als Aperitif vor dem Restaurant oder der Teestube genutzt werden. Die gro\u00dfe Kapazit\u00e4t der Lobby bietet Platz f\u00fcr bis zu 120 Personen und ist der perfekte Ort, um Kontakte zu kn\u00fcpfen und gleichzeitig eine k\u00f6stliche Auswahl an H\u00e4ppchen zu genie\u00dfen, die von unserem Catering-Team serviert werden. <\/p><\/div><\/div>\t\t\t\t\t\t\t\t<\/div>\n\t\t\t\t<\/div>\n\t\t<div class=\"elementor-element elementor-element-19af006f e-con-full e-flex e-con e-child\" data-id=\"19af006f\" data-element_type=\"container\" data-e-type=\"container\">\n\t\t<div class=\"elementor-element elementor-element-628361b0 e-con-full e-flex e-con e-child\" data-id=\"628361b0\" data-element_type=\"container\" data-e-type=\"container\" data-settings=\"{&quot;background_background&quot;:&quot;classic&quot;}\">\n\t\t\t\t<div class=\"elementor-element elementor-element-6af5c648 elementor-widget elementor-widget-heading\" data-id=\"6af5c648\" data-element_type=\"widget\" data-e-type=\"widget\" data-widget_type=\"heading.default\">\n\t\t\t\t\t<h2 class=\"elementor-heading-title elementor-size-default\">Unsere majest\u00e4tische Lobby ist eine Kulisse f\u00fcr diejenigen, die ihren G\u00e4sten eine Wow-Faktor-Ankunft bieten m\u00f6chten.<\/h2>\t\t\t\t<\/div>\n\t\t\t\t<div class=\"elementor-element elementor-element-d6fe2d1 elementor-widget elementor-widget-image\" data-id=\"d6fe2d1\" data-element_type=\"widget\" data-e-type=\"widget\" data-widget_type=\"image.default\">\n\t\t\t\t\t\t\t\t\t\t\t\t\t\t\t\t<a href=\"#tourvirtual\">\n\t\t\t\t\t\t\t<img decoding=\"async\" width=\"100\" height=\"59\" src=\"https:\/\/cabauhotels.com\/hotel-gloria-de-sant-jaume\/wp-content\/uploads\/sites\/10\/2026\/01\/virtual-tour-360.webp\" class=\"attachment-large size-large wp-image-7282\" alt=\"Virtual Tour 360\u00ba\" \/>\t\t\t\t\t\t\t\t<\/a>\n\t\t\t\t\t\t\t\t\t\t\t\t\t\t\t<\/div>\n\t\t\t\t<\/div>\n\t\t\t\t<\/div>\n\t\t\t\t<\/div>\n\t\t\t\t\t<\/div>\n\t\t\t\t<\/div>\n\t\t<div class=\"elementor-element elementor-element-7d42d8ed e-con-full e-flex e-con e-parent\" data-id=\"7d42d8ed\" data-element_type=\"container\" data-e-type=\"container\">\n\t\t<div class=\"elementor-element elementor-element-6cbd6989 e-flex e-con-boxed e-con e-child\" data-id=\"6cbd6989\" data-element_type=\"container\" data-e-type=\"container\">\n\t\t\t\t\t<div class=\"e-con-inner\">\n\t\t\t\t<div class=\"elementor-element elementor-element-261e99da elementor-widget elementor-widget-heading\" data-id=\"261e99da\" data-element_type=\"widget\" data-e-type=\"widget\" data-widget_type=\"heading.default\">\n\t\t\t\t\t<h2 class=\"elementor-heading-title elementor-size-default\">Ein Spaziergang durch die Herrlichkeit\n<\/h2>\t\t\t\t<\/div>\n\t\t\t\t\t<\/div>\n\t\t\t\t<\/div>\n\t\t<div class=\"elementor-element elementor-element-1d97f6d6 e-con-full e-flex e-con e-child\" data-id=\"1d97f6d6\" data-element_type=\"container\" data-e-type=\"container\">\n\t\t\t\t<div class=\"elementor-element elementor-element-4931b823 elementor-arrows-position-inside elementor-widget elementor-widget-n-carousel\" data-id=\"4931b823\" data-element_type=\"widget\" data-e-type=\"widget\" data-settings=\"{&quot;carousel_items&quot;:[{&quot;slide_title&quot;:&quot;Slide #1&quot;,&quot;_id&quot;:&quot;ca86252&quot;},{&quot;slide_title&quot;:&quot;Slide #1&quot;,&quot;_id&quot;:&quot;d9a7d59&quot;},{&quot;slide_title&quot;:&quot;Slide #1&quot;,&quot;_id&quot;:&quot;9f004f5&quot;}],&quot;slides_to_show&quot;:&quot;3&quot;,&quot;slides_to_scroll&quot;:&quot;1&quot;,&quot;image_spacing_custom&quot;:{&quot;unit&quot;:&quot;px&quot;,&quot;size&quot;:25,&quot;sizes&quot;:[]},&quot;slides_to_show_tablet&quot;:&quot;1&quot;,&quot;slides_to_show_mobile&quot;:&quot;1&quot;,&quot;autoplay&quot;:&quot;yes&quot;,&quot;autoplay_speed&quot;:5000,&quot;pause_on_hover&quot;:&quot;yes&quot;,&quot;pause_on_interaction&quot;:&quot;yes&quot;,&quot;infinite&quot;:&quot;yes&quot;,&quot;speed&quot;:500,&quot;offset_sides&quot;:&quot;none&quot;,&quot;arrows&quot;:&quot;yes&quot;,&quot;image_spacing_custom_tablet&quot;:{&quot;unit&quot;:&quot;px&quot;,&quot;size&quot;:&quot;&quot;,&quot;sizes&quot;:[]},&quot;image_spacing_custom_mobile&quot;:{&quot;unit&quot;:&quot;px&quot;,&quot;size&quot;:&quot;&quot;,&quot;sizes&quot;:[]}}\" data-widget_type=\"nested-carousel.default\">\n\t\t\t\t\t\t\t<div class=\"e-n-carousel swiper\" role=\"region\" aria-roledescription=\"carousel\" aria-label=\"Carousel\" dir=\"ltr\">\r\n\t\t\t<div class=\"swiper-wrapper\" aria-live=\"off\">\r\n\t\t\t\t\t\t\t\t\t\t<div class=\"swiper-slide\" data-slide=\"1\" role=\"group\" aria-roledescription=\"slide\" aria-label=\"1 of 3\">\r\n\t\t\t\t\t\t\t<div class=\"elementor-element elementor-element-55d40c8d e-flex e-con-boxed e-con e-child\" data-id=\"55d40c8d\" data-element_type=\"container\" data-e-type=\"container\">\n\t\t\t\t\t<div class=\"e-con-inner\">\n\t\t\t\t<div class=\"elementor-element elementor-element-4fdfad15 elementor-widget elementor-widget-image\" data-id=\"4fdfad15\" data-element_type=\"widget\" data-e-type=\"widget\" data-widget_type=\"image.default\">\n\t\t\t\t\t\t\t\t\t\t\t\t\t\t\t<img fetchpriority=\"high\" decoding=\"async\" width=\"800\" height=\"600\" src=\"https:\/\/cabauhotels.com\/hotel-gloria-de-sant-jaume\/wp-content\/uploads\/sites\/10\/2025\/10\/hotel-lobby-1-1024x768.webp\" class=\"attachment-large size-large wp-image-6113\" alt=\"\" srcset=\"https:\/\/cabauhotels.com\/hotel-gloria-de-sant-jaume\/wp-content\/uploads\/sites\/10\/2025\/10\/hotel-lobby-1-1024x768.webp 1024w, https:\/\/cabauhotels.com\/hotel-gloria-de-sant-jaume\/wp-content\/uploads\/sites\/10\/2025\/10\/hotel-lobby-1-300x225.webp 300w, https:\/\/cabauhotels.com\/hotel-gloria-de-sant-jaume\/wp-content\/uploads\/sites\/10\/2025\/10\/hotel-lobby-1-768x576.webp 768w, https:\/\/cabauhotels.com\/hotel-gloria-de-sant-jaume\/wp-content\/uploads\/sites\/10\/2025\/10\/hotel-lobby-1-1536x1152.webp 1536w, https:\/\/cabauhotels.com\/hotel-gloria-de-sant-jaume\/wp-content\/uploads\/sites\/10\/2025\/10\/hotel-lobby-1.webp 1920w\" sizes=\"(max-width: 800px) 100vw, 800px\" \/>\t\t\t\t\t\t\t\t\t\t\t\t\t\t\t<\/div>\n\t\t\t\t\t<\/div>\n\t\t\t\t<\/div>\n\t\t\t\t\t\t\t\t<\/div>\r\n\t\t\t\t\t\t\t\t\t\t\t<div class=\"swiper-slide\" data-slide=\"2\" role=\"group\" aria-roledescription=\"slide\" aria-label=\"2 of 3\">\r\n\t\t\t\t\t\t\t<div class=\"elementor-element elementor-element-684650f1 e-flex e-con-boxed e-con e-child\" data-id=\"684650f1\" data-element_type=\"container\" data-e-type=\"container\">\n\t\t\t\t\t<div class=\"e-con-inner\">\n\t\t\t\t<div class=\"elementor-element elementor-element-41698260 elementor-widget elementor-widget-image\" data-id=\"41698260\" data-element_type=\"widget\" data-e-type=\"widget\" data-widget_type=\"image.default\">\n\t\t\t\t\t\t\t\t\t\t\t\t\t\t\t<img decoding=\"async\" width=\"800\" height=\"600\" src=\"https:\/\/cabauhotels.com\/hotel-gloria-de-sant-jaume\/wp-content\/uploads\/sites\/10\/2025\/10\/hotel-lobby-2-1024x768.webp\" class=\"attachment-large size-large wp-image-6116\" alt=\"\" srcset=\"https:\/\/cabauhotels.com\/hotel-gloria-de-sant-jaume\/wp-content\/uploads\/sites\/10\/2025\/10\/hotel-lobby-2-1024x768.webp 1024w, https:\/\/cabauhotels.com\/hotel-gloria-de-sant-jaume\/wp-content\/uploads\/sites\/10\/2025\/10\/hotel-lobby-2-300x225.webp 300w, https:\/\/cabauhotels.com\/hotel-gloria-de-sant-jaume\/wp-content\/uploads\/sites\/10\/2025\/10\/hotel-lobby-2-768x576.webp 768w, https:\/\/cabauhotels.com\/hotel-gloria-de-sant-jaume\/wp-content\/uploads\/sites\/10\/2025\/10\/hotel-lobby-2-1536x1152.webp 1536w, https:\/\/cabauhotels.com\/hotel-gloria-de-sant-jaume\/wp-content\/uploads\/sites\/10\/2025\/10\/hotel-lobby-2.webp 1920w\" sizes=\"(max-width: 800px) 100vw, 800px\" \/>\t\t\t\t\t\t\t\t\t\t\t\t\t\t\t<\/div>\n\t\t\t\t\t<\/div>\n\t\t\t\t<\/div>\n\t\t\t\t\t\t\t\t<\/div>\r\n\t\t\t\t\t\t\t\t\t\t\t<div class=\"swiper-slide\" data-slide=\"3\" role=\"group\" aria-roledescription=\"slide\" aria-label=\"3 of 3\">\r\n\t\t\t\t\t\t\t<div class=\"elementor-element elementor-element-3862af32 e-flex e-con-boxed e-con e-child\" data-id=\"3862af32\" data-element_type=\"container\" data-e-type=\"container\">\n\t\t\t\t\t<div class=\"e-con-inner\">\n\t\t\t\t<div class=\"elementor-element elementor-element-1fb44c83 elementor-widget elementor-widget-image\" data-id=\"1fb44c83\" data-element_type=\"widget\" data-e-type=\"widget\" data-widget_type=\"image.default\">\n\t\t\t\t\t\t\t\t\t\t\t\t\t\t\t<img loading=\"lazy\" decoding=\"async\" width=\"800\" height=\"600\" src=\"https:\/\/cabauhotels.com\/hotel-gloria-de-sant-jaume\/wp-content\/uploads\/sites\/10\/2025\/10\/hotel-lobby-3-1024x768.webp\" class=\"attachment-large size-large wp-image-6119\" alt=\"\" srcset=\"https:\/\/cabauhotels.com\/hotel-gloria-de-sant-jaume\/wp-content\/uploads\/sites\/10\/2025\/10\/hotel-lobby-3-1024x768.webp 1024w, https:\/\/cabauhotels.com\/hotel-gloria-de-sant-jaume\/wp-content\/uploads\/sites\/10\/2025\/10\/hotel-lobby-3-300x225.webp 300w, https:\/\/cabauhotels.com\/hotel-gloria-de-sant-jaume\/wp-content\/uploads\/sites\/10\/2025\/10\/hotel-lobby-3-768x576.webp 768w, https:\/\/cabauhotels.com\/hotel-gloria-de-sant-jaume\/wp-content\/uploads\/sites\/10\/2025\/10\/hotel-lobby-3-1536x1152.webp 1536w, https:\/\/cabauhotels.com\/hotel-gloria-de-sant-jaume\/wp-content\/uploads\/sites\/10\/2025\/10\/hotel-lobby-3.webp 1920w\" sizes=\"(max-width: 800px) 100vw, 800px\" \/>\t\t\t\t\t\t\t\t\t\t\t\t\t\t\t<\/div>\n\t\t\t\t\t<\/div>\n\t\t\t\t<\/div>\n\t\t\t\t\t\t\t\t<\/div>\r\n\t\t\t\t\t\t\t\t<\/div>\r\n\t\t<\/div>\r\n\t\t\t\t\t<div class=\"elementor-swiper-button elementor-swiper-button-prev\" role=\"button\" tabindex=\"0\" aria-label=\"Previous\">\r\n\t\t\t\t<svg aria-hidden=\"true\" class=\"e-font-icon-svg e-fas-chevron-left\" viewBox=\"0 0 320 512\" xmlns=\"http:\/\/www.w3.org\/2000\/svg\"><path d=\"M34.52 239.03L228.87 44.69c9.37-9.37 24.57-9.37 33.94 0l22.67 22.67c9.36 9.36 9.37 24.52.04 33.9L131.49 256l154.02 154.75c9.34 9.38 9.32 24.54-.04 33.9l-22.67 22.67c-9.37 9.37-24.57 9.37-33.94 0L34.52 272.97c-9.37-9.37-9.37-24.57 0-33.94z\"><\/path><\/svg>\t\t\t<\/div>\r\n\t\t\t<div class=\"elementor-swiper-button elementor-swiper-button-next\" role=\"button\" tabindex=\"0\" aria-label=\"Next\">\r\n\t\t\t\t<svg aria-hidden=\"true\" class=\"e-font-icon-svg e-fas-chevron-right\" viewBox=\"0 0 320 512\" xmlns=\"http:\/\/www.w3.org\/2000\/svg\"><path d=\"M285.476 272.971L91.132 467.314c-9.373 9.373-24.569 9.373-33.941 0l-22.667-22.667c-9.357-9.357-9.375-24.522-.04-33.901L188.505 256 34.484 101.255c-9.335-9.379-9.317-24.544.04-33.901l22.667-22.667c9.373-9.373 24.569-9.373 33.941 0L285.475 239.03c9.373 9.372 9.373 24.568.001 33.941z\"><\/path><\/svg>\t\t\t<\/div>\r\n\t\t\t\t\t\t<\/div>\n\t\t\t\t<\/div>\n\t\t\t\t<\/div>\n\t\t<div class=\"elementor-element elementor-element-6861b9c e-flex e-con-boxed e-con e-parent\" data-id=\"6861b9c\" data-element_type=\"container\" data-e-type=\"container\" id=\"tourvirtual\">\n\t\t\t\t\t<div class=\"e-con-inner\">\n\t\t\t\t<div class=\"elementor-element elementor-element-e19053c elementor-widget elementor-widget-heading\" data-id=\"e19053c\" data-element_type=\"widget\" data-e-type=\"widget\" data-widget_type=\"heading.default\">\n\t\t\t\t\t<h2 class=\"elementor-heading-title elementor-size-default\">Virtual Tour 360\u00ba\n<\/h2>\t\t\t\t<\/div>\n\t\t\t\t<div class=\"elementor-element elementor-element-eba00cc elementor-widget elementor-widget-html\" data-id=\"eba00cc\" data-element_type=\"widget\" data-e-type=\"widget\" data-widget_type=\"html.default\">\n\t\t\t\t\t<iframe id=\"vt_iframe_17e62166fc8586dfa4d1bc0e1742c08b\" allow=\"accelerometer; camera; display-capture; fullscreen; geolocation; gyroscope; magnetometer; microphone; midi; xr-spatial-tracking;\" width=\"100%\" height=\"600px\" frameborder=\"0\" scrolling=\"no\" marginheight=\"0\" marginwidth=\"0\" src=\"https:\/\/vr360.mallorca.us\/viewer\/index.php?code=17e62166fc8586dfa4d1bc0e1742c08b\"><\/iframe>\t\t\t\t<\/div>\n\t\t\t\t\t<\/div>\n\t\t\t\t<\/div>\n\t\t\t\t<\/div>\n\t\t","protected":false},"excerpt":{"rendered":"<p>HOME \/ EVENTS \/ HOTEL LOBBY Dieser Raum kann f\u00fcr besondere Anl\u00e4sse, Pr\u00e4sentationen oder als Aperitif vor dem Restaurant oder der Teestube genutzt werden. Die gro\u00dfe Kapazit\u00e4t der Lobby bietet Platz f\u00fcr bis zu 120 Personen und ist der perfekte Ort, um Kontakte zu kn\u00fcpfen und gleichzeitig eine k\u00f6stliche Auswahl an H\u00e4ppchen zu genie\u00dfen, die [&hellip;]<\/p>\n","protected":false},"author":1,"featured_media":0,"parent":5673,"menu_order":0,"comment_status":"closed","ping_status":"closed","template":"","meta":{"footnotes":""},"class_list":["post-6126","page","type-page","status-publish","hentry"],"_links":{"self":[{"href":"https:\/\/cabauhotels.com\/hotel-gloria-de-sant-jaume\/de\/wp-json\/wp\/v2\/pages\/6126","targetHints":{"allow":["GET"]}}],"collection":[{"href":"https:\/\/cabauhotels.com\/hotel-gloria-de-sant-jaume\/de\/wp-json\/wp\/v2\/pages"}],"about":[{"href":"https:\/\/cabauhotels.com\/hotel-gloria-de-sant-jaume\/de\/wp-json\/wp\/v2\/types\/page"}],"author":[{"embeddable":true,"href":"https:\/\/cabauhotels.com\/hotel-gloria-de-sant-jaume\/de\/wp-json\/wp\/v2\/users\/1"}],"replies":[{"embeddable":true,"href":"https:\/\/cabauhotels.com\/hotel-gloria-de-sant-jaume\/de\/wp-json\/wp\/v2\/comments?post=6126"}],"version-history":[{"count":16,"href":"https:\/\/cabauhotels.com\/hotel-gloria-de-sant-jaume\/de\/wp-json\/wp\/v2\/pages\/6126\/revisions"}],"predecessor-version":[{"id":7571,"href":"https:\/\/cabauhotels.com\/hotel-gloria-de-sant-jaume\/de\/wp-json\/wp\/v2\/pages\/6126\/revisions\/7571"}],"up":[{"embeddable":true,"href":"https:\/\/cabauhotels.com\/hotel-gloria-de-sant-jaume\/de\/wp-json\/wp\/v2\/pages\/5673"}],"wp:attachment":[{"href":"https:\/\/cabauhotels.com\/hotel-gloria-de-sant-jaume\/de\/wp-json\/wp\/v2\/media?parent=6126"}],"curies":[{"name":"wp","href":"https:\/\/api.w.org\/{rel}","templated":true}]}}