{"id":5701,"date":"2025-10-18T00:40:24","date_gmt":"2025-10-17T22:40:24","guid":{"rendered":"https:\/\/cabauhotels.com\/hotel-gloria-de-sant-jaume\/rooftop\/"},"modified":"2026-04-07T12:38:41","modified_gmt":"2026-04-07T10:38:41","slug":"rooftop","status":"publish","type":"page","link":"https:\/\/cabauhotels.com\/hotel-gloria-de-sant-jaume\/rooftop\/","title":{"rendered":"Rooftop"},"content":{"rendered":"\t\t<div data-elementor-type=\"wp-page\" data-elementor-id=\"5701\" class=\"elementor elementor-5701 elementor-1552\" data-elementor-post-type=\"page\">\n\t\t\t\t<div class=\"elementor-element elementor-element-09cae33 e-flex e-con-boxed e-con e-parent\" data-id=\"09cae33\" data-element_type=\"container\" data-e-type=\"container\" data-settings=\"{&quot;background_background&quot;:&quot;classic&quot;}\">\n\t\t\t\t\t<div class=\"e-con-inner\">\n\t\t<div class=\"elementor-element elementor-element-3175a06 e-con-full e-flex e-con e-child\" data-id=\"3175a06\" data-element_type=\"container\" data-e-type=\"container\">\n\t\t\t\t<\/div>\n\t\t\t\t\t<\/div>\n\t\t\t\t<\/div>\n\t\t<div class=\"elementor-element elementor-element-8528e2b elementor-hidden-tablet elementor-hidden-mobile e-flex e-con-boxed e-con e-parent\" data-id=\"8528e2b\" data-element_type=\"container\" data-e-type=\"container\" data-settings=\"{&quot;background_background&quot;:&quot;classic&quot;}\">\n\t\t\t\t\t<div class=\"e-con-inner\">\n\t\t<div class=\"elementor-element elementor-element-bcebea2 e-con-full e-flex e-con e-child\" data-id=\"bcebea2\" data-element_type=\"container\" data-e-type=\"container\" data-settings=\"{&quot;background_background&quot;:&quot;classic&quot;}\">\n\t\t\t\t<div class=\"elementor-element elementor-element-aad05d2 elementor-widget elementor-widget-heading\" data-id=\"aad05d2\" data-element_type=\"widget\" data-e-type=\"widget\" data-widget_type=\"heading.default\">\n\t\t\t\t\t<h2 class=\"elementor-heading-title elementor-size-default\"><a href=\"https:\/\/cabauhotels.com\/hotel-gloria-de-sant-jaume\/en\/home\/\">INICIO \/<\/a><\/h2>\t\t\t\t<\/div>\n\t\t\t\t<div class=\"elementor-element elementor-element-f1de03c elementor-widget elementor-widget-heading\" data-id=\"f1de03c\" data-element_type=\"widget\" data-e-type=\"widget\" data-widget_type=\"heading.default\">\n\t\t\t\t\t<h2 class=\"elementor-heading-title elementor-size-default\"><a href=\"https:\/\/cabauhotels.com\/hotel-gloria-de-sant-jaume\/rooftop\/\">Rooftop<\/a><\/h2>\t\t\t\t<\/div>\n\t\t\t\t<\/div>\n\t\t\t\t\t<\/div>\n\t\t\t\t<\/div>\n\t\t<div class=\"elementor-element elementor-element-9b73e7e e-flex e-con-boxed e-con e-parent\" data-id=\"9b73e7e\" data-element_type=\"container\" data-e-type=\"container\" data-settings=\"{&quot;background_background&quot;:&quot;classic&quot;}\">\n\t\t\t\t\t<div class=\"e-con-inner\">\n\t\t<div class=\"elementor-element elementor-element-5bde1bf e-con-full e-flex e-con e-child\" data-id=\"5bde1bf\" data-element_type=\"container\" data-e-type=\"container\">\n\t\t\t\t<div class=\"elementor-element elementor-element-80566a8 elementor-widget elementor-widget-heading\" data-id=\"80566a8\" data-element_type=\"widget\" data-e-type=\"widget\" data-widget_type=\"heading.default\">\n\t\t\t\t\t<h2 class=\"elementor-heading-title elementor-size-default\">Rooftop<\/h2>\t\t\t\t<\/div>\n\t\t\t\t<div class=\"elementor-element elementor-element-2b5a6fe elementor-hidden-tablet elementor-hidden-mobile elementor-widget elementor-widget-button\" data-id=\"2b5a6fe\" data-element_type=\"widget\" data-e-type=\"widget\" data-widget_type=\"button.default\">\n\t\t\t\t\t\t\t\t\t\t<a class=\"elementor-button elementor-button-link elementor-size-sm\" href=\"https:\/\/cabauhotels.com\/hotel-gloria-de-sant-jaume\/galeria\/\">\n\t\t\t\t\t\t<span class=\"elementor-button-content-wrapper\">\n\t\t\t\t\t\t\t\t\t<span class=\"elementor-button-text\">Ver Galer\u00eda<\/span>\n\t\t\t\t\t<\/span>\n\t\t\t\t\t<\/a>\n\t\t\t\t\t\t\t\t<\/div>\n\t\t\t\t<\/div>\n\t\t<div class=\"elementor-element elementor-element-633ae39 e-con-full e-flex e-con e-child\" data-id=\"633ae39\" data-element_type=\"container\" data-e-type=\"container\">\n\t\t<div class=\"elementor-element elementor-element-76eba27 e-con-full e-flex e-con e-child\" data-id=\"76eba27\" data-element_type=\"container\" data-e-type=\"container\">\n\t\t\t\t<div class=\"elementor-element elementor-element-88ddc36 elementor-widget__width-initial elementor-widget-tablet__width-initial elementor-widget elementor-widget-heading\" data-id=\"88ddc36\" data-element_type=\"widget\" data-e-type=\"widget\" data-widget_type=\"heading.default\">\n\t\t\t\t\t<h2 class=\"elementor-heading-title elementor-size-default\">Nuestra azotea es perfecta para disfrutar de las vistas del casco antiguo de Palma a vista de p\u00e1jaro.\n\n<\/h2>\t\t\t\t<\/div>\n\t\t\t\t<div class=\"elementor-element elementor-element-1ef2001 elementor-widget elementor-widget-text-editor\" data-id=\"1ef2001\" data-element_type=\"widget\" data-e-type=\"widget\" data-widget_type=\"text-editor.default\">\n\t\t\t\t\t\t\t\t\t<div class=\"o-grid-booking__bg\"><div class=\"o-grid-booking__compense\"><section class=\"o-wrapper o-wrapper--xxl\"><div class=\"o-wrapper o-wrapper--xl u-pdh-none@xl-down\"><div class=\"o-layout o-layout--gutter-xl o-layout--gutter-xxl@l\"><div class=\"o-layout__item u-1\/2@m s-cms\"><div class=\"s-cms\"><p>Un oasis urbano ideal para tomar el sol y refrescarse en el jacuzzi. Tambi\u00e9n es un lugar ideal para relajarse con un libro o tomar un aperitivo. En las noches c\u00e1lidas de verano est\u00e1 abierto para disfrutar de un c\u00f3ctel o reservarlo para una celebraci\u00f3n o eventos.<\/p><\/div><\/div><\/div><\/div><\/section><\/div><\/div>\t\t\t\t\t\t\t\t<\/div>\n\t\t\t\t<\/div>\n\t\t<div class=\"elementor-element elementor-element-c8bbcf4 e-con-full e-flex e-con e-child\" data-id=\"c8bbcf4\" data-element_type=\"container\" data-e-type=\"container\">\n\t\t\t\t<div class=\"elementor-element elementor-element-2adcdff elementor-widget elementor-widget-image\" data-id=\"2adcdff\" data-element_type=\"widget\" data-e-type=\"widget\" data-widget_type=\"image.default\">\n\t\t\t\t\t\t\t\t\t\t\t\t\t\t\t<img decoding=\"async\" width=\"197\" height=\"49\" src=\"https:\/\/cabauhotels.com\/hotel-gloria-de-sant-jaume\/wp-content\/uploads\/sites\/10\/2025\/10\/download-59.svg\" class=\"attachment-large size-large wp-image-5206\" alt=\"\" \/>\t\t\t\t\t\t\t\t\t\t\t\t\t\t\t<\/div>\n\t\t\t\t<div class=\"elementor-element elementor-element-3ca22d7 elementor-widget elementor-widget-image\" data-id=\"3ca22d7\" data-element_type=\"widget\" data-e-type=\"widget\" data-widget_type=\"image.default\">\n\t\t\t\t\t\t\t\t\t\t\t\t\t\t\t\t<a href=\"#tourvirtual\">\n\t\t\t\t\t\t\t<img decoding=\"async\" width=\"100\" height=\"59\" src=\"https:\/\/cabauhotels.com\/hotel-gloria-de-sant-jaume\/wp-content\/uploads\/sites\/10\/2026\/01\/virtual-tour-360.webp\" class=\"attachment-large size-large wp-image-7283\" alt=\"Virtual Tour 360\u00ba\" \/>\t\t\t\t\t\t\t\t<\/a>\n\t\t\t\t\t\t\t\t\t\t\t\t\t\t\t<\/div>\n\t\t\t\t<\/div>\n\t\t\t\t<\/div>\n\t\t\t\t\t<\/div>\n\t\t\t\t<\/div>\n\t\t<div class=\"elementor-element elementor-element-e92e161 e-con-full e-flex e-con e-parent\" data-id=\"e92e161\" data-element_type=\"container\" data-e-type=\"container\" data-settings=\"{&quot;background_background&quot;:&quot;classic&quot;}\">\n\t\t<div class=\"elementor-element elementor-element-3efaa96 e-con-full e-flex e-con e-child\" data-id=\"3efaa96\" data-element_type=\"container\" data-e-type=\"container\">\n\t\t<div class=\"elementor-element elementor-element-b3f1f36 e-con-full e-flex e-con e-child\" data-id=\"b3f1f36\" data-element_type=\"container\" data-e-type=\"container\">\n\t\t<div class=\"elementor-element elementor-element-967d5b1 e-con-full e-flex e-con e-child\" data-id=\"967d5b1\" data-element_type=\"container\" data-e-type=\"container\">\n\t\t<div class=\"elementor-element elementor-element-b1be5eb e-con-full e-flex e-con e-child\" data-id=\"b1be5eb\" data-element_type=\"container\" data-e-type=\"container\">\n\t\t<div class=\"elementor-element elementor-element-b572c98 e-con-full e-flex e-con e-child\" data-id=\"b572c98\" data-element_type=\"container\" data-e-type=\"container\">\n\t\t\t\t<div class=\"elementor-element elementor-element-4b3f9d9 elementor-arrows-position-inside elementor-pagination-position-outside elementor-widget elementor-widget-image-carousel\" data-id=\"4b3f9d9\" data-element_type=\"widget\" data-e-type=\"widget\" data-settings=\"{&quot;slides_to_show&quot;:&quot;2&quot;,&quot;slides_to_show_tablet&quot;:&quot;1&quot;,&quot;navigation&quot;:&quot;both&quot;,&quot;autoplay&quot;:&quot;yes&quot;,&quot;pause_on_hover&quot;:&quot;yes&quot;,&quot;pause_on_interaction&quot;:&quot;yes&quot;,&quot;autoplay_speed&quot;:5000,&quot;infinite&quot;:&quot;yes&quot;,&quot;speed&quot;:500,&quot;image_spacing_custom&quot;:{&quot;unit&quot;:&quot;px&quot;,&quot;size&quot;:20,&quot;sizes&quot;:[]}}\" data-widget_type=\"image-carousel.default\">\n\t\t\t\t\t\t\t<div class=\"elementor-image-carousel-wrapper swiper\" role=\"region\" aria-roledescription=\"carousel\" aria-label=\"Image Carousel\" dir=\"ltr\">\n\t\t\t<div class=\"elementor-image-carousel swiper-wrapper\" aria-live=\"off\">\n\t\t\t\t\t\t\t\t<div class=\"swiper-slide\" role=\"group\" aria-roledescription=\"slide\" aria-label=\"1 de 2\"><figure class=\"swiper-slide-inner\"><img decoding=\"async\" class=\"swiper-slide-image\" src=\"https:\/\/cabauhotels.com\/hotel-gloria-de-sant-jaume\/wp-content\/uploads\/sites\/10\/2025\/10\/NNNNN.webp\" alt=\"NNNNN\" \/><\/figure><\/div><div class=\"swiper-slide\" role=\"group\" aria-roledescription=\"slide\" aria-label=\"2 de 2\"><figure class=\"swiper-slide-inner\"><img decoding=\"async\" class=\"swiper-slide-image\" src=\"https:\/\/cabauhotels.com\/hotel-gloria-de-sant-jaume\/wp-content\/uploads\/sites\/10\/2025\/10\/nnnn.webp\" alt=\"nnnn\" \/><\/figure><\/div>\t\t\t<\/div>\n\t\t\t\t\t\t\t\t\t\t\t\t<div class=\"elementor-swiper-button elementor-swiper-button-prev\" role=\"button\" tabindex=\"0\">\n\t\t\t\t\t\t<svg aria-hidden=\"true\" class=\"e-font-icon-svg e-eicon-chevron-left\" viewBox=\"0 0 1000 1000\" xmlns=\"http:\/\/www.w3.org\/2000\/svg\"><path d=\"M646 125C629 125 613 133 604 142L308 442C296 454 292 471 292 487 292 504 296 521 308 533L604 854C617 867 629 875 646 875 663 875 679 871 692 858 704 846 713 829 713 812 713 796 708 779 692 767L438 487 692 225C700 217 708 204 708 187 708 171 704 154 692 142 675 129 663 125 646 125Z\"><\/path><\/svg>\t\t\t\t\t<\/div>\n\t\t\t\t\t<div class=\"elementor-swiper-button elementor-swiper-button-next\" role=\"button\" tabindex=\"0\">\n\t\t\t\t\t\t<svg aria-hidden=\"true\" class=\"e-font-icon-svg e-eicon-chevron-right\" viewBox=\"0 0 1000 1000\" xmlns=\"http:\/\/www.w3.org\/2000\/svg\"><path d=\"M696 533C708 521 713 504 713 487 713 471 708 454 696 446L400 146C388 133 375 125 354 125 338 125 325 129 313 142 300 154 292 171 292 187 292 204 296 221 308 233L563 492 304 771C292 783 288 800 288 817 288 833 296 850 308 863 321 871 338 875 354 875 371 875 388 867 400 854L696 533Z\"><\/path><\/svg>\t\t\t\t\t<\/div>\n\t\t\t\t\n\t\t\t\t\t\t\t\t\t<div class=\"swiper-pagination\"><\/div>\n\t\t\t\t\t\t\t\t\t<\/div>\n\t\t\t\t\t\t<\/div>\n\t\t\t\t<\/div>\n\t\t\t\t<\/div>\n\t\t\t\t<\/div>\n\t\t\t\t<\/div>\n\t\t\t\t<\/div>\n\t\t\t\t<\/div>\n\t\t<div class=\"elementor-element elementor-element-dbb5117 e-flex e-con-boxed e-con e-parent\" data-id=\"dbb5117\" data-element_type=\"container\" data-e-type=\"container\" id=\"tourvirtual\">\n\t\t\t\t\t<div class=\"e-con-inner\">\n\t\t\t\t<div class=\"elementor-element elementor-element-52e48b4 elementor-widget elementor-widget-heading\" data-id=\"52e48b4\" data-element_type=\"widget\" data-e-type=\"widget\" data-widget_type=\"heading.default\">\n\t\t\t\t\t<h2 class=\"elementor-heading-title elementor-size-default\">Tour Virtual 360\u00ba\n<\/h2>\t\t\t\t<\/div>\n\t\t\t\t<div class=\"elementor-element elementor-element-1ea5292 elementor-widget elementor-widget-html\" data-id=\"1ea5292\" data-element_type=\"widget\" data-e-type=\"widget\" data-widget_type=\"html.default\">\n\t\t\t\t\t<iframe id=\"vt_iframe_3416a75f4cea9109507cacd8e2f2aefc\" allow=\"accelerometer; camera; display-capture; fullscreen; geolocation; gyroscope; magnetometer; microphone; midi; xr-spatial-tracking;\" width=\"100%\" height=\"600px\" frameborder=\"0\" scrolling=\"no\" marginheight=\"0\" marginwidth=\"0\" src=\"https:\/\/vr360.mallorca.us\/viewer\/index.php?code=3416a75f4cea9109507cacd8e2f2aefc\"><\/iframe>\t\t\t\t<\/div>\n\t\t\t\t\t<\/div>\n\t\t\t\t<\/div>\n\t\t\t\t<\/div>\n\t\t","protected":false},"excerpt":{"rendered":"<p>INICIO \/ Rooftop Ver Galer\u00eda Nuestra azotea es perfecta para disfrutar de las vistas del casco antiguo de Palma a vista de p\u00e1jaro. Un oasis urbano ideal para tomar el sol y refrescarse en el jacuzzi. Tambi\u00e9n es un lugar ideal para relajarse con un libro o tomar un aperitivo. En las noches c\u00e1lidas de [&hellip;]<\/p>\n","protected":false},"author":1,"featured_media":0,"parent":0,"menu_order":0,"comment_status":"closed","ping_status":"closed","template":"","meta":{"footnotes":""},"class_list":["post-5701","page","type-page","status-publish","hentry"],"_links":{"self":[{"href":"https:\/\/cabauhotels.com\/hotel-gloria-de-sant-jaume\/wp-json\/wp\/v2\/pages\/5701","targetHints":{"allow":["GET"]}}],"collection":[{"href":"https:\/\/cabauhotels.com\/hotel-gloria-de-sant-jaume\/wp-json\/wp\/v2\/pages"}],"about":[{"href":"https:\/\/cabauhotels.com\/hotel-gloria-de-sant-jaume\/wp-json\/wp\/v2\/types\/page"}],"author":[{"embeddable":true,"href":"https:\/\/cabauhotels.com\/hotel-gloria-de-sant-jaume\/wp-json\/wp\/v2\/users\/1"}],"replies":[{"embeddable":true,"href":"https:\/\/cabauhotels.com\/hotel-gloria-de-sant-jaume\/wp-json\/wp\/v2\/comments?post=5701"}],"version-history":[{"count":27,"href":"https:\/\/cabauhotels.com\/hotel-gloria-de-sant-jaume\/wp-json\/wp\/v2\/pages\/5701\/revisions"}],"predecessor-version":[{"id":7541,"href":"https:\/\/cabauhotels.com\/hotel-gloria-de-sant-jaume\/wp-json\/wp\/v2\/pages\/5701\/revisions\/7541"}],"wp:attachment":[{"href":"https:\/\/cabauhotels.com\/hotel-gloria-de-sant-jaume\/wp-json\/wp\/v2\/media?parent=5701"}],"curies":[{"name":"wp","href":"https:\/\/api.w.org\/{rel}","templated":true}]}}