{"id":1410,"date":"2023-09-26T18:30:37","date_gmt":"2023-09-26T16:30:37","guid":{"rendered":"https:\/\/cabauhotels.com\/sargamassa-stagi\/eiland\/"},"modified":"2026-04-07T09:41:08","modified_gmt":"2026-04-07T07:41:08","slug":"eiland","status":"publish","type":"page","link":"https:\/\/cabauhotels.com\/sargamassa-villas\/nl\/eiland\/","title":{"rendered":"Eiland"},"content":{"rendered":"\t\t<div data-elementor-type=\"wp-page\" data-elementor-id=\"1410\" class=\"elementor elementor-1410 elementor-121\" data-elementor-post-type=\"page\">\n\t\t\t\t\t\t<section class=\"elementor-section elementor-top-section elementor-element elementor-element-eb53474 elementor-section-boxed elementor-section-height-default elementor-section-height-default\" data-id=\"eb53474\" data-element_type=\"section\" data-e-type=\"section\" data-settings=\"{&quot;background_background&quot;:&quot;classic&quot;}\">\n\t\t\t\t\t\t\t<div class=\"elementor-background-overlay\"><\/div>\n\t\t\t\t\t\t\t<div class=\"elementor-container elementor-column-gap-default\">\n\t\t\t\t\t<div class=\"elementor-column elementor-col-100 elementor-top-column elementor-element elementor-element-11deab8\" data-id=\"11deab8\" data-element_type=\"column\" data-e-type=\"column\">\n\t\t\t<div class=\"elementor-widget-wrap elementor-element-populated\">\n\t\t\t\t\t\t<div class=\"elementor-element elementor-element-975f8cd elementor-widget elementor-widget-heading\" data-id=\"975f8cd\" data-element_type=\"widget\" data-e-type=\"widget\" data-widget_type=\"heading.default\">\n\t\t\t\t<div class=\"elementor-widget-container\">\n\t\t\t\t\t<h1 class=\"elementor-heading-title elementor-size-default\">Het eiland Ibiza<\/h1>\t\t\t\t<\/div>\n\t\t\t\t<\/div>\n\t\t\t\t\t<\/div>\n\t\t<\/div>\n\t\t\t\t\t<\/div>\n\t\t<\/section>\n\t\t<div class=\"elementor-element elementor-element-516b621 e-flex e-con-boxed e-con e-parent\" data-id=\"516b621\" data-element_type=\"container\" data-e-type=\"container\">\n\t\t\t\t\t<div class=\"e-con-inner\">\n\t\t\t\t<div class=\"elementor-element elementor-element-d912f86 elementor-widget elementor-widget-html\" data-id=\"d912f86\" data-element_type=\"widget\" data-e-type=\"widget\" data-widget_type=\"html.default\">\n\t\t\t\t<div class=\"elementor-widget-container\">\n\t\t\t\t\t<div id=\"neo-mask-widget\"><\/div>\n\t\t\t\t<\/div>\n\t\t\t\t<\/div>\n\t\t\t\t\t<\/div>\n\t\t\t\t<\/div>\n\t\t<div class=\"elementor-element elementor-element-0ee98b4 e-con-full e-flex e-con e-parent\" data-id=\"0ee98b4\" data-element_type=\"container\" data-e-type=\"container\">\n\t\t<div class=\"elementor-element elementor-element-656778e e-con-full e-flex e-con e-child\" data-id=\"656778e\" data-element_type=\"container\" data-e-type=\"container\">\n\t\t\t\t<div class=\"elementor-element elementor-element-9c4121e elementor-widget elementor-widget-heading\" data-id=\"9c4121e\" data-element_type=\"widget\" data-e-type=\"widget\" data-widget_type=\"heading.default\">\n\t\t\t\t<div class=\"elementor-widget-container\">\n\t\t\t\t\t<h2 class=\"elementor-heading-title elementor-size-default\">Ontdek alle mooie bezienswaardigheden van het eiland op Ibiza.<\/h2>\t\t\t\t<\/div>\n\t\t\t\t<\/div>\n\t\t\t\t<div class=\"elementor-element elementor-element-fee1af0 elementor-widget-tablet__width-initial elementor-widget elementor-widget-text-editor\" data-id=\"fee1af0\" data-element_type=\"widget\" data-e-type=\"widget\" data-widget_type=\"text-editor.default\">\n\t\t\t\t<div class=\"elementor-widget-container\">\n\t\t\t\t\t\t\t\t\t<div class=\"s-cms u-mrb-l\">\n<p>Vraag ons vriendelijke personeel naar alle opties om uw vrije tijd op <strong>Ibiza<\/strong> door te brengen.<\/p>\n<p>Onze receptie kan entreekaarten verzorgen voor alle evenementen, concerten en rondleidingen Wij helpen u graag om alle geheimen van het eiland van Ibiza te ontdekken.<\/p>\n<\/div>\n\t\t\t\t\t\t\t\t<\/div>\n\t\t\t\t<\/div>\n\t\t\t\t<\/div>\n\t\t<div class=\"elementor-element elementor-element-7fa724c e-con-full e-flex e-con e-child\" data-id=\"7fa724c\" data-element_type=\"container\" data-e-type=\"container\">\n\t\t\t\t<div class=\"elementor-element elementor-element-3117092 elementor-widget elementor-widget-heading\" data-id=\"3117092\" data-element_type=\"widget\" data-e-type=\"widget\" data-widget_type=\"heading.default\">\n\t\t\t\t<div class=\"elementor-widget-container\">\n\t\t\t\t\t<h2 class=\"elementor-heading-title elementor-size-default\">Na een fantastische stranddag en een leuke avond, zult u het op prijs stellen in S\u2019Argamassa Villas!<\/h2>\t\t\t\t<\/div>\n\t\t\t\t<\/div>\n\t\t<div class=\"elementor-element elementor-element-007dc09 e-flex e-con-boxed e-con e-child\" data-id=\"007dc09\" data-element_type=\"container\" data-e-type=\"container\">\n\t\t\t\t\t<div class=\"e-con-inner\">\n\t\t\t\t<div class=\"elementor-element elementor-element-48746c4 elementor-widget elementor-widget-heading\" data-id=\"48746c4\" data-element_type=\"widget\" data-e-type=\"widget\" data-widget_type=\"heading.default\">\n\t\t\t\t<div class=\"elementor-widget-container\">\n\t\t\t\t\t<h3 class=\"elementor-heading-title elementor-size-default\">Informatie en Reserveringen<\/h3>\t\t\t\t<\/div>\n\t\t\t\t<\/div>\n\t\t\t\t<div class=\"elementor-element elementor-element-b81e4de elementor-widget-tablet__width-initial elementor-widget-mobile__width-initial elementor-icon-list--layout-traditional elementor-list-item-link-full_width elementor-widget elementor-widget-icon-list\" data-id=\"b81e4de\" data-element_type=\"widget\" data-e-type=\"widget\" data-widget_type=\"icon-list.default\">\n\t\t\t\t<div class=\"elementor-widget-container\">\n\t\t\t\t\t\t\t<ul class=\"elementor-icon-list-items\">\n\t\t\t\t\t\t\t<li class=\"elementor-icon-list-item\">\n\t\t\t\t\t\t\t\t\t\t\t<span class=\"elementor-icon-list-icon\">\n\t\t\t\t\t\t\t<i aria-hidden=\"true\" class=\"fas fa-phone\"><\/i>\t\t\t\t\t\t<\/span>\n\t\t\t\t\t\t\t\t\t\t<span class=\"elementor-icon-list-text\">+34 971 33 12 25<\/span>\n\t\t\t\t\t\t\t\t\t<\/li>\n\t\t\t\t\t\t\t\t<li class=\"elementor-icon-list-item\">\n\t\t\t\t\t\t\t\t\t\t\t<span class=\"elementor-icon-list-icon\">\n\t\t\t\t\t\t\t<i aria-hidden=\"true\" class=\"fas fa-envelope\"><\/i>\t\t\t\t\t\t<\/span>\n\t\t\t\t\t\t\t\t\t\t<span class=\"elementor-icon-list-text\">director@sargamassavillas.com<\/span>\n\t\t\t\t\t\t\t\t\t<\/li>\n\t\t\t\t\t\t\t\t<li class=\"elementor-icon-list-item\">\n\t\t\t\t\t\t\t\t\t\t\t<a href=\"https:\/\/bookings.sargamassavillas.com\/nl\/?nights=4\" target=\"_blank\" rel=\"noopener\">\n\n\t\t\t\t\t\t\t\t\t\t\t\t<span class=\"elementor-icon-list-icon\">\n\t\t\t\t\t\t\t<i aria-hidden=\"true\" class=\"far fa-calendar-alt\"><\/i>\t\t\t\t\t\t<\/span>\n\t\t\t\t\t\t\t\t\t\t<span class=\"elementor-icon-list-text\">Online boeken<\/span>\n\t\t\t\t\t\t\t\t\t\t\t<\/a>\n\t\t\t\t\t\t\t\t\t<\/li>\n\t\t\t\t\t\t<\/ul>\n\t\t\t\t\t\t<\/div>\n\t\t\t\t<\/div>\n\t\t\t\t\t<\/div>\n\t\t\t\t<\/div>\n\t\t\t\t<\/div>\n\t\t\t\t<\/div>\n\t\t<div class=\"elementor-element elementor-element-f810791 e-con-full e-flex e-con e-parent\" data-id=\"f810791\" data-element_type=\"container\" data-e-type=\"container\">\n\t\t<div class=\"elementor-element elementor-element-4e5667b e-con-full e-flex e-con e-child\" data-id=\"4e5667b\" data-element_type=\"container\" data-e-type=\"container\">\n\t\t\t\t<\/div>\n\t\t<div class=\"elementor-element elementor-element-2fcf9f3 e-con-full e-flex e-con e-child\" data-id=\"2fcf9f3\" data-element_type=\"container\" data-e-type=\"container\" data-settings=\"{&quot;background_background&quot;:&quot;classic&quot;}\">\n\t\t<div class=\"elementor-element elementor-element-f226092 e-flex e-con-boxed e-con e-child\" data-id=\"f226092\" data-element_type=\"container\" data-e-type=\"container\">\n\t\t\t\t\t<div class=\"e-con-inner\">\n\t\t\t\t<div class=\"elementor-element elementor-element-419a153 elementor-widget elementor-widget-heading\" data-id=\"419a153\" data-element_type=\"widget\" data-e-type=\"widget\" data-widget_type=\"heading.default\">\n\t\t\t\t<div class=\"elementor-widget-container\">\n\t\t\t\t\t<h4 class=\"elementor-heading-title elementor-size-default\">Stranden<\/h4>\t\t\t\t<\/div>\n\t\t\t\t<\/div>\n\t\t\t\t<div class=\"elementor-element elementor-element-2928a23 elementor-widget elementor-widget-text-editor\" data-id=\"2928a23\" data-element_type=\"widget\" data-e-type=\"widget\" data-widget_type=\"text-editor.default\">\n\t\t\t\t<div class=\"elementor-widget-container\">\n\t\t\t\t\t\t\t\t\t<p>Ibiza heeft ontelbare stranden en baaien waar u van de Middellandse Zee kunt genieten. Dichtbij het hotel bevinden zich de prachtige baai van Cala de S\u2019Argamassa, Cala Panda of Cala Martina. Mis ook niet Cala Salada, Cala Conta, Cala Vadella, San Vicente of Cala Gracioneta, allen met turquoise water.<\/p>\n\t\t\t\t\t\t\t\t<\/div>\n\t\t\t\t<\/div>\n\t\t\t\t\t<\/div>\n\t\t\t\t<\/div>\n\t\t\t\t<\/div>\n\t\t\t\t<\/div>\n\t\t<div class=\"elementor-element elementor-element-597422d e-con-full e-flex e-con e-parent\" data-id=\"597422d\" data-element_type=\"container\" data-e-type=\"container\">\n\t\t<div class=\"elementor-element elementor-element-c56cc90 e-con-full e-flex e-con e-child\" data-id=\"c56cc90\" data-element_type=\"container\" data-e-type=\"container\">\n\t\t\t\t<\/div>\n\t\t<div class=\"elementor-element elementor-element-cd3896a e-con-full e-flex e-con e-child\" data-id=\"cd3896a\" data-element_type=\"container\" data-e-type=\"container\" data-settings=\"{&quot;background_background&quot;:&quot;classic&quot;}\">\n\t\t<div class=\"elementor-element elementor-element-84a54f1 e-flex e-con-boxed e-con e-child\" data-id=\"84a54f1\" data-element_type=\"container\" data-e-type=\"container\">\n\t\t\t\t\t<div class=\"e-con-inner\">\n\t\t\t\t<div class=\"elementor-element elementor-element-6f4da64 elementor-widget elementor-widget-heading\" data-id=\"6f4da64\" data-element_type=\"widget\" data-e-type=\"widget\" data-widget_type=\"heading.default\">\n\t\t\t\t<div class=\"elementor-widget-container\">\n\t\t\t\t\t<h4 class=\"elementor-heading-title elementor-size-default\">Uitzichtpunten<\/h4>\t\t\t\t<\/div>\n\t\t\t\t<\/div>\n\t\t\t\t<div class=\"elementor-element elementor-element-161a0d0 elementor-widget elementor-widget-text-editor\" data-id=\"161a0d0\" data-element_type=\"widget\" data-e-type=\"widget\" data-widget_type=\"text-editor.default\">\n\t\t\t\t<div class=\"elementor-widget-container\">\n\t\t\t\t\t\t\t\t\t<p>Wilt u een prachtig aandenken van Ibiza? Dan moedigen wij u aan \u00e9\u00e9n (of alle!) van deze uitzichtpunten te bezoeken om op die manier van het \u00e8chte Ibiza te genieten Het uitzichtpunt van koning Jaume 1, tegenover de kathedraal van Ibiza, is \u00e9\u00e9n van de beste plekken om een panoramische uitzicht over de stad te hebben. Wij bevelen u ook het uitzichtpunt van Sa Talaia aan, het hoogste punt van het eiland. Of het uitzichtpunt dat het dichtste bij s\u2019Argamassa Villas ligt, de Mirador de Santa Eulalia, gelegen net voor de kerk in Puig de Misa.<\/p>\n\t\t\t\t\t\t\t\t<\/div>\n\t\t\t\t<\/div>\n\t\t\t\t\t<\/div>\n\t\t\t\t<\/div>\n\t\t\t\t<\/div>\n\t\t\t\t<\/div>\n\t\t<div class=\"elementor-element elementor-element-de7c0e3 e-con-full e-flex e-con e-parent\" data-id=\"de7c0e3\" data-element_type=\"container\" data-e-type=\"container\">\n\t\t<div class=\"elementor-element elementor-element-32cad47 e-con-full e-flex e-con e-child\" data-id=\"32cad47\" data-element_type=\"container\" data-e-type=\"container\">\n\t\t\t\t<\/div>\n\t\t<div class=\"elementor-element elementor-element-ccc10c4 e-con-full e-flex e-con e-child\" data-id=\"ccc10c4\" data-element_type=\"container\" data-e-type=\"container\" data-settings=\"{&quot;background_background&quot;:&quot;classic&quot;}\">\n\t\t<div class=\"elementor-element elementor-element-e7ebd83 e-flex e-con-boxed e-con e-child\" data-id=\"e7ebd83\" data-element_type=\"container\" data-e-type=\"container\">\n\t\t\t\t\t<div class=\"e-con-inner\">\n\t\t\t\t<div class=\"elementor-element elementor-element-04cc925 elementor-widget elementor-widget-heading\" data-id=\"04cc925\" data-element_type=\"widget\" data-e-type=\"widget\" data-widget_type=\"heading.default\">\n\t\t\t\t<div class=\"elementor-widget-container\">\n\t\t\t\t\t<h4 class=\"elementor-heading-title elementor-size-default\">Shopping<\/h4>\t\t\t\t<\/div>\n\t\t\t\t<\/div>\n\t\t\t\t<div class=\"elementor-element elementor-element-1f64035 elementor-widget elementor-widget-text-editor\" data-id=\"1f64035\" data-element_type=\"widget\" data-e-type=\"widget\" data-widget_type=\"text-editor.default\">\n\t\t\t\t<div class=\"elementor-widget-container\">\n\t\t\t\t\t\t\t\t\t<p>Dicht in de buurt van S\u2019Argamassa Villas vindt u de Es Canar markt, de eerste hippiemarkt op Ibiza. Andere markten die een bezoek waard zijn, zijn bijvoorbeeld de \u201cMercadillo de las Dalias\u201d, met een echte hippie atmosfeer, of the Middeleeuwse markt die elke jaar in mei plaatsvindt.<\/p>\n\t\t\t\t\t\t\t\t<\/div>\n\t\t\t\t<\/div>\n\t\t\t\t\t<\/div>\n\t\t\t\t<\/div>\n\t\t\t\t<\/div>\n\t\t\t\t<\/div>\n\t\t<div class=\"elementor-element elementor-element-f46ef9c e-con-full e-flex e-con e-parent\" data-id=\"f46ef9c\" data-element_type=\"container\" data-e-type=\"container\">\n\t\t<div class=\"elementor-element elementor-element-65ef813 e-con-full e-flex e-con e-child\" data-id=\"65ef813\" data-element_type=\"container\" data-e-type=\"container\">\n\t\t\t\t<\/div>\n\t\t<div class=\"elementor-element elementor-element-e602fce e-con-full e-flex e-con e-child\" data-id=\"e602fce\" data-element_type=\"container\" data-e-type=\"container\" data-settings=\"{&quot;background_background&quot;:&quot;classic&quot;}\">\n\t\t<div class=\"elementor-element elementor-element-99c9023 e-flex e-con-boxed e-con e-child\" data-id=\"99c9023\" data-element_type=\"container\" data-e-type=\"container\">\n\t\t\t\t\t<div class=\"e-con-inner\">\n\t\t\t\t<div class=\"elementor-element elementor-element-bd5ed58 elementor-widget elementor-widget-heading\" data-id=\"bd5ed58\" data-element_type=\"widget\" data-e-type=\"widget\" data-widget_type=\"heading.default\">\n\t\t\t\t<div class=\"elementor-widget-container\">\n\t\t\t\t\t<h4 class=\"elementor-heading-title elementor-size-default\">Beach Clubs<\/h4>\t\t\t\t<\/div>\n\t\t\t\t<\/div>\n\t\t\t\t<div class=\"elementor-element elementor-element-442f471 elementor-widget elementor-widget-text-editor\" data-id=\"442f471\" data-element_type=\"widget\" data-e-type=\"widget\" data-widget_type=\"text-editor.default\">\n\t\t\t\t<div class=\"elementor-widget-container\">\n\t\t\t\t\t\t\t\t\t<p>Op 5 minuten lopen van de s\u2019Argamassa Villas vindt u de beroemde beach club Nikki Beach, de ideale plek om van een exclusieve atmosfeer met sublieme muziek te genieten. Ook in de buurt vindt u de Amante Beach Club, beroemd om zijn elegantie en rust.<\/p>\n\t\t\t\t\t\t\t\t<\/div>\n\t\t\t\t<\/div>\n\t\t\t\t\t<\/div>\n\t\t\t\t<\/div>\n\t\t\t\t<\/div>\n\t\t\t\t<\/div>\n\t\t<div class=\"elementor-element elementor-element-866b64e e-con-full e-flex e-con e-parent\" data-id=\"866b64e\" data-element_type=\"container\" data-e-type=\"container\">\n\t\t<div class=\"elementor-element elementor-element-7f71fa9 e-con-full e-flex e-con e-child\" data-id=\"7f71fa9\" data-element_type=\"container\" data-e-type=\"container\">\n\t\t\t\t<\/div>\n\t\t<div class=\"elementor-element elementor-element-f053f81 e-con-full e-flex e-con e-child\" data-id=\"f053f81\" data-element_type=\"container\" data-e-type=\"container\" data-settings=\"{&quot;background_background&quot;:&quot;classic&quot;}\">\n\t\t<div class=\"elementor-element elementor-element-611cffd e-con-full e-flex e-con e-child\" data-id=\"611cffd\" data-element_type=\"container\" data-e-type=\"container\">\n\t\t\t\t<div class=\"elementor-element elementor-element-f4552cc elementor-widget elementor-widget-heading\" data-id=\"f4552cc\" data-element_type=\"widget\" data-e-type=\"widget\" data-widget_type=\"heading.default\">\n\t\t\t\t<div class=\"elementor-widget-container\">\n\t\t\t\t\t<h4 class=\"elementor-heading-title elementor-size-default\">Sports<\/h4>\t\t\t\t<\/div>\n\t\t\t\t<\/div>\n\t\t\t\t<div class=\"elementor-element elementor-element-8edcd16 elementor-widget elementor-widget-text-editor\" data-id=\"8edcd16\" data-element_type=\"widget\" data-e-type=\"widget\" data-widget_type=\"text-editor.default\">\n\t\t\t\t<div class=\"elementor-widget-container\">\n\t\t\t\t\t\t\t\t\t<p>Als u een sportfanaat bent, kunt u uw verblijf in s\u2019Argamassa Villas combineren met het meedoen aan de Ibiza marathon, die elk jaar in April plaatsvindt en 12 of 42 km trajecten aanbiedt. Als u liever fietst, kunt u meedoen aan de \u2018Vuelta a Ibiza\u2019 op uw Mountain Bike BTT. De Ibiza Trail Marathon gaat via de meest magische plekken van Ibiza en verschillende, beroemde athleten hebben het tot een belangrijk sportevenement gemaakt. Als u liever aan watersport doet, kunt u het belangrijkste evenement \u2018La Ruta de la Sal\u2019 niet missen, die de meest traditionele race in de Middellandse Zee is geworden.<\/p>\n\t\t\t\t\t\t\t\t<\/div>\n\t\t\t\t<\/div>\n\t\t\t\t<\/div>\n\t\t\t\t<\/div>\n\t\t\t\t<\/div>\n\t\t<div class=\"elementor-element elementor-element-6da8283 e-con-full e-flex e-con e-parent\" data-id=\"6da8283\" data-element_type=\"container\" data-e-type=\"container\">\n\t\t<div class=\"elementor-element elementor-element-7cf669d e-con-full e-flex e-con e-child\" data-id=\"7cf669d\" data-element_type=\"container\" data-e-type=\"container\">\n\t\t\t\t<\/div>\n\t\t<div class=\"elementor-element elementor-element-38ca185 e-con-full e-flex e-con e-child\" data-id=\"38ca185\" data-element_type=\"container\" data-e-type=\"container\" data-settings=\"{&quot;background_background&quot;:&quot;classic&quot;}\">\n\t\t<div class=\"elementor-element elementor-element-9384b5a e-flex e-con-boxed e-con e-child\" data-id=\"9384b5a\" data-element_type=\"container\" data-e-type=\"container\">\n\t\t\t\t\t<div class=\"e-con-inner\">\n\t\t\t\t<div class=\"elementor-element elementor-element-aa0f460 elementor-widget elementor-widget-heading\" data-id=\"aa0f460\" data-element_type=\"widget\" data-e-type=\"widget\" data-widget_type=\"heading.default\">\n\t\t\t\t<div class=\"elementor-widget-container\">\n\t\t\t\t\t<h4 class=\"elementor-heading-title elementor-size-default\">Road Trip<\/h4>\t\t\t\t<\/div>\n\t\t\t\t<\/div>\n\t\t\t\t<div class=\"elementor-element elementor-element-713768a elementor-widget elementor-widget-text-editor\" data-id=\"713768a\" data-element_type=\"widget\" data-e-type=\"widget\" data-widget_type=\"text-editor.default\">\n\t\t\t\t<div class=\"elementor-widget-container\">\n\t\t\t\t\t\t\t\t\t<p>Als u tijdens uw verblijf bij ons een auto heeft gehuurd, waarom maakt u dan niet een roadtrip rond het eiland en ontdekt u enkele verborgen hoekjes van Ibiza? We houden van het centrum van het eiland of het \u2018hart\u2019, waar kosmopolitische steden als Santa Gertrudis de thuisbasis zijn van trendy boetieks, caf\u00e9s en trendy restaurants. Rijd nog iets verder naar het noordoosten om te genieten van een ontspannen Boheemse sfeer op de stranden van Benirras, Cala Xuclar en Cala Llenya, waar zonsondergangen en bongo&#8217;s een ritueel zijn.<\/p>\n\t\t\t\t\t\t\t\t<\/div>\n\t\t\t\t<\/div>\n\t\t\t\t\t<\/div>\n\t\t\t\t<\/div>\n\t\t\t\t<\/div>\n\t\t\t\t<\/div>\n\t\t<div class=\"elementor-element elementor-element-92d01e4 e-con-full e-flex e-con e-parent\" data-id=\"92d01e4\" data-element_type=\"container\" data-e-type=\"container\">\n\t\t<div class=\"elementor-element elementor-element-1329f48 e-con-full e-flex e-con e-child\" data-id=\"1329f48\" data-element_type=\"container\" data-e-type=\"container\">\n\t\t\t\t<\/div>\n\t\t<div class=\"elementor-element elementor-element-b433366 e-con-full e-flex e-con e-child\" data-id=\"b433366\" data-element_type=\"container\" data-e-type=\"container\" data-settings=\"{&quot;background_background&quot;:&quot;classic&quot;}\">\n\t\t<div class=\"elementor-element elementor-element-b6bf722 e-flex e-con-boxed e-con e-child\" data-id=\"b6bf722\" data-element_type=\"container\" data-e-type=\"container\">\n\t\t\t\t\t<div class=\"e-con-inner\">\n\t\t\t\t<div class=\"elementor-element elementor-element-4213dc8 elementor-widget elementor-widget-heading\" data-id=\"4213dc8\" data-element_type=\"widget\" data-e-type=\"widget\" data-widget_type=\"heading.default\">\n\t\t\t\t<div class=\"elementor-widget-container\">\n\t\t\t\t\t<h4 class=\"elementor-heading-title elementor-size-default\">Jachthavens<\/h4>\t\t\t\t<\/div>\n\t\t\t\t<\/div>\n\t\t\t\t<div class=\"elementor-element elementor-element-d0b7425 elementor-widget elementor-widget-text-editor\" data-id=\"d0b7425\" data-element_type=\"widget\" data-e-type=\"widget\" data-widget_type=\"text-editor.default\">\n\t\t\t\t<div class=\"elementor-widget-container\">\n\t\t\t\t\t\t\t\t\t<p>Op 10 minuten rijden van s\u2019Argamassa Villas bevindt zich de jachthaven van Santa Eulalia, een plek voor liefhebbers van de maritieme wereld en met bovendien een groot aanbod van bars en restaurants. We bevelen ook de jachthavens van Botafoch en Puerto Magna aan, beide gelegen in Ibiza stad.<\/p>\n\t\t\t\t\t\t\t\t<\/div>\n\t\t\t\t<\/div>\n\t\t\t\t\t<\/div>\n\t\t\t\t<\/div>\n\t\t\t\t<\/div>\n\t\t\t\t<\/div>\n\t\t\t\t<\/div>\n\t\t","protected":false},"excerpt":{"rendered":"<p>Het eiland Ibiza Ontdek alle mooie bezienswaardigheden van het eiland op Ibiza. Vraag ons vriendelijke personeel naar alle opties om uw vrije tijd op Ibiza door te brengen. Onze receptie kan entreekaarten verzorgen voor alle evenementen, concerten en rondleidingen Wij helpen u graag om alle geheimen van het eiland van Ibiza te ontdekken. Na een [&hellip;]<\/p>\n","protected":false},"author":1,"featured_media":0,"parent":0,"menu_order":0,"comment_status":"closed","ping_status":"closed","template":"elementor_header_footer","meta":{"footnotes":""},"class_list":["post-1410","page","type-page","status-publish","hentry"],"_links":{"self":[{"href":"https:\/\/cabauhotels.com\/sargamassa-villas\/nl\/wp-json\/wp\/v2\/pages\/1410","targetHints":{"allow":["GET"]}}],"collection":[{"href":"https:\/\/cabauhotels.com\/sargamassa-villas\/nl\/wp-json\/wp\/v2\/pages"}],"about":[{"href":"https:\/\/cabauhotels.com\/sargamassa-villas\/nl\/wp-json\/wp\/v2\/types\/page"}],"author":[{"embeddable":true,"href":"https:\/\/cabauhotels.com\/sargamassa-villas\/nl\/wp-json\/wp\/v2\/users\/1"}],"replies":[{"embeddable":true,"href":"https:\/\/cabauhotels.com\/sargamassa-villas\/nl\/wp-json\/wp\/v2\/comments?post=1410"}],"version-history":[{"count":6,"href":"https:\/\/cabauhotels.com\/sargamassa-villas\/nl\/wp-json\/wp\/v2\/pages\/1410\/revisions"}],"predecessor-version":[{"id":2603,"href":"https:\/\/cabauhotels.com\/sargamassa-villas\/nl\/wp-json\/wp\/v2\/pages\/1410\/revisions\/2603"}],"wp:attachment":[{"href":"https:\/\/cabauhotels.com\/sargamassa-villas\/nl\/wp-json\/wp\/v2\/media?parent=1410"}],"curies":[{"name":"wp","href":"https:\/\/api.w.org\/{rel}","templated":true}]}}