{"id":121,"date":"2023-09-26T18:30:37","date_gmt":"2023-09-26T18:30:37","guid":{"rendered":"https:\/\/cabauhotels.com\/sargamassa-stagi\/?page_id=121"},"modified":"2026-04-07T09:40:38","modified_gmt":"2026-04-07T07:40:38","slug":"la-isla-de-ibiza","status":"publish","type":"page","link":"https:\/\/cabauhotels.com\/sargamassa-villas\/la-isla-de-ibiza\/","title":{"rendered":"La Isla"},"content":{"rendered":"\t\t<div data-elementor-type=\"wp-page\" data-elementor-id=\"121\" class=\"elementor elementor-121\" data-elementor-post-type=\"page\">\n\t\t\t\t\t\t<section class=\"elementor-section elementor-top-section elementor-element elementor-element-eb53474 elementor-section-boxed elementor-section-height-default elementor-section-height-default\" data-id=\"eb53474\" data-element_type=\"section\" data-e-type=\"section\" data-settings=\"{&quot;background_background&quot;:&quot;classic&quot;}\">\n\t\t\t\t\t\t\t<div class=\"elementor-background-overlay\"><\/div>\n\t\t\t\t\t\t\t<div class=\"elementor-container elementor-column-gap-default\">\n\t\t\t\t\t<div class=\"elementor-column elementor-col-100 elementor-top-column elementor-element elementor-element-11deab8\" data-id=\"11deab8\" data-element_type=\"column\" data-e-type=\"column\">\n\t\t\t<div class=\"elementor-widget-wrap elementor-element-populated\">\n\t\t\t\t\t\t<div class=\"elementor-element elementor-element-975f8cd elementor-widget elementor-widget-heading\" data-id=\"975f8cd\" data-element_type=\"widget\" data-e-type=\"widget\" data-widget_type=\"heading.default\">\n\t\t\t\t<div class=\"elementor-widget-container\">\n\t\t\t\t\t<h1 class=\"elementor-heading-title elementor-size-default\">La Isla de Ibiza<\/h1>\t\t\t\t<\/div>\n\t\t\t\t<\/div>\n\t\t\t\t\t<\/div>\n\t\t<\/div>\n\t\t\t\t\t<\/div>\n\t\t<\/section>\n\t\t<div class=\"elementor-element elementor-element-2b32591 e-flex e-con-boxed e-con e-parent\" data-id=\"2b32591\" data-element_type=\"container\" data-e-type=\"container\">\n\t\t\t\t\t<div class=\"e-con-inner\">\n\t\t\t\t<div class=\"elementor-element elementor-element-cdacfd1 elementor-widget elementor-widget-html\" data-id=\"cdacfd1\" data-element_type=\"widget\" data-e-type=\"widget\" data-widget_type=\"html.default\">\n\t\t\t\t<div class=\"elementor-widget-container\">\n\t\t\t\t\t<div id=\"neo-mask-widget\"><\/div>\n\t\t\t\t<\/div>\n\t\t\t\t<\/div>\n\t\t\t\t\t<\/div>\n\t\t\t\t<\/div>\n\t\t<div class=\"elementor-element elementor-element-0ee98b4 e-con-full e-flex e-con e-parent\" data-id=\"0ee98b4\" data-element_type=\"container\" data-e-type=\"container\">\n\t\t<div class=\"elementor-element elementor-element-656778e e-con-full e-flex e-con e-child\" data-id=\"656778e\" data-element_type=\"container\" data-e-type=\"container\">\n\t\t\t\t<div class=\"elementor-element elementor-element-9c4121e elementor-widget elementor-widget-heading\" data-id=\"9c4121e\" data-element_type=\"widget\" data-e-type=\"widget\" data-widget_type=\"heading.default\">\n\t\t\t\t<div class=\"elementor-widget-container\">\n\t\t\t\t\t<h2 class=\"elementor-heading-title elementor-size-default\">Descubre todos los encantos de la Isla de Ibiza<\/h2>\t\t\t\t<\/div>\n\t\t\t\t<\/div>\n\t\t\t\t<div class=\"elementor-element elementor-element-fee1af0 elementor-widget-tablet__width-initial elementor-widget elementor-widget-text-editor\" data-id=\"fee1af0\" data-element_type=\"widget\" data-e-type=\"widget\" data-widget_type=\"text-editor.default\">\n\t\t\t\t<div class=\"elementor-widget-container\">\n\t\t\t\t\t\t\t\t\t<div class=\"s-cms u-mrb-l\"><p>Pregunta a nuestro amable personal sobre las propuestas de ocio que tiene <strong>Ibiza<\/strong> durante tu estancia.<\/p><p>Desde nuestro departamento de recepci\u00f3n podemos gestionarte entradas para eventos, conciertos o visitas guiadas. Estaremos encantados de ayudarte a descubrir los secretos de la isla de Ibiza.<\/p><\/div>\t\t\t\t\t\t\t\t<\/div>\n\t\t\t\t<\/div>\n\t\t\t\t<\/div>\n\t\t<div class=\"elementor-element elementor-element-7fa724c e-con-full e-flex e-con e-child\" data-id=\"7fa724c\" data-element_type=\"container\" data-e-type=\"container\">\n\t\t\t\t<div class=\"elementor-element elementor-element-3117092 elementor-widget elementor-widget-heading\" data-id=\"3117092\" data-element_type=\"widget\" data-e-type=\"widget\" data-widget_type=\"heading.default\">\n\t\t\t\t<div class=\"elementor-widget-container\">\n\t\t\t\t\t<h2 class=\"elementor-heading-title elementor-size-default\">\u00a1Despu\u00e9s de un fant\u00e1stico d\u00eda de playa y de una divertida noche agradecer\u00e1s poder descansar en S'Argamassa Villas!<\/h2>\t\t\t\t<\/div>\n\t\t\t\t<\/div>\n\t\t<div class=\"elementor-element elementor-element-007dc09 e-flex e-con-boxed e-con e-child\" data-id=\"007dc09\" data-element_type=\"container\" data-e-type=\"container\">\n\t\t\t\t\t<div class=\"e-con-inner\">\n\t\t\t\t<div class=\"elementor-element elementor-element-48746c4 elementor-widget elementor-widget-heading\" data-id=\"48746c4\" data-element_type=\"widget\" data-e-type=\"widget\" data-widget_type=\"heading.default\">\n\t\t\t\t<div class=\"elementor-widget-container\">\n\t\t\t\t\t<h3 class=\"elementor-heading-title elementor-size-default\">Info &amp; Reservas<\/h3>\t\t\t\t<\/div>\n\t\t\t\t<\/div>\n\t\t\t\t<div class=\"elementor-element elementor-element-b81e4de elementor-widget-tablet__width-initial elementor-widget-mobile__width-initial elementor-icon-list--layout-traditional elementor-list-item-link-full_width elementor-widget elementor-widget-icon-list\" data-id=\"b81e4de\" data-element_type=\"widget\" data-e-type=\"widget\" data-widget_type=\"icon-list.default\">\n\t\t\t\t<div class=\"elementor-widget-container\">\n\t\t\t\t\t\t\t<ul class=\"elementor-icon-list-items\">\n\t\t\t\t\t\t\t<li class=\"elementor-icon-list-item\">\n\t\t\t\t\t\t\t\t\t\t\t<span class=\"elementor-icon-list-icon\">\n\t\t\t\t\t\t\t<i aria-hidden=\"true\" class=\"fas fa-phone\"><\/i>\t\t\t\t\t\t<\/span>\n\t\t\t\t\t\t\t\t\t\t<span class=\"elementor-icon-list-text\">+34 971 33 12 25<\/span>\n\t\t\t\t\t\t\t\t\t<\/li>\n\t\t\t\t\t\t\t\t<li class=\"elementor-icon-list-item\">\n\t\t\t\t\t\t\t\t\t\t\t<span class=\"elementor-icon-list-icon\">\n\t\t\t\t\t\t\t<i aria-hidden=\"true\" class=\"fas fa-envelope\"><\/i>\t\t\t\t\t\t<\/span>\n\t\t\t\t\t\t\t\t\t\t<span class=\"elementor-icon-list-text\">director@sargamassavillas.com<\/span>\n\t\t\t\t\t\t\t\t\t<\/li>\n\t\t\t\t\t\t<\/ul>\n\t\t\t\t\t\t<\/div>\n\t\t\t\t<\/div>\n\t\t\t\t<div class=\"elementor-element elementor-element-3c03f03 elementor-align-center elementor-widget__width-auto elementor-invisible elementor-widget elementor-widget-button\" data-id=\"3c03f03\" data-element_type=\"widget\" data-e-type=\"widget\" data-settings=\"{&quot;_animation&quot;:&quot;fadeIn&quot;,&quot;_animation_delay&quot;:700}\" data-widget_type=\"button.default\">\n\t\t\t\t<div class=\"elementor-widget-container\">\n\t\t\t\t\t\t\t\t\t<div class=\"elementor-button-wrapper\">\n\t\t\t\t\t<a class=\"elementor-button elementor-button-link elementor-size-sm\" href=\"https:\/\/bookings.sargamassavillas.com\/es\/?nights=4\" target=\"_blank\" rel=\"noopener\">\n\t\t\t\t\t\t<span class=\"elementor-button-content-wrapper\">\n\t\t\t\t\t\t\t\t\t<span class=\"elementor-button-text\">Reserva Ahora!<\/span>\n\t\t\t\t\t<\/span>\n\t\t\t\t\t<\/a>\n\t\t\t\t<\/div>\n\t\t\t\t\t\t\t\t<\/div>\n\t\t\t\t<\/div>\n\t\t\t\t\t<\/div>\n\t\t\t\t<\/div>\n\t\t\t\t<\/div>\n\t\t\t\t<\/div>\n\t\t<div class=\"elementor-element elementor-element-f810791 e-con-full e-flex e-con e-parent\" data-id=\"f810791\" data-element_type=\"container\" data-e-type=\"container\">\n\t\t<div class=\"elementor-element elementor-element-4e5667b e-con-full e-flex e-con e-child\" data-id=\"4e5667b\" data-element_type=\"container\" data-e-type=\"container\">\n\t\t\t\t<\/div>\n\t\t<div class=\"elementor-element elementor-element-2fcf9f3 e-con-full e-flex e-con e-child\" data-id=\"2fcf9f3\" data-element_type=\"container\" data-e-type=\"container\" data-settings=\"{&quot;background_background&quot;:&quot;classic&quot;}\">\n\t\t<div class=\"elementor-element elementor-element-f226092 e-flex e-con-boxed e-con e-child\" data-id=\"f226092\" data-element_type=\"container\" data-e-type=\"container\">\n\t\t\t\t\t<div class=\"e-con-inner\">\n\t\t\t\t<div class=\"elementor-element elementor-element-419a153 elementor-widget elementor-widget-heading\" data-id=\"419a153\" data-element_type=\"widget\" data-e-type=\"widget\" data-widget_type=\"heading.default\">\n\t\t\t\t<div class=\"elementor-widget-container\">\n\t\t\t\t\t<h4 class=\"elementor-heading-title elementor-size-default\">Playas<\/h4>\t\t\t\t<\/div>\n\t\t\t\t<\/div>\n\t\t\t\t<div class=\"elementor-element elementor-element-2928a23 elementor-widget elementor-widget-text-editor\" data-id=\"2928a23\" data-element_type=\"widget\" data-e-type=\"widget\" data-widget_type=\"text-editor.default\">\n\t\t\t\t<div class=\"elementor-widget-container\">\n\t\t\t\t\t\t\t\t\t<p>Ibiza cuenta con innumerables playas y calas en los que podr\u00e1s disfrutar del Mediterr\u00e1neo. Muy cerca de nuestro complejo encontrar\u00e1s preciosas calas como Cala de S\u2019Argamassa, Cala Pada o Cala Martina. No pierdas la oportunidad de conocer Cala Salada, Cala Conta, Cala Vadella, San Vicente o Cala Gracioneta, ba\u00f1adas por aguas turquesas.<\/p>\t\t\t\t\t\t\t\t<\/div>\n\t\t\t\t<\/div>\n\t\t\t\t\t<\/div>\n\t\t\t\t<\/div>\n\t\t\t\t<\/div>\n\t\t\t\t<\/div>\n\t\t<div class=\"elementor-element elementor-element-597422d e-con-full e-flex e-con e-parent\" data-id=\"597422d\" data-element_type=\"container\" data-e-type=\"container\">\n\t\t<div class=\"elementor-element elementor-element-c56cc90 e-con-full e-flex e-con e-child\" data-id=\"c56cc90\" data-element_type=\"container\" data-e-type=\"container\">\n\t\t\t\t<\/div>\n\t\t<div class=\"elementor-element elementor-element-cd3896a e-con-full e-flex e-con e-child\" data-id=\"cd3896a\" data-element_type=\"container\" data-e-type=\"container\" data-settings=\"{&quot;background_background&quot;:&quot;classic&quot;}\">\n\t\t<div class=\"elementor-element elementor-element-84a54f1 e-flex e-con-boxed e-con e-child\" data-id=\"84a54f1\" data-element_type=\"container\" data-e-type=\"container\">\n\t\t\t\t\t<div class=\"e-con-inner\">\n\t\t\t\t<div class=\"elementor-element elementor-element-6f4da64 elementor-widget elementor-widget-heading\" data-id=\"6f4da64\" data-element_type=\"widget\" data-e-type=\"widget\" data-widget_type=\"heading.default\">\n\t\t\t\t<div class=\"elementor-widget-container\">\n\t\t\t\t\t<h4 class=\"elementor-heading-title elementor-size-default\">Miradores<\/h4>\t\t\t\t<\/div>\n\t\t\t\t<\/div>\n\t\t\t\t<div class=\"elementor-element elementor-element-161a0d0 elementor-widget elementor-widget-text-editor\" data-id=\"161a0d0\" data-element_type=\"widget\" data-e-type=\"widget\" data-widget_type=\"text-editor.default\">\n\t\t\t\t<div class=\"elementor-widget-container\">\n\t\t\t\t\t\t\t\t\t<p>\u00bfQuieres guardar un fabuloso recuerdo de Ibiza? Te animamos a visitar alguno de estos miradores (\u00a1o todos!) que te permitir\u00e1n disfrutar de una experiencia ibicenca genuina. El Mirador del Rey Jaume I, frente a la Catedral de Ibiza, uno de los mejores lugares para disfrutar de una vista panor\u00e1mica de la ciudad. No podemos dejar de recomendarte el mirador de Sa Talaia, el punto m\u00e1s alto de la isla o el m\u00e1s cercano a S\u2019Argamassa Villas, el Mirador de Santa Eulalia, ubicado justo antes de llegar a la iglesia en Puig de Misa.<\/p>\t\t\t\t\t\t\t\t<\/div>\n\t\t\t\t<\/div>\n\t\t\t\t\t<\/div>\n\t\t\t\t<\/div>\n\t\t\t\t<\/div>\n\t\t\t\t<\/div>\n\t\t<div class=\"elementor-element elementor-element-de7c0e3 e-con-full e-flex e-con e-parent\" data-id=\"de7c0e3\" data-element_type=\"container\" data-e-type=\"container\">\n\t\t<div class=\"elementor-element elementor-element-32cad47 e-con-full e-flex e-con e-child\" data-id=\"32cad47\" data-element_type=\"container\" data-e-type=\"container\">\n\t\t\t\t<\/div>\n\t\t<div class=\"elementor-element elementor-element-ccc10c4 e-con-full e-flex e-con e-child\" data-id=\"ccc10c4\" data-element_type=\"container\" data-e-type=\"container\" data-settings=\"{&quot;background_background&quot;:&quot;classic&quot;}\">\n\t\t<div class=\"elementor-element elementor-element-e7ebd83 e-flex e-con-boxed e-con e-child\" data-id=\"e7ebd83\" data-element_type=\"container\" data-e-type=\"container\">\n\t\t\t\t\t<div class=\"e-con-inner\">\n\t\t\t\t<div class=\"elementor-element elementor-element-04cc925 elementor-widget elementor-widget-heading\" data-id=\"04cc925\" data-element_type=\"widget\" data-e-type=\"widget\" data-widget_type=\"heading.default\">\n\t\t\t\t<div class=\"elementor-widget-container\">\n\t\t\t\t\t<h4 class=\"elementor-heading-title elementor-size-default\">Shopping<\/h4>\t\t\t\t<\/div>\n\t\t\t\t<\/div>\n\t\t\t\t<div class=\"elementor-element elementor-element-1f64035 elementor-widget elementor-widget-text-editor\" data-id=\"1f64035\" data-element_type=\"widget\" data-e-type=\"widget\" data-widget_type=\"text-editor.default\">\n\t\t\t\t<div class=\"elementor-widget-container\">\n\t\t\t\t\t\t\t\t\t<p>Mercadillos en Ibiza. Muy cerca de S\u2019Argamassa Villas se encuentra el mercadillo de Es Canar, el primer mercadillo hippie de Ibiza. Otros que tambi\u00e9n merecen la pena una visita son el Mercadillo de las Dalias, con ambiente genuinamente hippie o la Feria Medieval de Ibiza que se celebra cada mes de mayo.<\/p>\t\t\t\t\t\t\t\t<\/div>\n\t\t\t\t<\/div>\n\t\t\t\t\t<\/div>\n\t\t\t\t<\/div>\n\t\t\t\t<\/div>\n\t\t\t\t<\/div>\n\t\t<div class=\"elementor-element elementor-element-f46ef9c e-con-full e-flex e-con e-parent\" data-id=\"f46ef9c\" data-element_type=\"container\" data-e-type=\"container\">\n\t\t<div class=\"elementor-element elementor-element-65ef813 e-con-full e-flex e-con e-child\" data-id=\"65ef813\" data-element_type=\"container\" data-e-type=\"container\">\n\t\t\t\t<\/div>\n\t\t<div class=\"elementor-element elementor-element-e602fce e-con-full e-flex e-con e-child\" data-id=\"e602fce\" data-element_type=\"container\" data-e-type=\"container\" data-settings=\"{&quot;background_background&quot;:&quot;classic&quot;}\">\n\t\t<div class=\"elementor-element elementor-element-99c9023 e-flex e-con-boxed e-con e-child\" data-id=\"99c9023\" data-element_type=\"container\" data-e-type=\"container\">\n\t\t\t\t\t<div class=\"e-con-inner\">\n\t\t\t\t<div class=\"elementor-element elementor-element-bd5ed58 elementor-widget elementor-widget-heading\" data-id=\"bd5ed58\" data-element_type=\"widget\" data-e-type=\"widget\" data-widget_type=\"heading.default\">\n\t\t\t\t<div class=\"elementor-widget-container\">\n\t\t\t\t\t<h4 class=\"elementor-heading-title elementor-size-default\">Beach Clubs<\/h4>\t\t\t\t<\/div>\n\t\t\t\t<\/div>\n\t\t\t\t<div class=\"elementor-element elementor-element-442f471 elementor-widget elementor-widget-text-editor\" data-id=\"442f471\" data-element_type=\"widget\" data-e-type=\"widget\" data-widget_type=\"text-editor.default\">\n\t\t\t\t<div class=\"elementor-widget-container\">\n\t\t\t\t\t\t\t\t\t<p>A escasos cinco minutos a pie de S\u2019Argamassa Villas encontrar\u00e1s el famoso beach club Nikki Beach, perfecto para disfrutar de un ambiente exclusivo con una excelente selecci\u00f3n musical. Tambi\u00e9n en el municipio de Santa Eularia encontrar\u00e1s Amante Beach Club, donde elegancia y tranquilidad son sus sellos de identidad.<\/p>\t\t\t\t\t\t\t\t<\/div>\n\t\t\t\t<\/div>\n\t\t\t\t\t<\/div>\n\t\t\t\t<\/div>\n\t\t\t\t<\/div>\n\t\t\t\t<\/div>\n\t\t<div class=\"elementor-element elementor-element-866b64e e-con-full e-flex e-con e-parent\" data-id=\"866b64e\" data-element_type=\"container\" data-e-type=\"container\">\n\t\t<div class=\"elementor-element elementor-element-7f71fa9 e-con-full e-flex e-con e-child\" data-id=\"7f71fa9\" data-element_type=\"container\" data-e-type=\"container\">\n\t\t\t\t<\/div>\n\t\t<div class=\"elementor-element elementor-element-f053f81 e-con-full e-flex e-con e-child\" data-id=\"f053f81\" data-element_type=\"container\" data-e-type=\"container\" data-settings=\"{&quot;background_background&quot;:&quot;classic&quot;}\">\n\t\t<div class=\"elementor-element elementor-element-611cffd e-con-full e-flex e-con e-child\" data-id=\"611cffd\" data-element_type=\"container\" data-e-type=\"container\">\n\t\t\t\t<div class=\"elementor-element elementor-element-f4552cc elementor-widget elementor-widget-heading\" data-id=\"f4552cc\" data-element_type=\"widget\" data-e-type=\"widget\" data-widget_type=\"heading.default\">\n\t\t\t\t<div class=\"elementor-widget-container\">\n\t\t\t\t\t<h4 class=\"elementor-heading-title elementor-size-default\">Deportes<\/h4>\t\t\t\t<\/div>\n\t\t\t\t<\/div>\n\t\t\t\t<div class=\"elementor-element elementor-element-8edcd16 elementor-widget elementor-widget-text-editor\" data-id=\"8edcd16\" data-element_type=\"widget\" data-e-type=\"widget\" data-widget_type=\"text-editor.default\">\n\t\t\t\t<div class=\"elementor-widget-container\">\n\t\t\t\t\t\t\t\t\t<p>Si eres un apasionado del deporte, aprovecha tu estancia en S\u2019Argamassa Villas para participar en la Ibiza Marathon, en cualquiera de sus dos modalidades de 42km o 12km y que se lleva a cabo cada mes de abril. Si la bicicleta es tu compa\u00f1era de viaje fiel, podr\u00e1s participar en la Vuelta a Ibiza en Mountain Bike BTT. El Ibiza Trail Marat\u00f3n recorre los lugares m\u00e1s m\u00e1gicos de Ibiza y distintos atletas internacionales de renombre la han convertido en una cita clave. Si eres un forofo de los deportes n\u00e1uticos, no te pierdas la cita m\u00e1s relevante: la Ruta de la Sal, que se ha convertido en la regata con m\u00e1s solera del Mediterr\u00e1neo.<\/p>\t\t\t\t\t\t\t\t<\/div>\n\t\t\t\t<\/div>\n\t\t\t\t<\/div>\n\t\t\t\t<\/div>\n\t\t\t\t<\/div>\n\t\t<div class=\"elementor-element elementor-element-6da8283 e-con-full e-flex e-con e-parent\" data-id=\"6da8283\" data-element_type=\"container\" data-e-type=\"container\">\n\t\t<div class=\"elementor-element elementor-element-7cf669d e-con-full e-flex e-con e-child\" data-id=\"7cf669d\" data-element_type=\"container\" data-e-type=\"container\">\n\t\t\t\t<\/div>\n\t\t<div class=\"elementor-element elementor-element-38ca185 e-con-full e-flex e-con e-child\" data-id=\"38ca185\" data-element_type=\"container\" data-e-type=\"container\" data-settings=\"{&quot;background_background&quot;:&quot;classic&quot;}\">\n\t\t<div class=\"elementor-element elementor-element-9384b5a e-flex e-con-boxed e-con e-child\" data-id=\"9384b5a\" data-element_type=\"container\" data-e-type=\"container\">\n\t\t\t\t\t<div class=\"e-con-inner\">\n\t\t\t\t<div class=\"elementor-element elementor-element-aa0f460 elementor-widget elementor-widget-heading\" data-id=\"aa0f460\" data-element_type=\"widget\" data-e-type=\"widget\" data-widget_type=\"heading.default\">\n\t\t\t\t<div class=\"elementor-widget-container\">\n\t\t\t\t\t<h4 class=\"elementor-heading-title elementor-size-default\">Road Trip<\/h4>\t\t\t\t<\/div>\n\t\t\t\t<\/div>\n\t\t\t\t<div class=\"elementor-element elementor-element-713768a elementor-widget elementor-widget-text-editor\" data-id=\"713768a\" data-element_type=\"widget\" data-e-type=\"widget\" data-widget_type=\"text-editor.default\">\n\t\t\t\t<div class=\"elementor-widget-container\">\n\t\t\t\t\t\t\t\t\t<p>Si has alquilado un coche durante tu estancia con nosotros, \u00bfpor qu\u00e9 no hacer un viaje por carretera por la isla y descubrir algunos rincones escondidos de Ibiza? Nos encanta el centro de la isla o su \u00abcoraz\u00f3n\u00bb, donde pueblos cosmopolitas como Santa Gertrudis albergan boutiques de moda, caf\u00e9s y restaurantes de moda. Conduce un poco m\u00e1s al noreste para disfrutar de un ambiente bohemio relajado en las playas de Benirras, Cala Xuclar y Cala Llenya, donde las puestas de sol y los bongos son un ritual.<\/p>\t\t\t\t\t\t\t\t<\/div>\n\t\t\t\t<\/div>\n\t\t\t\t\t<\/div>\n\t\t\t\t<\/div>\n\t\t\t\t<\/div>\n\t\t\t\t<\/div>\n\t\t<div class=\"elementor-element elementor-element-92d01e4 e-con-full e-flex e-con e-parent\" data-id=\"92d01e4\" data-element_type=\"container\" data-e-type=\"container\">\n\t\t<div class=\"elementor-element elementor-element-1329f48 e-con-full e-flex e-con e-child\" data-id=\"1329f48\" data-element_type=\"container\" data-e-type=\"container\">\n\t\t\t\t<\/div>\n\t\t<div class=\"elementor-element elementor-element-b433366 e-con-full e-flex e-con e-child\" data-id=\"b433366\" data-element_type=\"container\" data-e-type=\"container\" data-settings=\"{&quot;background_background&quot;:&quot;classic&quot;}\">\n\t\t<div class=\"elementor-element elementor-element-b6bf722 e-flex e-con-boxed e-con e-child\" data-id=\"b6bf722\" data-element_type=\"container\" data-e-type=\"container\">\n\t\t\t\t\t<div class=\"e-con-inner\">\n\t\t\t\t<div class=\"elementor-element elementor-element-4213dc8 elementor-widget elementor-widget-heading\" data-id=\"4213dc8\" data-element_type=\"widget\" data-e-type=\"widget\" data-widget_type=\"heading.default\">\n\t\t\t\t<div class=\"elementor-widget-container\">\n\t\t\t\t\t<h4 class=\"elementor-heading-title elementor-size-default\">Puertos Deportivos<\/h4>\t\t\t\t<\/div>\n\t\t\t\t<\/div>\n\t\t\t\t<div class=\"elementor-element elementor-element-d0b7425 elementor-widget elementor-widget-text-editor\" data-id=\"d0b7425\" data-element_type=\"widget\" data-e-type=\"widget\" data-widget_type=\"text-editor.default\">\n\t\t\t\t<div class=\"elementor-widget-container\">\n\t\t\t\t\t\t\t\t\t<p>A 10 minutos en coche de S\u2019Argamassa Villas encontrar\u00e1s la Marina de Santa Eulalia, un lugar para los apasionados del mundo n\u00e1utico y con una variada oferta de bares y restaurantes. Tambi\u00e9n recomendamos el Puerto Deportivo Marina Botafoch y el Puerto Ibiza Magna, ambos en la ciudad de Ibiza.<\/p>\t\t\t\t\t\t\t\t<\/div>\n\t\t\t\t<\/div>\n\t\t\t\t\t<\/div>\n\t\t\t\t<\/div>\n\t\t\t\t<\/div>\n\t\t\t\t<\/div>\n\t\t\t\t<\/div>\n\t\t","protected":false},"excerpt":{"rendered":"<p>La Isla de Ibiza Descubre todos los encantos de la Isla de Ibiza Pregunta a nuestro amable personal sobre las propuestas de ocio que tiene Ibiza durante tu estancia. Desde nuestro departamento de recepci\u00f3n podemos gestionarte entradas para eventos, conciertos o visitas guiadas. Estaremos encantados de ayudarte a descubrir los secretos de la isla de [&hellip;]<\/p>\n","protected":false},"author":1,"featured_media":0,"parent":0,"menu_order":0,"comment_status":"closed","ping_status":"closed","template":"elementor_header_footer","meta":{"footnotes":""},"class_list":["post-121","page","type-page","status-publish","hentry"],"_links":{"self":[{"href":"https:\/\/cabauhotels.com\/sargamassa-villas\/wp-json\/wp\/v2\/pages\/121","targetHints":{"allow":["GET"]}}],"collection":[{"href":"https:\/\/cabauhotels.com\/sargamassa-villas\/wp-json\/wp\/v2\/pages"}],"about":[{"href":"https:\/\/cabauhotels.com\/sargamassa-villas\/wp-json\/wp\/v2\/types\/page"}],"author":[{"embeddable":true,"href":"https:\/\/cabauhotels.com\/sargamassa-villas\/wp-json\/wp\/v2\/users\/1"}],"replies":[{"embeddable":true,"href":"https:\/\/cabauhotels.com\/sargamassa-villas\/wp-json\/wp\/v2\/comments?post=121"}],"version-history":[{"count":9,"href":"https:\/\/cabauhotels.com\/sargamassa-villas\/wp-json\/wp\/v2\/pages\/121\/revisions"}],"predecessor-version":[{"id":2597,"href":"https:\/\/cabauhotels.com\/sargamassa-villas\/wp-json\/wp\/v2\/pages\/121\/revisions\/2597"}],"wp:attachment":[{"href":"https:\/\/cabauhotels.com\/sargamassa-villas\/wp-json\/wp\/v2\/media?parent=121"}],"curies":[{"name":"wp","href":"https:\/\/api.w.org\/{rel}","templated":true}]}}