{"id":656,"date":"2023-10-03T08:12:53","date_gmt":"2023-10-03T08:12:53","guid":{"rendered":"https:\/\/cabauhotels.com\/sargamassa-stagi\/?page_id=656"},"modified":"2023-11-08T10:02:12","modified_gmt":"2023-11-08T09:02:12","slug":"condiciones-de-reserva","status":"publish","type":"page","link":"https:\/\/cabauhotels.com\/sargamassa-villas\/condiciones-de-reserva\/","title":{"rendered":"Condiciones de Reserva"},"content":{"rendered":"<h1>Condiciones de Reserva<\/h1>\n<h3><strong>CONDICIONES GENERALES DE CONTRATACI\u00d3N<\/strong><\/h3>\n<p>El titular de este sitio web es\u00a0<strong>Cabau Hotels S.L.<\/strong>\u00a0inscrita en el Registro Mercantil de Baleares Folio: 40, Tomo: 2622, Inscripci\u00f3n 1 con hoja PM-76806: PRIMERA Calle Quatre de Novembre, 5 &#8211; 07011 Palma- Baleares Tel. 971 47 99 77. La direcci\u00f3n de correo electr\u00f3nico de contacto es cabau@cabauhotels.com<\/p>\n<p>Estimado cliente,<\/p>\n<p>A trav\u00e9s de nuestro servicio de reservas on-line, Ud. est\u00e1 contratando una reserva de alojamiento tur\u00edstico, servicio sometido a las siguientes condiciones:<\/p>\n<h3><strong>CONDICIONES ESPEC\u00cdFICAS<\/strong><\/h3>\n<p>Los datos concretos que Ud. introduzca en el momento de hacer la reserva (hotel, n\u00ba de habitaciones, fecha de entrada, n\u00ba de noches, etc.) estar\u00e1n a su disposici\u00f3n en el bono que se genere. Revise cuidadosamente los detalles de su reserva antes de proceder a la confirmaci\u00f3n.<\/p>\n<p>Como norma general, el precio de la reserva incluye exclusivamente: alojamiento o alojamiento y desayuno. La disponibilidad y precio de las peticiones de servicios especiales tales como: necesidad de una cuna, cama supletoria, etc. que no hayan podido ser incluidos en el c\u00e1lculo de la reserva on-line, quedar\u00e1n pendientes de la confirmaci\u00f3n por parte del hotel, confirmaci\u00f3n que se realizar\u00e1 por tel\u00e9fono o v\u00eda e-mail al cliente.<\/p>\n<h3><strong>CONDICIONES GENERALES QUE EL CLIENTE DECLARA Y ACEPTA<\/strong><\/h3>\n<p>Este servicio est\u00e1 dirigido \u00fanica y exclusivamente a mayores de edad con la capacidad legal necesaria para contratar los servicios ofertados en esta p\u00e1gina web. Manifestando el usuario que conoce y acepta expresamente las presentes condiciones.<\/p>\n<p>A la llegada al hotel deber\u00e1 hacer entrega en recepci\u00f3n del bono correspondiente a su reserva on-line.<\/p>\n<p>El c\u00e1lculo total y final de la reserva incluye el I.V.A. salvo que no se incluya expresamente. Cualquier otra tasa o impuesto que afecte a su precio final se liquidar\u00e1 adicionalmente en el establecimiento hotelero.<\/p>\n<p>Como norma general y salvo que expresamente se pacte otra cosa, las habitaciones podr\u00e1n ser utilizadas a partir de las 15:00 horas del d\u00eda de llegada y deber\u00e1n quedar libres antes de las 12:00 horas del d\u00eda de salida. La reserva estar\u00e1 garantizada hasta las 18:00 horas del d\u00eda de llegada por lo que, en el supuesto de que el usuario prevea su llegada al hotel en horas distintas a las rese\u00f1adas ser\u00e1 conveniente comunicar con la mayor anticipaci\u00f3n posible tal circunstancia.<\/p>\n<h3><strong>CANCELACI\u00d3N DE LA RESERVA<\/strong><\/h3>\n<p>La reserva efectuada podr\u00e1 cancelarse v\u00eda correo electr\u00f3nico a\u00a0<strong>director@sargamassavillas.com<\/strong>\u00a0indicando siempre el n\u00famero de referencia.<\/p>\n<h4><strong>Pol\u00edtica de cancelaci\u00f3n<\/strong><\/h4>\n<ul>\n<li style=\"list-style-type: none;\">\n<ul>\n<li>Tarifa Flex:<br \/>\nSe permiten modificaciones y cancelaciones hasta 72 horas antes de la llegada al hotel. Si cancela dentro de las 72h previas, se le cargar\u00e1 el importe de la primera noche.<\/li>\n<\/ul>\n<\/li>\n<\/ul>\n<ul>\n<li style=\"list-style-type: none;\">\n<ul>\n<li>Tarifa \u00d3ptima:<br \/>\nPago anticipado de 1 noche. No reembolsable. No se permiten modificaciones ni cancelaciones.<\/li>\n<\/ul>\n<\/li>\n<\/ul>\n<ul>\n<li style=\"list-style-type: none;\">\n<ul>\n<li>En caso de no presentarse (no show) se cargar\u00e1 en la tarjeta facilitada el importe de la primera noche de la estancia.<\/li>\n<\/ul>\n<\/li>\n<\/ul>\n<ul>\n<li style=\"list-style-type: none;\">\n<ul>\n<li>En caso de salida imprevista, se cargar\u00e1 en la tarjeta facilitada el 100% del importe de la estancia pendiente.<\/li>\n<\/ul>\n<\/li>\n<\/ul>\n<p>Los gastos bancarios generados por anulaciones de reservas ir\u00e1n a cuenta del cliente. En todo caso se remitir\u00e1 la correspondiente factura a la direcci\u00f3n manifestada por el cliente al registrarse.<\/p>\n<p>Las\u00a0<strong>reservas con mejor precio disponible corresponden a la Tarifa \u00d3ptima (no reembolsable)<\/strong>. En caso de cancelaci\u00f3n o de no presentarse no se reembolsar\u00e1 el importe de la primera noche de la estancia.<\/p>\n<p>Modificaci\u00f3n de la reserva. La reserva efectuada podr\u00e1 modificarse, en un momento posterior, v\u00eda correo electr\u00f3nico a\u00a0<strong>director@sargamassavillas.com<\/strong>\u00a0indicando siempre el n\u00famero de referencia. El \u00e9xito de la modificaci\u00f3n depender\u00e1 de la disponibilidad de\u00a0<strong>S\u2019Argamassa Villas<\/strong>\u00a0en el momento de la petici\u00f3n.<\/p>\n<p>Las ofertas ser\u00e1n v\u00e1lidas \u00fanicamente durante el periodo fijado por\u00a0<strong>S\u2019Argamassa Villas<\/strong>\u00a0en la publicidad, o en su defecto, durante el tiempo en que sean accesibles a los clientes para su contrataci\u00f3n efectiva.<\/p>\n<h3><strong>DERECHOS DEL CLIENTE<\/strong><\/h3>\n<p>Toda la informaci\u00f3n proporcionada al cliente tendr\u00e1 el car\u00e1cter de vinculante para el oferente en los t\u00e9rminos establecidos por la legislaci\u00f3n protectora de los consumidores.<\/p>\n<p>Todo usuario de los servicios tur\u00edsticos tiene derecho a que los bienes y los servicios que adquiera sean de la categor\u00eda y requerimientos legales contratados o de aquella calidad que guarde proporci\u00f3n directa con la categor\u00eda del establecimiento tur\u00edstico.<\/p>\n<p>Todos los establecimientos tienen la obligaci\u00f3n de tener a disposici\u00f3n del cliente el libro de reclamaciones donde hacer constar sus quejas. Para formular una queja, solicite estas hojas, rellene con sus datos personales e indique claramente el motivo de la queja.<\/p>\n<h3><strong>DEBERES DEL CLIENTE<\/strong><\/h3>\n<p>En el disfrute de los servicios tur\u00edsticos contratados, todo usuario tiene las siguientes obligaciones:<\/p>\n<ul>\n<li style=\"list-style-type: none;\">\n<ul>\n<li>Pagar el precio de los servicios contratados, sin que la presentaci\u00f3n de una queja o reclamaci\u00f3n le exima de esta obligaci\u00f3n.<\/li>\n<\/ul>\n<\/li>\n<\/ul>\n<ul>\n<li style=\"list-style-type: none;\">\n<ul>\n<li>Cumplir las normas particulares del establecimiento hotelero de cuyos servicios disfrute.<\/li>\n<\/ul>\n<\/li>\n<\/ul>\n<ul>\n<li style=\"list-style-type: none;\">\n<ul>\n<li>Observar las normas de higiene, educaci\u00f3n y buenas costumbres hacia el resto de los usuarios y del personal del establecimiento hotelero que le preste su servicio.<\/li>\n<\/ul>\n<\/li>\n<\/ul>\n<ul>\n<li style=\"list-style-type: none;\">\n<ul>\n<li>Respetar el entorno medioambiental.<\/li>\n<\/ul>\n<\/li>\n<\/ul>\n<p><strong>S\u2019Argamassa Villas<\/strong>\u00a0se reserva el derecho a realizar las modificaciones que considere oportunas de las condiciones expuestas. El cliente acepta que la legislaci\u00f3n aplicable al funcionamiento de este servicio es la espa\u00f1ola y se somete a la Jurisdicci\u00f3n y Tribunales de las Islas Baleares para la resoluci\u00f3n de los conflictos derivados de la interpretaci\u00f3n y aplicaci\u00f3n del presente contrato.<\/p>\n","protected":false},"excerpt":{"rendered":"<p>Condiciones de Reserva CONDICIONES GENERALES DE CONTRATACI\u00d3N El titular de este sitio web es\u00a0Cabau Hotels S.L.\u00a0inscrita en el Registro Mercantil de Baleares Folio: 40, Tomo: 2622, Inscripci\u00f3n 1 con hoja PM-76806: PRIMERA Calle Quatre de Novembre, 5 &#8211; 07011 Palma- Baleares Tel. 971 47 99 77. La direcci\u00f3n de correo electr\u00f3nico de contacto es cabau@cabauhotels.com [&hellip;]<\/p>\n","protected":false},"author":1,"featured_media":0,"parent":0,"menu_order":0,"comment_status":"closed","ping_status":"closed","template":"","meta":{"footnotes":""},"class_list":["post-656","page","type-page","status-publish","hentry"],"_links":{"self":[{"href":"https:\/\/cabauhotels.com\/sargamassa-villas\/wp-json\/wp\/v2\/pages\/656","targetHints":{"allow":["GET"]}}],"collection":[{"href":"https:\/\/cabauhotels.com\/sargamassa-villas\/wp-json\/wp\/v2\/pages"}],"about":[{"href":"https:\/\/cabauhotels.com\/sargamassa-villas\/wp-json\/wp\/v2\/types\/page"}],"author":[{"embeddable":true,"href":"https:\/\/cabauhotels.com\/sargamassa-villas\/wp-json\/wp\/v2\/users\/1"}],"replies":[{"embeddable":true,"href":"https:\/\/cabauhotels.com\/sargamassa-villas\/wp-json\/wp\/v2\/comments?post=656"}],"version-history":[{"count":0,"href":"https:\/\/cabauhotels.com\/sargamassa-villas\/wp-json\/wp\/v2\/pages\/656\/revisions"}],"wp:attachment":[{"href":"https:\/\/cabauhotels.com\/sargamassa-villas\/wp-json\/wp\/v2\/media?parent=656"}],"curies":[{"name":"wp","href":"https:\/\/api.w.org\/{rel}","templated":true}]}}